{"id":21105,"date":"2021-11-30T08:25:14","date_gmt":"2021-11-30T08:25:14","guid":{"rendered":"https:\/\/www.speedmodels.ch\/produkte\/unkategorisiert\/orastick-entoilage-autocollant-fun-1\/"},"modified":"2025-11-17T14:36:37","modified_gmt":"2025-11-17T14:36:37","slug":"orastick-entoilage-autocollant-fun-1","status":"publish","type":"product","link":"https:\/\/www.speedmodels.ch\/fr\/produits\/film-couverture-decor\/orastick-film-autocollant\/orastick-entoilage-autocollant-fun-1\/","title":{"rendered":"Orastick entoilage autocollant Fun 1"},"content":{"rendered":"<p>Orastick entoilage autocollant Fun 1<\/p>\n<p>largeur: 60cm \u2013 longueur rouleau \u00e0 2 et 10 m\u00e8tres<\/p>\n<div class=\"panel-heading\">\n<h3 class=\"panel-title\">Description<\/h3>\n<\/div>\n<div class=\"panel-body\">\n<div>\n<p><b>ORASTICK<sup>\u00ae<\/sup> FUN 1 pour des designs des mod\u00e8les originaux<\/b> et dynamique avec les points noirs avec un diam\u00e8tre de 16 mm.<\/p>\n<p>ORASTICK<sup>\u00ae<\/sup> FUN et un entoilage bicolore dont le d\u00e9cor est indestructible gr\u00e2ce \u00e0 sa couche de polyester, qui est aussi r\u00e9sistante \u00e0 toutes sortes de solvants, d\u00e9tergents ou carburants. ORASTICK<sup>\u00ae<\/sup> FUN ont les m\u00eames qualit\u00e9s que l&rsquo;ORASTICK<sup>\u00ae<\/sup>.<\/p>\n<p><strong>Veuillez noter les instructions de traitement &#8211; Downloads pour cet article<\/strong>: \u2022 <a href=\"https:\/\/www.oracover.de\/downloads\/viewcat\/1\/anleitungen\" target=\"_blank\" rel=\"noopener\"><u>mode d&#8217;emploie<\/u><\/a><\/p>\n<\/div>\n<\/div>\n<p>&nbsp;<\/p>\n<table style=\"height: 3678px;\" width=\"1079\">\n<tbody>\n<tr>\n<td width=\"120\"><em>No de commande:<\/em><\/td>\n<td width=\"330\"><em>d\u00e9scription &#8211; largeur &#8211; longueur<\/em><\/td>\n<td width=\"203\"><em>couleur<\/em><\/td>\n<\/tr>\n<tr>\n<td>O-45-010-071-002<\/td>\n<td>ORASTICK entoilage autocollant FUN 1 &#8211; largeur: 60 cm &#8211; longueur: 2 m<\/td>\n<td>blanc &#8211; noir<\/td>\n<\/tr>\n<tr>\n<td>O-45-010-071-010<\/td>\n<td>ORASTICK entoilage autocollant FUN 1 &#8211; largeur: 60 cm &#8211; longueur: 10 m<\/td>\n<td>blanc &#8211; noir<\/td>\n<\/tr>\n<tr>\n<td>O-45-010-091-002<\/td>\n<td>ORASTICK entoilage autocollant FUN 1 &#8211; largeur: 60 cm &#8211; longueur: 2 m<\/td>\n<td>blanc &#8211; argent<\/td>\n<\/tr>\n<tr>\n<td>O-45-010-091-010<\/td>\n<td>ORASTICK entoilage autocollant FUN 1 &#8211; largeur: 60 cm &#8211; longueur: 10 m<\/td>\n<td>blanc &#8211; argent<\/td>\n<\/tr>\n<tr>\n<td>O-45-014-071-002<\/td>\n<td>ORASTICK entoilage autocollant FUN 1 &#8211; largeur: 60 cm &#8211; longueur: 2 m<\/td>\n<td>fluor. rose vif fluo &#8211; noir<\/td>\n<\/tr>\n<tr>\n<td>O-45-014-071-010<\/td>\n<td>ORASTICK entoilage autocollant FUN 1 &#8211; largeur: 60 cm &#8211; longueur: 10 m<\/td>\n<td>fluor. rose vif fluo &#8211; noir<\/td>\n<\/tr>\n<tr>\n<td>O-45-014-091-002<\/td>\n<td>ORASTICK entoilage autocollant FUN 1 &#8211; largeur: 60 cm &#8211; longueur: 2 m<\/td>\n<td>fluor. rose vif fluo &#8211; argent<\/td>\n<\/tr>\n<tr>\n<td>O-45-014-091-010<\/td>\n<td>ORASTICK entoilage autocollant FUN 1 &#8211; largeur: 60 cm &#8211; longueur: 10 m<\/td>\n<td>fluor. rose vif fluo &#8211; argent<\/td>\n<\/tr>\n<tr>\n<td>O-45-015-071-002<\/td>\n<td>ORASTICK entoilage autocollant FUN 1 &#8211; largeur: 60 cm &#8211; longueur: 2 m<\/td>\n<td>fluor. violet &#8211; noir<\/td>\n<\/tr>\n<tr>\n<td>O-45-015-071-010<\/td>\n<td>ORASTICK entoilage autocollant FUN 1 &#8211; largeur: 60 cm &#8211; longueur: 10 m<\/td>\n<td>fluor. violet &#8211; noir<\/td>\n<\/tr>\n<tr>\n<td>O-45-015-091-002<\/td>\n<td>ORASTICK entoilage autocollant FUN 1 &#8211; largeur: 60 cm &#8211; longueur: 2 m<\/td>\n<td>fluor. violet &#8211; argent<\/td>\n<\/tr>\n<tr>\n<td>O-45-015-091-010<\/td>\n<td>ORASTICK entoilage autocollant FUN 1 &#8211; largeur: 60 cm &#8211; longueur: 10 m<\/td>\n<td>fluor. violet &#8211; argent<\/td>\n<\/tr>\n<tr>\n<td>O-45-017-071-002<\/td>\n<td>ORASTICK entoilage autocollant FUN 1 &#8211; largeur: 60 cm &#8211; longueur: 2 m<\/td>\n<td>turquoise &#8211; noir<\/td>\n<\/tr>\n<tr>\n<td>O-45-017-071-010<\/td>\n<td>ORASTICK entoilage autocollant FUN 1 &#8211; largeur: 60 cm &#8211; longueur: 10 m<\/td>\n<td>turquoise &#8211; noir<\/td>\n<\/tr>\n<tr>\n<td>O-45-017-091-002<\/td>\n<td>ORASTICK entoilage autocollant FUN 1 &#8211; largeur: 60 cm &#8211; longueur: 2 m<\/td>\n<td>turquoise &#8211; argent<\/td>\n<\/tr>\n<tr>\n<td>O-45-017-091-010<\/td>\n<td>ORASTICK entoilage autocollant FUN 1 &#8211; largeur: 60 cm &#8211; longueur: 10 m<\/td>\n<td>turquoise &#8211; argent<\/td>\n<\/tr>\n<tr>\n<td>O-45-021-071-002<\/td>\n<td>ORASTICK entoilage autocollant FUN 1 &#8211; largeur: 60 cm &#8211; longueur: 2 m<\/td>\n<td>fluor. rouge &#8211; noir<\/td>\n<\/tr>\n<tr>\n<td>O-45-021-071-010<\/td>\n<td>ORASTICK entoilage autocollant FUN 1 &#8211; largeur: 60 cm &#8211; longueur: 10 m<\/td>\n<td>fluor. rouge &#8211; noir<\/td>\n<\/tr>\n<tr>\n<td>O-45-021-091-002<\/td>\n<td>ORASTICK entoilage autocollant FUN 1 &#8211; largeur: 60 cm &#8211; longueur: 2 m<\/td>\n<td>fluor. rouge &#8211; argent<\/td>\n<\/tr>\n<tr>\n<td>O-45-021-091-010<\/td>\n<td>ORASTICK entoilage autocollant FUN 1 &#8211; largeur: 60 cm &#8211; longueur: 10 m<\/td>\n<td>fluor. rouge &#8211; argent<\/td>\n<\/tr>\n<tr>\n<td>O-45-022-071-002<\/td>\n<td>ORASTICK entoilage autocollant FUN 1 &#8211; largeur: 60 cm &#8211; longueur: 2 m<\/td>\n<td>rouge claire &#8211; noir<\/td>\n<\/tr>\n<tr>\n<td>O-45-022-071-010<\/td>\n<td>ORASTICK entoilage autocollant FUN 1 &#8211; largeur: 60 cm &#8211; longueur: 10 m<\/td>\n<td>rouge claire &#8211; noir<\/td>\n<\/tr>\n<tr>\n<td>O-45-022-091-002<\/td>\n<td>ORASTICK entoilage autocollant FUN 1 &#8211; largeur: 60 cm &#8211; longueur: 2 m<\/td>\n<td>rouge claire &#8211; argent<\/td>\n<\/tr>\n<tr>\n<td>O-45-022-091-010<\/td>\n<td>ORASTICK entoilage autocollant FUN 1 &#8211; largeur: 60 cm &#8211; longueur: 10 m<\/td>\n<td>rouge claire &#8211; argent<\/td>\n<\/tr>\n<tr>\n<td>O-45-023-071-002<\/td>\n<td>ORASTICK entoilage autocollant FUN 1 &#8211; largeur: 60 cm &#8211; longueur: 2 m<\/td>\n<td>rouge vif &#8211; noir<\/td>\n<\/tr>\n<tr>\n<td>O-45-023-071-010<\/td>\n<td>ORASTICK entoilage autocollant FUN 1 &#8211; largeur: 60 cm &#8211; longueur: 10 m<\/td>\n<td>rouge vif &#8211; noir<\/td>\n<\/tr>\n<tr>\n<td>O-45-023-091-002<\/td>\n<td>ORASTICK entoilage autocollant FUN 1 &#8211; largeur: 60 cm &#8211; longueur: 2 m<\/td>\n<td>rouge vif &#8211; argent<\/td>\n<\/tr>\n<tr>\n<td>O-45-023-091-010<\/td>\n<td>ORASTICK entoilage autocollant FUN 1 &#8211; largeur: 60 cm &#8211; longueur: 10 m<\/td>\n<td>rouge vif &#8211; argent<\/td>\n<\/tr>\n<tr>\n<td>O-45-030-071-002<\/td>\n<td>ORASTICK entoilage autocollant FUN 1 &#8211; largeur: 60 cm &#8211; longueur: 2 m<\/td>\n<td>jaune cup &#8211; noir<\/td>\n<\/tr>\n<tr>\n<td>O-45-030-071-010<\/td>\n<td>ORASTICK entoilage autocollant FUN 1 &#8211; largeur: 60 cm &#8211; longueur: 10 m<\/td>\n<td>jaune cup &#8211; noir<\/td>\n<\/tr>\n<tr>\n<td>O-45-030-091-002<\/td>\n<td>ORASTICK entoilage autocollant FUN 1 &#8211; largeur: 60 cm &#8211; longueur: 2 m<\/td>\n<td>jaune cup &#8211; argent<\/td>\n<\/tr>\n<tr>\n<td>O-45-030-091-010<\/td>\n<td>ORASTICK entoilage autocollant FUN 1 &#8211; largeur: 60 cm &#8211; longueur: 10 m<\/td>\n<td>jaune cup &#8211; argent<\/td>\n<\/tr>\n<tr>\n<td>O-45-031-071-002<\/td>\n<td>ORASTICK entoilage autocollant FUN 1 &#8211; largeur: 60 cm &#8211; longueur: 2 m<\/td>\n<td>fluor. jaune &#8211; noir<\/td>\n<\/tr>\n<tr>\n<td>O-45-031-071-010<\/td>\n<td>ORASTICK entoilage autocollant FUN 1 &#8211; largeur: 60 cm &#8211; longueur: 10 m<\/td>\n<td>fluor. jaune &#8211; noir<\/td>\n<\/tr>\n<tr>\n<td>O-45-031-091-002<\/td>\n<td>ORASTICK entoilage autocollant FUN 1 &#8211; largeur: 60 cm &#8211; longueur: 2 m<\/td>\n<td>fluor. jaune &#8211; argent<\/td>\n<\/tr>\n<tr>\n<td>O-45-031-091-010<\/td>\n<td>ORASTICK entoilage autocollant FUN 1 &#8211; largeur: 60 cm &#8211; longueur: 10 m<\/td>\n<td>fluor. jaune &#8211; argent<\/td>\n<\/tr>\n<tr>\n<td>O-45-033-071-002<\/td>\n<td>ORASTICK entoilage autocollant FUN 1 &#8211; largeur: 60 cm &#8211; longueur: 2 m<\/td>\n<td>jaune cadmium &#8211; noir<\/td>\n<\/tr>\n<tr>\n<td>O-45-033-071-010<\/td>\n<td>ORASTICK entoilage autocollant FUN 1 &#8211; largeur: 60 cm &#8211; longueur: 10 m<\/td>\n<td>jaune cadmium &#8211; noir<\/td>\n<\/tr>\n<tr>\n<td>O-45-033-091-002<\/td>\n<td>ORASTICK entoilage autocollant FUN 1 &#8211; largeur: 60 cm &#8211; longueur: 2 m<\/td>\n<td>jaune cadmium &#8211; argent<\/td>\n<\/tr>\n<tr>\n<td>O-45-033-091-010<\/td>\n<td>ORASTICK entoilage autocollant FUN 1 &#8211; largeur: 60 cm &#8211; longueur: 10 m<\/td>\n<td>jaune cadmium &#8211; argent<\/td>\n<\/tr>\n<tr>\n<td>O-45-041-071-002<\/td>\n<td>ORASTICK entoilage autocollant FUN 1 &#8211; largeur: 60 cm &#8211; longueur: 2 m<\/td>\n<td>fluor. vert &#8211; noir<\/td>\n<\/tr>\n<tr>\n<td>O-45-041-071-010<\/td>\n<td>ORASTICK entoilage autocollant FUN 1 &#8211; largeur: 60 cm &#8211; longueur: 10 m<\/td>\n<td>fluor. vert &#8211; noir<\/td>\n<\/tr>\n<tr>\n<td>O-45-041-091-002<\/td>\n<td>ORASTICK entoilage autocollant FUN 1 &#8211; largeur: 60 cm &#8211; longueur: 2 m<\/td>\n<td>fluor. vert &#8211; argent<\/td>\n<\/tr>\n<tr>\n<td>O-45-041-091-010<\/td>\n<td>ORASTICK entoilage autocollant FUN 1 &#8211; largeur: 60 cm &#8211; longueur: 10 m<\/td>\n<td>fluor. vert &#8211; argent<\/td>\n<\/tr>\n<tr>\n<td>O-45-051-071-002<\/td>\n<td>ORASTICK entoilage autocollant FUN 1 &#8211; largeur: 60 cm &#8211; longueur: 2 m<\/td>\n<td>fluor. bleu &#8211; noir<\/td>\n<\/tr>\n<tr>\n<td>O-45-051-071-010<\/td>\n<td>ORASTICK entoilage autocollant FUN 1 &#8211; largeur: 60 cm &#8211; longueur: 10 m<\/td>\n<td>fluor. bleu &#8211; noir<\/td>\n<\/tr>\n<tr>\n<td>O-45-051-091-002<\/td>\n<td>ORASTICK entoilage autocollant FUN 1 &#8211; largeur: 60 cm &#8211; longueur: 2 m<\/td>\n<td>fluor. bleu &#8211; argent<\/td>\n<\/tr>\n<tr>\n<td>O-45-051-091-010<\/td>\n<td>ORASTICK entoilage autocollant FUN 1 &#8211; largeur: 60 cm &#8211; longueur: 10 m<\/td>\n<td>fluor. bleu &#8211; argent<\/td>\n<\/tr>\n<tr>\n<td>O-45-053-071-002<\/td>\n<td>ORASTICK entoilage autocollant FUN 1 &#8211; largeur: 60 cm &#8211; longueur: 2 m<\/td>\n<td>bleu claire &#8211; noir<\/td>\n<\/tr>\n<tr>\n<td>O-45-053-071-010<\/td>\n<td>ORASTICK entoilage autocollant FUN 1 &#8211; largeur: 60 cm &#8211; longueur: 10 m<\/td>\n<td>bleu claire &#8211; noir<\/td>\n<\/tr>\n<tr>\n<td>O-45-053-091-002<\/td>\n<td>ORASTICK entoilage autocollant FUN 1 &#8211; largeur: 60 cm &#8211; longueur: 2 m<\/td>\n<td>bleu claire &#8211; argent<\/td>\n<\/tr>\n<tr>\n<td>O-45-053-091-010<\/td>\n<td>ORASTICK entoilage autocollant FUN 1 &#8211; largeur: 60 cm &#8211; longueur: 10 m<\/td>\n<td>bleu claire &#8211; argent<\/td>\n<\/tr>\n<tr>\n<td>O-45-054-071-002<\/td>\n<td>ORASTICK entoilage autocollant FUN 1 &#8211; largeur: 60 cm &#8211; longueur: 2 m<\/td>\n<td>violet &#8211; noir<\/td>\n<\/tr>\n<tr>\n<td>O-45-054-071-010<\/td>\n<td>ORASTICK entoilage autocollant FUN 1 &#8211; largeur: 60 cm &#8211; longueur: 10 m<\/td>\n<td>violet &#8211; noir<\/td>\n<\/tr>\n<tr>\n<td><\/td>\n<td><\/td>\n<td><\/td>\n<\/tr>\n<tr>\n<td><\/td>\n<td><\/td>\n<td><\/td>\n<\/tr>\n<tr>\n<td>O-45-055-071-002<\/td>\n<td>ORASTICK entoilage autocollant FUN 1 &#8211; largeur: 60 cm &#8211; longueur: 2 m<\/td>\n<td>lilas &#8211; noir<\/td>\n<\/tr>\n<tr>\n<td>O-45-055-071-010<\/td>\n<td>ORASTICK entoilage autocollant FUN 1 &#8211; largeur: 60 cm &#8211; longueur: 10 m<\/td>\n<td>lilas &#8211; noir<\/td>\n<\/tr>\n<tr>\n<td>O-45-055-091-002<\/td>\n<td>ORASTICK entoilage autocollant FUN 1 &#8211; largeur: 60 cm &#8211; longueur: 2 m<\/td>\n<td>lilas &#8211; argent<\/td>\n<\/tr>\n<tr>\n<td>O-45-055-091-010<\/td>\n<td>ORASTICK entoilage autocollant FUN 1 &#8211; largeur: 60 cm &#8211; longueur: 10 m<\/td>\n<td>lilas &#8211; argent<\/td>\n<\/tr>\n<tr>\n<td>O-45-064-071-002<\/td>\n<td>ORASTICK entoilage autocollant FUN 1 &#8211; largeur: 60 cm &#8211; longueur: 2 m<\/td>\n<td>fluor. orange &#8211; noir<\/td>\n<\/tr>\n<tr>\n<td>O-45-064-071-010<\/td>\n<td>ORASTICK entoilage autocollant FUN 1 &#8211; largeur: 60 cm &#8211; longueur: 10 m<\/td>\n<td>fluor. orange &#8211; noir<\/td>\n<\/tr>\n<tr>\n<td>O-45-064-091-002<\/td>\n<td>ORASTICK entoilage autocollant FUN 1 &#8211; largeur: 60 cm &#8211; longueur: 2 m<\/td>\n<td>fluor. orange &#8211; argent<\/td>\n<\/tr>\n<tr>\n<td>O-45-064-091-010<\/td>\n<td>ORASTICK entoilage autocollant FUN 1 &#8211; largeur: 60 cm &#8211; longueur: 10 m<\/td>\n<td>fluor. orange &#8211; argent<\/td>\n<\/tr>\n<tr>\n<td>O-45-071-091-002<\/td>\n<td>ORASTICK entoilage autocollant FUN 1 &#8211; largeur: 60 cm &#8211; longueur: 2 m<\/td>\n<td>noir &#8211; argent<\/td>\n<\/tr>\n<tr>\n<td>O-45-071-091-010<\/td>\n<td>ORASTICK entoilage autocollant FUN 1 &#8211; largeur: 60 cm &#8211; longueur: 10 m<\/td>\n<td>noir &#8211; argent<\/td>\n<\/tr>\n<tr>\n<td>O-45-091-071-002<\/td>\n<td>ORASTICK entoilage autocollant FUN 1 &#8211; largeur: 60 cm &#8211; longueur: 2 m<\/td>\n<td>argent &#8211; noir<\/td>\n<\/tr>\n<tr>\n<td>O-45-091-071-010<\/td>\n<td>ORASTICK entoilage autocollant FUN 1 &#8211; largeur: 60 cm &#8211; longueur: 10 m<\/td>\n<td>argent &#8211; noir<\/td>\n<\/tr>\n<\/tbody>\n<\/table>\n<div style=\"text-align:left\" class=\"wps-pgfw-pdf-generate-icon__wrapper-frontend\">\n\t\t<a href=\"https:\/\/www.speedmodels.ch\/fr\/wp-json\/wp\/v2\/product\/21105\/?action=genpdf&amp;id=21105\" class=\"pgfw-single-pdf-download-button\" target=_blank><img src=\"https:\/\/speedmodels.ch\/wp-content\/uploads\/2021\/09\/pdf_icon.png\" title=\"G\u00e9n\u00e9rer un PDF\" style=\"width:auto; height:45px;\"><\/a>\n\t\t<\/div>","protected":false},"excerpt":{"rendered":"<p>Orastick entoilage autocollant Fun 1 largeur: 60cm \u2013 longueur rouleau \u00e0 2 et 10 m\u00e8tres Description ORASTICK\u00ae FUN 1 pour des designs des mod\u00e8les originaux et dynamique avec les points noirs avec un diam\u00e8tre de 16 mm. ORASTICK\u00ae FUN et un entoilage bicolore dont le d\u00e9cor est indestructible gr\u00e2ce \u00e0 sa couche de polyester, qui [&hellip;]<\/p>\n","protected":false},"featured_media":9882,"template":"","meta":[],"product_brand":[],"product_cat":[1846],"product_tag":[],"class_list":{"0":"post-21105","1":"product","2":"type-product","3":"status-publish","4":"has-post-thumbnail","6":"product_cat-orastick-film-autocollant","8":"first","9":"instock","10":"shipping-taxable","11":"product-type-simple"},"_links":{"self":[{"href":"https:\/\/www.speedmodels.ch\/fr\/wp-json\/wp\/v2\/product\/21105","targetHints":{"allow":["GET"]}}],"collection":[{"href":"https:\/\/www.speedmodels.ch\/fr\/wp-json\/wp\/v2\/product"}],"about":[{"href":"https:\/\/www.speedmodels.ch\/fr\/wp-json\/wp\/v2\/types\/product"}],"version-history":[{"count":2,"href":"https:\/\/www.speedmodels.ch\/fr\/wp-json\/wp\/v2\/product\/21105\/revisions"}],"predecessor-version":[{"id":32803,"href":"https:\/\/www.speedmodels.ch\/fr\/wp-json\/wp\/v2\/product\/21105\/revisions\/32803"}],"wp:featuredmedia":[{"embeddable":true,"href":"https:\/\/www.speedmodels.ch\/fr\/wp-json\/wp\/v2\/media\/9882"}],"wp:attachment":[{"href":"https:\/\/www.speedmodels.ch\/fr\/wp-json\/wp\/v2\/media?parent=21105"}],"wp:term":[{"taxonomy":"product_brand","embeddable":true,"href":"https:\/\/www.speedmodels.ch\/fr\/wp-json\/wp\/v2\/product_brand?post=21105"},{"taxonomy":"product_cat","embeddable":true,"href":"https:\/\/www.speedmodels.ch\/fr\/wp-json\/wp\/v2\/product_cat?post=21105"},{"taxonomy":"product_tag","embeddable":true,"href":"https:\/\/www.speedmodels.ch\/fr\/wp-json\/wp\/v2\/product_tag?post=21105"}],"curies":[{"name":"wp","href":"https:\/\/api.w.org\/{rel}","templated":true}]}}