{"id":21100,"date":"2021-11-30T08:14:12","date_gmt":"2021-11-30T08:14:12","guid":{"rendered":"https:\/\/www.speedmodels.ch\/produkte\/unkategorisiert\/orastick-entoilage-autocollant-transparent-2m\/"},"modified":"2025-06-19T11:25:24","modified_gmt":"2025-06-19T11:25:24","slug":"orastick-entoilage-autocollant-transparent-2m","status":"publish","type":"product","link":"https:\/\/www.speedmodels.ch\/fr\/produits\/film-couverture-decor\/orastick-film-autocollant\/orastick-entoilage-autocollant-transparent-2m\/","title":{"rendered":"Orastick entoilage autocollant transparent (incolore) 2m"},"content":{"rendered":"<p><b>ORASTICK<sup>\u00ae<\/sup> entoilage autocollant thermor\u00e9tractable<\/b> peut \u00eatre travailler avec un fer \u00e0 repasser ou un d\u00e9capeur thermique. ORASTICK<sup>\u00ae <\/sup>et ORACOVER<sup>\u00ae<\/sup> partagent les m\u00eames qualit\u00e9s uniques. Ils peuvent \u00e9galement \u00eatre trait\u00e9s entre eux.  La plus grande diff\u00e9rence est l&rsquo;adh\u00e9sif. l&rsquo; ORACOVER<sup>\u00ae<\/sup> est adh\u00e9sif sous l&rsquo;effet de la chaleur, l&rsquo;ORASTICK<sup>\u00ae<\/sup> est autocollant. <\/p>\n<p>ORASTICK<sup>\u00ae<\/sup> transparent incolore est utilis\u00e9 partout o\u00f9 l&rsquo;on doit prot\u00e9ger les supports de mani\u00e8re optimale, par exemple pour les designs \u00e0 l&rsquo;a\u00e9rographe.<\/p>\n<p><strong>Veuillez noter les instructions de traitement &#8211; Downloads pour cet article<\/strong>: \u2022 <a href=\"https:\/\/www.oracover.de\/downloads\/viewcat\/1\/anleitungen\" target=\"_blank\" rel=\"noopener\"><u>mode d&#8217;emploie<\/u><\/a><\/p>\n<p>largeur: 60 cm<\/p>\n<p>longuer: 2 m<\/p>\n<div style=\"text-align:left\" class=\"wps-pgfw-pdf-generate-icon__wrapper-frontend\">\n\t\t<a href=\"https:\/\/www.speedmodels.ch\/fr\/wp-json\/wp\/v2\/product\/21100\/?action=genpdf&amp;id=21100\" class=\"pgfw-single-pdf-download-button\" target=_blank><img src=\"https:\/\/speedmodels.ch\/wp-content\/uploads\/2021\/09\/pdf_icon.png\" title=\"G\u00e9n\u00e9rer un PDF\" style=\"width:auto; height:45px;\"><\/a>\n\t\t<\/div>","protected":false},"excerpt":{"rendered":"<p>ORASTICK\u00ae entoilage autocollant thermor\u00e9tractable peut \u00eatre travailler avec un fer \u00e0 repasser ou un d\u00e9capeur thermique. ORASTICK\u00ae et ORACOVER\u00ae partagent les m\u00eames qualit\u00e9s uniques. Ils peuvent \u00e9galement \u00eatre trait\u00e9s entre eux. La plus grande diff\u00e9rence est l&rsquo;adh\u00e9sif. l&rsquo; ORACOVER\u00ae est adh\u00e9sif sous l&rsquo;effet de la chaleur, l&rsquo;ORASTICK\u00ae est autocollant. ORASTICK\u00ae transparent incolore est utilis\u00e9 partout [&hellip;]<\/p>\n","protected":false},"featured_media":26469,"template":"","meta":[],"product_brand":[],"product_cat":[1846],"product_tag":[],"class_list":{"0":"post-21100","1":"product","2":"type-product","3":"status-publish","4":"has-post-thumbnail","6":"product_cat-orastick-film-autocollant","8":"first","9":"instock","10":"shipping-taxable","11":"product-type-simple"},"_links":{"self":[{"href":"https:\/\/www.speedmodels.ch\/fr\/wp-json\/wp\/v2\/product\/21100","targetHints":{"allow":["GET"]}}],"collection":[{"href":"https:\/\/www.speedmodels.ch\/fr\/wp-json\/wp\/v2\/product"}],"about":[{"href":"https:\/\/www.speedmodels.ch\/fr\/wp-json\/wp\/v2\/types\/product"}],"version-history":[{"count":1,"href":"https:\/\/www.speedmodels.ch\/fr\/wp-json\/wp\/v2\/product\/21100\/revisions"}],"predecessor-version":[{"id":31561,"href":"https:\/\/www.speedmodels.ch\/fr\/wp-json\/wp\/v2\/product\/21100\/revisions\/31561"}],"wp:featuredmedia":[{"embeddable":true,"href":"https:\/\/www.speedmodels.ch\/fr\/wp-json\/wp\/v2\/media\/26469"}],"wp:attachment":[{"href":"https:\/\/www.speedmodels.ch\/fr\/wp-json\/wp\/v2\/media?parent=21100"}],"wp:term":[{"taxonomy":"product_brand","embeddable":true,"href":"https:\/\/www.speedmodels.ch\/fr\/wp-json\/wp\/v2\/product_brand?post=21100"},{"taxonomy":"product_cat","embeddable":true,"href":"https:\/\/www.speedmodels.ch\/fr\/wp-json\/wp\/v2\/product_cat?post=21100"},{"taxonomy":"product_tag","embeddable":true,"href":"https:\/\/www.speedmodels.ch\/fr\/wp-json\/wp\/v2\/product_tag?post=21100"}],"curies":[{"name":"wp","href":"https:\/\/api.w.org\/{rel}","templated":true}]}}