{"id":21090,"date":"2021-12-02T09:20:37","date_gmt":"2021-12-02T09:20:37","guid":{"rendered":"https:\/\/www.speedmodels.ch\/produkte\/unkategorisiert\/oratex-entoilage-textile-xxl\/"},"modified":"2025-03-10T13:11:51","modified_gmt":"2025-03-10T13:11:51","slug":"oratex-entoilage-textile-xxl","status":"publish","type":"product","link":"https:\/\/www.speedmodels.ch\/fr\/produits\/film-couverture-decor\/oratex-entoilage-textile\/oratex-entoilage-textile-xxl\/","title":{"rendered":"Oratex entoilage textile XXL"},"content":{"rendered":"<p>Oratex entoilage textile XXL<\/p>\n<p>Largeur: <strong>90cm<\/strong> \u2013 longueur sur mesure au m\u00e8tre (uniquement sur commande)<\/p>\n<p>En raison de la demande croissante de tissu \u00ab\u00a0extra large\u00a0\u00bb, nous avons d\u00e9cid\u00e9 d&rsquo;introduire ORATEX XXL. Il s&rsquo;agit d&rsquo;un d\u00e9veloppement du tissu classique ORATEX qui a une finition de qualit\u00e9 sup\u00e9rieure et est fourni dans une largeur de 90 cm. Suivant les caract\u00e9ristiques de ce march\u00e9 sp\u00e9cial, il n&rsquo;est pas disponible en longueurs de rouleaux standardis\u00e9s, mais est disponible en m\u00e8tres courants. <\/p>\n<p><b>Traitement:<\/b> avec une largeur de produit de 90 cm, il est important d&rsquo;optimiser le poids. Par cons\u00e9quent, le tissu XXL est livr\u00e9 sans rev\u00eatement adh\u00e9sif au dos. L&rsquo;adh\u00e9sif thermo activable ORATEX (r\u00e9f. 0965 100 ml \/ 0968 250 ml \/ 0966 1000 ml) est appliqu\u00e9 deux fois avec s\u00e9chage interm\u00e9diaire sur le tissu aux points o\u00f9 le tissu touche la structure. La structure est \u00e9galement enduite deux fois avec l&rsquo;adh\u00e9sif thermocollant. Apr\u00e8s s\u00e9chage, le tissu est repass\u00e9 comme d&rsquo;habitude.  Il est important de s&rsquo;assurer que le collage par contact thermique est utilis\u00e9, c&rsquo;est-\u00e0-dire que la couche adh\u00e9sive du tissu doit \u00eatre repass\u00e9e de mani\u00e8re homog\u00e8ne avec la couche adh\u00e9sive de la structure. Pour toutes les autres \u00e9tapes de traitement, veuillez consulter les instructions de traitement d&rsquo;ORATEX.<\/p>\n<p>\u00c9tant donn\u00e9 que le tissu ORATEX XXL est un d\u00e9veloppement ult\u00e9rieur du tissu de construction mod\u00e8le ORATEX, qui est un type de produit ind\u00e9pendant et de qualit\u00e9 sup\u00e9rieure, les couleurs ne sont pas identiques au tissu de construction mod\u00e8le ORATEX standard d&rsquo;une largeur de 60 cm, mais seulement similaires .<\/p>\n<p>Poids: ca. 110 bis 130 g\/m\u00b2 (d\u00e9pend de la couleur)<\/p>\n<p>&nbsp;<\/p>\n<table style=\"height: 454px;\" width=\"799\">\n<tbody>\n<tr>\n<td width=\"95\">No de commande:<\/td>\n<td width=\"248\">d\u00e9scription &#8211; largeur &#8211; longueur<\/td>\n<td width=\"98\">couleur<\/td>\n<\/tr>\n<tr>\n<td>O-10-000-XXL<\/td>\n<td>ORATEX entoilage texile XXL &#8211; largeur: 90 cm<\/td>\n<td>blanc naturel<\/td>\n<\/tr>\n<tr>\n<td>O-10-010-XXL<\/td>\n<td>ORATEX entoilage texile XXL &#8211; largeur: 90 cm<\/td>\n<td>blanc<\/td>\n<\/tr>\n<tr>\n<td>O-10-012-XXL<\/td>\n<td>ORATEX entoilage texile XXL &#8211; largeur: 90 cm<\/td>\n<td>antique<\/td>\n<\/tr>\n<tr>\n<td>O-10-018-XXL<\/td>\n<td>ORATEX entoilage texile XXL &#8211; largeur: 90 cm<\/td>\n<td>vert arm\u00e9e<\/td>\n<\/tr>\n<tr>\n<td>O-10-019-XXL<\/td>\n<td>ORATEX entoilage texile XXL &#8211; largeur: 90 cm<\/td>\n<td>bleu corsair<\/td>\n<\/tr>\n<tr>\n<td>O-10-020-XXL<\/td>\n<td>ORATEX entoilage texile XXL &#8211; largeur: 90 cm<\/td>\n<td>rouge fokker<\/td>\n<\/tr>\n<tr>\n<td>O-10-030-XXL<\/td>\n<td>ORATEX entoilage texile XXL &#8211; largeur: 90 cm<\/td>\n<td>jaune cub<\/td>\n<\/tr>\n<tr>\n<td>O-10-091-XXL<\/td>\n<td>ORATEX entoilage texile XXL &#8211; largeur: 90 cm<\/td>\n<td>argent<\/td>\n<\/tr>\n<\/tbody>\n<\/table>\n<p>&nbsp;<\/p>\n<p>En raison de la demande croissante de tissu \u00ab\u00a0extra large\u00a0\u00bb, nous avons d\u00e9cid\u00e9 d&rsquo;introduire ORATEX XXL. Il s&rsquo;agit d&rsquo;un d\u00e9veloppement du tissu classique ORATEX qui a une finition de qualit\u00e9 sup\u00e9rieure et est fourni dans une largeur de 90 cm. Suivant les caract\u00e9ristiques de ce march\u00e9 sp\u00e9cial, il n&rsquo;est pas disponible en longueurs de rouleaux standardis\u00e9s, mais est disponible en m\u00e8tres courants. <\/p>\n<p><b>Traitement:<\/b> avec une largeur de produit de 90 cm, il est important d&rsquo;optimiser le poids. Par cons\u00e9quent, le tissu XXL est livr\u00e9 sans rev\u00eatement adh\u00e9sif au dos. L&rsquo;adh\u00e9sif thermo activable ORATEX (r\u00e9f. 0965 100 ml \/ 0968 250 ml \/ 0966 1000 ml) est appliqu\u00e9 deux fois avec s\u00e9chage interm\u00e9diaire sur le tissu aux points o\u00f9 le tissu touche la structure. La structure est \u00e9galement enduite deux fois avec l&rsquo;adh\u00e9sif thermocollant. Apr\u00e8s s\u00e9chage, le tissu est repass\u00e9 comme d&rsquo;habitude.  Il est important de s&rsquo;assurer que le collage par contact thermique est utilis\u00e9, c&rsquo;est-\u00e0-dire que la couche adh\u00e9sive du tissu doit \u00eatre repass\u00e9e de mani\u00e8re homog\u00e8ne avec la couche adh\u00e9sive de la structure. Pour toutes les autres \u00e9tapes de traitement, veuillez consulter les instructions de traitement d&rsquo;ORATEX.<\/p>\n<p>\u00c9tant donn\u00e9 que le tissu ORATEX XXL est un d\u00e9veloppement ult\u00e9rieur du tissu de construction mod\u00e8le ORATEX, qui est un type de produit ind\u00e9pendant et de qualit\u00e9 sup\u00e9rieure, les couleurs ne sont pas identiques au tissu de construction mod\u00e8le ORATEX standard d&rsquo;une largeur de 60 cm, mais seulement similaires .<br \/>\nPoids: ca. 110 bis 130 g\/m\u00b2 (d\u00e9pend de la couleur)<\/p>\n<p>&nbsp;<\/p>\n<div style=\"text-align:left\" class=\"wps-pgfw-pdf-generate-icon__wrapper-frontend\">\n\t\t<a href=\"https:\/\/www.speedmodels.ch\/fr\/wp-json\/wp\/v2\/product\/21090\/?action=genpdf&amp;id=21090\" class=\"pgfw-single-pdf-download-button\" target=_blank><img src=\"https:\/\/speedmodels.ch\/wp-content\/uploads\/2021\/09\/pdf_icon.png\" title=\"G\u00e9n\u00e9rer un PDF\" style=\"width:auto; height:45px;\"><\/a>\n\t\t<\/div>","protected":false},"excerpt":{"rendered":"<p>Oratex entoilage textile XXL Largeur: 90cm \u2013 longueur sur mesure au m\u00e8tre (uniquement sur commande) En raison de la demande croissante de tissu \u00ab\u00a0extra large\u00a0\u00bb, nous avons d\u00e9cid\u00e9 d&rsquo;introduire ORATEX XXL. Il s&rsquo;agit d&rsquo;un d\u00e9veloppement du tissu classique ORATEX qui a une finition de qualit\u00e9 sup\u00e9rieure et est fourni dans une largeur de 90 cm. [&hellip;]<\/p>\n","protected":false},"featured_media":9893,"template":"","meta":[],"product_brand":[],"product_cat":[1844],"product_tag":[],"class_list":{"0":"post-21090","1":"product","2":"type-product","3":"status-publish","4":"has-post-thumbnail","6":"product_cat-oratex-entoilage-textile","8":"first","9":"instock","10":"shipping-taxable","11":"product-type-simple"},"_links":{"self":[{"href":"https:\/\/www.speedmodels.ch\/fr\/wp-json\/wp\/v2\/product\/21090","targetHints":{"allow":["GET"]}}],"collection":[{"href":"https:\/\/www.speedmodels.ch\/fr\/wp-json\/wp\/v2\/product"}],"about":[{"href":"https:\/\/www.speedmodels.ch\/fr\/wp-json\/wp\/v2\/types\/product"}],"version-history":[{"count":1,"href":"https:\/\/www.speedmodels.ch\/fr\/wp-json\/wp\/v2\/product\/21090\/revisions"}],"predecessor-version":[{"id":29898,"href":"https:\/\/www.speedmodels.ch\/fr\/wp-json\/wp\/v2\/product\/21090\/revisions\/29898"}],"wp:featuredmedia":[{"embeddable":true,"href":"https:\/\/www.speedmodels.ch\/fr\/wp-json\/wp\/v2\/media\/9893"}],"wp:attachment":[{"href":"https:\/\/www.speedmodels.ch\/fr\/wp-json\/wp\/v2\/media?parent=21090"}],"wp:term":[{"taxonomy":"product_brand","embeddable":true,"href":"https:\/\/www.speedmodels.ch\/fr\/wp-json\/wp\/v2\/product_brand?post=21090"},{"taxonomy":"product_cat","embeddable":true,"href":"https:\/\/www.speedmodels.ch\/fr\/wp-json\/wp\/v2\/product_cat?post=21090"},{"taxonomy":"product_tag","embeddable":true,"href":"https:\/\/www.speedmodels.ch\/fr\/wp-json\/wp\/v2\/product_tag?post=21090"}],"curies":[{"name":"wp","href":"https:\/\/api.w.org\/{rel}","templated":true}]}}