{"id":21080,"date":"2021-11-23T13:48:22","date_gmt":"2021-11-23T13:48:22","guid":{"rendered":"https:\/\/www.speedmodels.ch\/produkte\/unkategorisiert\/caribic-yacht-a-moteur\/"},"modified":"2025-11-03T13:45:01","modified_gmt":"2025-11-03T13:45:01","slug":"caribic-yacht-a-moteur","status":"publish","type":"product","link":"https:\/\/www.speedmodels.ch\/fr\/produits\/modeles\/bateaux-fr-2\/bateaux-electriques\/caribic-yacht-a-moteur\/","title":{"rendered":"Caribic yacht \u00e0 moteur"},"content":{"rendered":"<p>Yacht \u00e0 moteur RC \u00e0 2 canaux id\u00e9al pour les d\u00e9butants en mati\u00e8re de mod\u00e8les de navires, collez-les rapidement et facilement \u00e0 partir de quelques pi\u00e8ces embouties, installez le moteur et collez sur la d\u00e9coration et le plaisir de conduire peut commencer. En plus des instructions de montage d\u00e9taill\u00e9es, le kit de mod\u00e8le contient toutes les pi\u00e8ces n\u00e9cessaires \u00e0 la construction du mod\u00e8le, telles que la coque emboutie, le pont, la cabine, l&rsquo;h\u00e9lice et l&rsquo;arbre avec cardan, gouvernail et raccords.<\/p>\n<div style=\"text-align:left\" class=\"wps-pgfw-pdf-generate-icon__wrapper-frontend\">\n\t\t<a href=\"https:\/\/www.speedmodels.ch\/fr\/wp-json\/wp\/v2\/product\/21080\/?action=genpdf&amp;id=21080\" class=\"pgfw-single-pdf-download-button\" target=_blank><img src=\"https:\/\/speedmodels.ch\/wp-content\/uploads\/2021\/09\/pdf_icon.png\" title=\"G\u00e9n\u00e9rer un PDF\" style=\"width:auto; height:45px;\"><\/a>\n\t\t<\/div>","protected":false},"excerpt":{"rendered":"<p>Yacht \u00e0 moteur RC \u00e0 2 canaux id\u00e9al pour les d\u00e9butants en mati\u00e8re de mod\u00e8les de navires, collez-les rapidement et facilement \u00e0 partir de quelques pi\u00e8ces embouties, installez le moteur et collez sur la d\u00e9coration et le plaisir de conduire peut commencer. En plus des instructions de montage d\u00e9taill\u00e9es, le kit de mod\u00e8le contient toutes [&hellip;]<\/p>\n","protected":false},"featured_media":9782,"template":"","meta":[],"product_brand":[],"product_cat":[1713,1714,1821,1710],"product_tag":[],"class_list":{"0":"post-21080","1":"product","2":"type-product","3":"status-publish","4":"has-post-thumbnail","6":"product_cat-bateaux-fr-2","7":"product_cat-bateaux-electriques","8":"product_cat-jeunesse-fr","9":"product_cat-modeles","11":"first","12":"instock","13":"shipping-taxable","14":"product-type-simple"},"_links":{"self":[{"href":"https:\/\/www.speedmodels.ch\/fr\/wp-json\/wp\/v2\/product\/21080","targetHints":{"allow":["GET"]}}],"collection":[{"href":"https:\/\/www.speedmodels.ch\/fr\/wp-json\/wp\/v2\/product"}],"about":[{"href":"https:\/\/www.speedmodels.ch\/fr\/wp-json\/wp\/v2\/types\/product"}],"version-history":[{"count":1,"href":"https:\/\/www.speedmodels.ch\/fr\/wp-json\/wp\/v2\/product\/21080\/revisions"}],"predecessor-version":[{"id":32769,"href":"https:\/\/www.speedmodels.ch\/fr\/wp-json\/wp\/v2\/product\/21080\/revisions\/32769"}],"wp:featuredmedia":[{"embeddable":true,"href":"https:\/\/www.speedmodels.ch\/fr\/wp-json\/wp\/v2\/media\/9782"}],"wp:attachment":[{"href":"https:\/\/www.speedmodels.ch\/fr\/wp-json\/wp\/v2\/media?parent=21080"}],"wp:term":[{"taxonomy":"product_brand","embeddable":true,"href":"https:\/\/www.speedmodels.ch\/fr\/wp-json\/wp\/v2\/product_brand?post=21080"},{"taxonomy":"product_cat","embeddable":true,"href":"https:\/\/www.speedmodels.ch\/fr\/wp-json\/wp\/v2\/product_cat?post=21080"},{"taxonomy":"product_tag","embeddable":true,"href":"https:\/\/www.speedmodels.ch\/fr\/wp-json\/wp\/v2\/product_tag?post=21080"}],"curies":[{"name":"wp","href":"https:\/\/api.w.org\/{rel}","templated":true}]}}