{"id":21069,"date":"2021-12-10T10:46:03","date_gmt":"2021-12-10T10:46:03","guid":{"rendered":"https:\/\/www.speedmodels.ch\/produkte\/unkategorisiert\/film-pour-bricolage-orastick-fun-4\/"},"modified":"2023-07-31T13:05:04","modified_gmt":"2023-07-31T13:05:04","slug":"film-pour-bricolage-orastick-fun-4","status":"publish","type":"product","link":"https:\/\/www.speedmodels.ch\/fr\/produits\/film-couverture-decor\/feuille-de-bricolage-format-environ-a4\/film-pour-bricolage-orastick-fun-4\/","title":{"rendered":"Film pour bricolage Orastick FUN 4"},"content":{"rendered":"<p><strong>Film pour bricolage Orastick FUN 4 ca. A4 gross<\/strong><\/p>\n<ul>\n<li>film autocollant pour l\u2019utilisation \u00e0 l\u2019int\u00e9rieur et \u00e0 l\u2019ext\u00e9rieur &#8211; on peut \u00e9crire sur le verso &#8211; en polyester de grande qualit\u00e9 &#8211; convient pour aliments &#8211; extr\u00eamement r\u00e9sistant \u00e0 la chaleur &#8211; r\u00e9sistant aux carburants &#8211; r\u00e9sistant au graffiti &#8211; r\u00e9sistant au stylo-feutre &#8211; disponible en plus de 100 couleurs et combinaisons de couleurs<\/li>\n<li>pour d\u00e9corer des jouets, des v\u00e9los et des portables &#8211; pour un design individuel des objets ordinaire &#8211; pour l\u2019hobby et pour le mod\u00e9lisme<\/li>\n<\/ul>\n<p>Le film pour d\u00e9coration est \u00e9cologiquement sans risques et ne contient pas de plastifiants, de PVC et de m\u00e9tal lourd. Peut \u00eatre utilis\u00e9 pour des surfaces propres, planes et solides. <\/p>\n<p>contentue de la livraison: 1 x feuille dans le format environ A4 dans un sac en plastique &#8211; des instructions avec des dessins pour dessiner des lettres et des motives en allemand, en anglais et en fran\u00e7ais<\/p>\n<table style=\"height: 889px\" width=\"809\">\n<tbody>\n<tr>\n<td width=\"104\"><em>No de commande:<\/em><\/td>\n<td width=\"256\"><em>d\u00e9scription<\/em><\/td>\n<td width=\"203\"><em>couleur<\/em><\/td>\n<\/tr>\n<tr>\n<td>O-B48-010-023<\/td>\n<td>Film pour bricolage &#8211; ORASTICK FUN 4 &#8211; ca. A4<\/td>\n<td>blanc &#8211; rouge<\/td>\n<\/tr>\n<tr>\n<td>O-B48-010-052<\/td>\n<td>Film pour bricolage &#8211; ORASTICK FUN 4 &#8211; ca. A4<\/td>\n<td>blanc &#8211; bleu fonc\u00e9<\/td>\n<\/tr>\n<tr>\n<td>O-B48-010-071<\/td>\n<td>Film pour bricolage &#8211; ORASTICK FUN 4 &#8211; ca. A4<\/td>\n<td>blanc &#8211; noir<\/td>\n<\/tr>\n<tr>\n<td>O-B48-016-071<\/td>\n<td>Film pour bricolage &#8211; ORASTICK FUN 4 &#8211; ca. A4<\/td>\n<td>blanc nacr\u00e9 &#8211; noir<\/td>\n<\/tr>\n<tr>\n<td>O-B48-017-071<\/td>\n<td>Film pour bricolage &#8211; ORASTICK FUN 4 &#8211; ca. A4<\/td>\n<td>turquoise &#8211; noir<\/td>\n<\/tr>\n<tr>\n<td>O-B48-023-071<\/td>\n<td>Film pour bricolage &#8211; ORASTICK FUN 4 &#8211; ca. A4<\/td>\n<td>rouge &#8211; noir<\/td>\n<\/tr>\n<tr>\n<td>O-B48-027-071<\/td>\n<td>Film pour bricolage &#8211; ORASTICK FUN 4 &#8211; ca. A4<\/td>\n<td>rouge nacr\u00e9 &#8211; noir<\/td>\n<\/tr>\n<tr>\n<td>O-B48-033-023<\/td>\n<td>Film pour bricolage &#8211; ORASTICK FUN 4 &#8211; ca. A4<\/td>\n<td>jaune &#8211; rouge<\/td>\n<\/tr>\n<tr>\n<td>O-B48-033-071<\/td>\n<td>Film pour bricolage &#8211; ORASTICK FUN 4 &#8211; ca. A4<\/td>\n<td>jaune &#8211; noir<\/td>\n<\/tr>\n<tr>\n<td>O-B48-036-071<\/td>\n<td>Film pour bricolage &#8211; ORASTICK FUN 4 &#8211; ca. A4<\/td>\n<td>jaune nacr\u00e9 &#8211; noir<\/td>\n<\/tr>\n<tr>\n<td>O-B48-037-071<\/td>\n<td>Film pour bricolage &#8211; ORASTICK FUN 4 &#8211; ca. A4<\/td>\n<td>jaune or nacr\u00e9 &#8211; noir<\/td>\n<\/tr>\n<tr>\n<td>O-B48-047-071<\/td>\n<td>Film pour bricolage &#8211; ORASTICK FUN 4 &#8211; ca. A4<\/td>\n<td>vert nacr\u00e9 &#8211; noir<\/td>\n<\/tr>\n<tr>\n<td>O-B48-056-071<\/td>\n<td>Film pour bricolage &#8211; ORASTICK FUN 4 &#8211; ca. A4<\/td>\n<td>lilas nacr\u00e9 &#8211; noir<\/td>\n<\/tr>\n<tr>\n<td>O-B48-057-071<\/td>\n<td>Film pour bricolage &#8211; ORASTICK FUN 4 &#8211; ca. A4<\/td>\n<td>bleu nacr\u00e9 &#8211; noir<\/td>\n<\/tr>\n<tr>\n<td>O-B48-077-071<\/td>\n<td>Film pour bricolage &#8211; ORASTICK FUN 4 &#8211; ca. A4<\/td>\n<td>graphit nacr\u00e9 &#8211; noir<\/td>\n<\/tr>\n<tr>\n<td>O-B48-091-071<\/td>\n<td>Film pour bricolage &#8211; ORASTICK FUN 4 &#8211; ca. A4<\/td>\n<td>argent &#8211; noir<\/td>\n<\/tr>\n<\/tbody>\n<\/table>\n<p>&nbsp;<\/p>\n<div style=\"text-align:left\" class=\"wps-pgfw-pdf-generate-icon__wrapper-frontend\">\n\t\t<a href=\"https:\/\/www.speedmodels.ch\/fr\/wp-json\/wp\/v2\/product\/21069\/?action=genpdf&amp;id=21069\" class=\"pgfw-single-pdf-download-button\" target=_blank><img src=\"https:\/\/speedmodels.ch\/wp-content\/uploads\/2021\/09\/pdf_icon.png\" title=\"G\u00e9n\u00e9rer un PDF\" style=\"width:auto; height:45px;\"><\/a>\n\t\t<\/div>","protected":false},"excerpt":{"rendered":"<p>Film pour bricolage Orastick FUN 4 ca. A4 gross film autocollant pour l\u2019utilisation \u00e0 l\u2019int\u00e9rieur et \u00e0 l\u2019ext\u00e9rieur &#8211; on peut \u00e9crire sur le verso &#8211; en polyester de grande qualit\u00e9 &#8211; convient pour aliments &#8211; extr\u00eamement r\u00e9sistant \u00e0 la chaleur &#8211; r\u00e9sistant aux carburants &#8211; r\u00e9sistant au graffiti &#8211; r\u00e9sistant au stylo-feutre &#8211; disponible [&hellip;]<\/p>\n","protected":false},"featured_media":9916,"template":"","meta":[],"product_brand":[],"product_cat":[1842],"product_tag":[],"class_list":{"0":"post-21069","1":"product","2":"type-product","3":"status-publish","4":"has-post-thumbnail","6":"product_cat-feuille-de-bricolage-format-environ-a4","8":"first","9":"instock","10":"shipping-taxable","11":"product-type-simple"},"_links":{"self":[{"href":"https:\/\/www.speedmodels.ch\/fr\/wp-json\/wp\/v2\/product\/21069","targetHints":{"allow":["GET"]}}],"collection":[{"href":"https:\/\/www.speedmodels.ch\/fr\/wp-json\/wp\/v2\/product"}],"about":[{"href":"https:\/\/www.speedmodels.ch\/fr\/wp-json\/wp\/v2\/types\/product"}],"version-history":[{"count":0,"href":"https:\/\/www.speedmodels.ch\/fr\/wp-json\/wp\/v2\/product\/21069\/revisions"}],"wp:featuredmedia":[{"embeddable":true,"href":"https:\/\/www.speedmodels.ch\/fr\/wp-json\/wp\/v2\/media\/9916"}],"wp:attachment":[{"href":"https:\/\/www.speedmodels.ch\/fr\/wp-json\/wp\/v2\/media?parent=21069"}],"wp:term":[{"taxonomy":"product_brand","embeddable":true,"href":"https:\/\/www.speedmodels.ch\/fr\/wp-json\/wp\/v2\/product_brand?post=21069"},{"taxonomy":"product_cat","embeddable":true,"href":"https:\/\/www.speedmodels.ch\/fr\/wp-json\/wp\/v2\/product_cat?post=21069"},{"taxonomy":"product_tag","embeddable":true,"href":"https:\/\/www.speedmodels.ch\/fr\/wp-json\/wp\/v2\/product_tag?post=21069"}],"curies":[{"name":"wp","href":"https:\/\/api.w.org\/{rel}","templated":true}]}}