{"id":21067,"date":"2021-12-10T10:40:50","date_gmt":"2021-12-10T10:40:50","guid":{"rendered":"https:\/\/www.speedmodels.ch\/produkte\/unkategorisiert\/film-pour-bricolage-orastick-fun-1\/"},"modified":"2023-07-31T13:04:39","modified_gmt":"2023-07-31T13:04:39","slug":"film-pour-bricolage-orastick-fun-1","status":"publish","type":"product","link":"https:\/\/www.speedmodels.ch\/fr\/produits\/film-couverture-decor\/feuille-de-bricolage-format-environ-a4\/film-pour-bricolage-orastick-fun-1\/","title":{"rendered":"Film pour bricolage Orastick FUN 1"},"content":{"rendered":"<p><strong>Film pour bricolage Orastick FUN 1 ca. A4<\/strong><\/p>\n<ul>\n<li>film autocollant pour l\u2019utilisation \u00e0 l\u2019int\u00e9rieur et \u00e0 l\u2019ext\u00e9rieur &#8211; on peut \u00e9crire sur le verso &#8211; en polyester de grande qualit\u00e9 &#8211; convient pour aliments &#8211; extr\u00eamement r\u00e9sistant \u00e0 la chaleur &#8211; r\u00e9sistant aux carburants &#8211; r\u00e9sistant au graffiti &#8211; r\u00e9sistant au stylo-feutre &#8211; disponible en plus de 100 couleurs et combinaisons de couleurs<\/li>\n<li>pour d\u00e9corer des jouets, des v\u00e9los et des portables &#8211; pour un design individuel des objets ordinaire &#8211; pour l\u2019hobby et pour le mod\u00e9lisme<\/li>\n<\/ul>\n<p>Le film pour d\u00e9coration est \u00e9cologiquement sans risques et ne contient pas de plastifiants, de PVC et de m\u00e9tal lourd. Peut \u00eatre utilis\u00e9 pour des surfaces propres, planes et solides. <\/p>\n<p>contentue de la livraison: 1 x feuille dans le format environ A4 dans un sac en plastique &#8211; des instructions avec des dessins pour dessiner des lettres et des motives en allemand, en anglais et en fran\u00e7ais<\/p>\n<table style=\"height: 1851px\" width=\"874\">\n<tbody>\n<tr>\n<td width=\"104\"><em>No de commande:<\/em><\/td>\n<td width=\"256\"><em>d\u00e9scription<\/em><\/td>\n<td width=\"203\"><em>couleur<\/em><\/td>\n<\/tr>\n<tr>\n<td>O-B45-010-071<\/td>\n<td>Film pour bricolage &#8211; ORASTICK FUN 1 &#8211; ca. A4<\/td>\n<td>blanc &#8211; noir<\/td>\n<\/tr>\n<tr>\n<td>O-B45-010-091<\/td>\n<td>Film pour bricolage &#8211; ORASTICK FUN 1 &#8211; ca. A4<\/td>\n<td>blanc &#8211; argent<\/td>\n<\/tr>\n<tr>\n<td>O-B45-014-071<\/td>\n<td>Film pour bricolage &#8211; ORASTICK FUN 1 &#8211; ca. A4<\/td>\n<td>n\u00e9on-rose fluo &#8211; noir<\/td>\n<\/tr>\n<tr>\n<td>O-B45-014-091<\/td>\n<td>Film pour bricolage &#8211; ORASTICK FUN 1 &#8211; ca. A4<\/td>\n<td>n\u00e9on-rose fluo &#8211; argent<\/td>\n<\/tr>\n<tr>\n<td>O-B45-015-071<\/td>\n<td>Film pour bricolage &#8211; ORASTICK FUN 1 &#8211; ca. A4<\/td>\n<td>violet fluo &#8211; noir<\/td>\n<\/tr>\n<tr>\n<td>O-B45-015-091<\/td>\n<td>Film pour bricolage &#8211; ORASTICK FUN 1 &#8211; ca. A4<\/td>\n<td>violet fluo &#8211; argent<\/td>\n<\/tr>\n<tr>\n<td>O-B45-017-071<\/td>\n<td>Film pour bricolage &#8211; ORASTICK FUN 1 &#8211; ca. A4<\/td>\n<td>turquoise &#8211; noir<\/td>\n<\/tr>\n<tr>\n<td>O-B45-017-091<\/td>\n<td>Film pour bricolage &#8211; ORASTICK FUN 1 &#8211; ca. A4<\/td>\n<td>turquoise &#8211; argent<\/td>\n<\/tr>\n<tr>\n<td>O-B45-021-071<\/td>\n<td>Film pour bricolage &#8211; ORASTICK FUN 1 &#8211; ca. A4<\/td>\n<td>rouge fluo &#8211; noir<\/td>\n<\/tr>\n<tr>\n<td>O-B45-021-091<\/td>\n<td>Film pour bricolage &#8211; ORASTICK FUN 1 &#8211; ca. A4<\/td>\n<td>rouge fluo &#8211; argent<\/td>\n<\/tr>\n<tr>\n<td>O-B45-022-071<\/td>\n<td>Film pour bricolage &#8211; ORASTICK FUN 1 &#8211; ca. A4<\/td>\n<td>rouge claire &#8211; noir<\/td>\n<\/tr>\n<tr>\n<td>O-B45-022-091<\/td>\n<td>Film pour bricolage &#8211; ORASTICK FUN 1 &#8211; ca. A4<\/td>\n<td>rouge claire &#8211; argent<\/td>\n<\/tr>\n<tr>\n<td>O-B45-023-071<\/td>\n<td>Film pour bricolage &#8211; ORASTICK FUN 1 &#8211; ca. A4<\/td>\n<td>rouge vif &#8211; noir<\/td>\n<\/tr>\n<tr>\n<td>O-B45-023-091<\/td>\n<td>Film pour bricolage &#8211; ORASTICK FUN 1 &#8211; ca. A4<\/td>\n<td>rouge vif &#8211; argent<\/td>\n<\/tr>\n<tr>\n<td>O-B45-030-071<\/td>\n<td>Film pour bricolage &#8211; ORASTICK FUN 1 &#8211; ca. A4<\/td>\n<td>jaune cup &#8211; noir<\/td>\n<\/tr>\n<tr>\n<td>O-B45-030-091<\/td>\n<td>Film pour bricolage &#8211; ORASTICK FUN 1 &#8211; ca. A4<\/td>\n<td>jaune cup &#8211; argent<\/td>\n<\/tr>\n<tr>\n<td>O-B45-031-071<\/td>\n<td>Film pour bricolage &#8211; ORASTICK FUN 1 &#8211; ca. A4<\/td>\n<td>jaune fluo &#8211; noir<\/td>\n<\/tr>\n<tr>\n<td>O-B45-031-091<\/td>\n<td>Film pour bricolage &#8211; ORASTICK FUN 1 &#8211; ca. A4<\/td>\n<td>jaune fluo &#8211; argent<\/td>\n<\/tr>\n<tr>\n<td>O-B45-033-071<\/td>\n<td>Film pour bricolage &#8211; ORASTICK FUN 1 &#8211; ca. A4<\/td>\n<td>jaune cadmium &#8211; noir<\/td>\n<\/tr>\n<tr>\n<td>O-B45-033-091<\/td>\n<td>Film pour bricolage &#8211; ORASTICK FUN 1 &#8211; ca. A4<\/td>\n<td>jaune cadmium &#8211; argent<\/td>\n<\/tr>\n<tr>\n<td>O-B45-041-071<\/td>\n<td>Film pour bricolage &#8211; ORASTICK FUN 1 &#8211; ca. A4<\/td>\n<td>vert fluo &#8211; noir<\/td>\n<\/tr>\n<tr>\n<td>O-B45-041-091<\/td>\n<td>Film pour bricolage &#8211; ORASTICK FUN 1 &#8211; ca. A4<\/td>\n<td>vert fluo &#8211; argent<\/td>\n<\/tr>\n<tr>\n<td>O-B45-051-071<\/td>\n<td>Film pour bricolage &#8211; ORASTICK FUN 1 &#8211; ca. A4<\/td>\n<td>bleu fluo &#8211; noir<\/td>\n<\/tr>\n<tr>\n<td>O-B45-051-091<\/td>\n<td>Film pour bricolage &#8211; ORASTICK FUN 1 &#8211; ca. A4<\/td>\n<td>bleu fluo &#8211; argent<\/td>\n<\/tr>\n<tr>\n<td>O-B45-053-071<\/td>\n<td>Film pour bricolage &#8211; ORASTICK FUN 1 &#8211; ca. A4<\/td>\n<td>bleu claire &#8211; noir<\/td>\n<\/tr>\n<tr>\n<td>O-B45-053-091<\/td>\n<td>Film pour bricolage &#8211; ORASTICK FUN 1 &#8211; ca. A4<\/td>\n<td>bleu claire &#8211; argent<\/td>\n<\/tr>\n<tr>\n<td>O-B45-054-071<\/td>\n<td>Film pour bricolage &#8211; ORASTICK FUN 1 &#8211; ca. A4<\/td>\n<td>violet &#8211; noir<\/td>\n<\/tr>\n<tr>\n<td>O-B45-054-091<\/td>\n<td>Film pour bricolage &#8211; ORASTICK FUN 1 &#8211; ca. A4<\/td>\n<td>violet &#8211; argent<\/td>\n<\/tr>\n<tr>\n<td>O-B45-055-071<\/td>\n<td>Film pour bricolage &#8211; ORASTICK FUN 1 &#8211; ca. A4<\/td>\n<td>lilas &#8211; noir<\/td>\n<\/tr>\n<tr>\n<td>O-B45-055-091<\/td>\n<td>Film pour bricolage &#8211; ORASTICK FUN 1 &#8211; ca. A4<\/td>\n<td>lilas &#8211; argent<\/td>\n<\/tr>\n<tr>\n<td>O-B45-064-071<\/td>\n<td>Film pour bricolage &#8211; ORASTICK FUN 1 &#8211; ca. A4<\/td>\n<td>orange fluo &#8211; noir<\/td>\n<\/tr>\n<tr>\n<td>O-B45-064-091<\/td>\n<td>Film pour bricolage &#8211; ORASTICK FUN 1 &#8211; ca. A4<\/td>\n<td>orange &#8211; argent<\/td>\n<\/tr>\n<tr>\n<td>O-B45-071-091<\/td>\n<td>Film pour bricolage &#8211; ORASTICK FUN 1 &#8211; ca. A4<\/td>\n<td>noir &#8211; argent<\/td>\n<\/tr>\n<tr>\n<td>O-B45-091-071<\/td>\n<td>Film pour bricolage &#8211; ORASTICK FUN 1 &#8211; ca. A4<\/td>\n<td>argent &#8211; noir<\/td>\n<\/tr>\n<\/tbody>\n<\/table>\n<p>&nbsp;<\/p>\n<div style=\"text-align:left\" class=\"wps-pgfw-pdf-generate-icon__wrapper-frontend\">\n\t\t<a href=\"https:\/\/www.speedmodels.ch\/fr\/wp-json\/wp\/v2\/product\/21067\/?action=genpdf&amp;id=21067\" class=\"pgfw-single-pdf-download-button\" target=_blank><img src=\"https:\/\/speedmodels.ch\/wp-content\/uploads\/2021\/09\/pdf_icon.png\" title=\"G\u00e9n\u00e9rer un PDF\" style=\"width:auto; height:45px;\"><\/a>\n\t\t<\/div>","protected":false},"excerpt":{"rendered":"<p>Film pour bricolage Orastick FUN 1 ca. A4 film autocollant pour l\u2019utilisation \u00e0 l\u2019int\u00e9rieur et \u00e0 l\u2019ext\u00e9rieur &#8211; on peut \u00e9crire sur le verso &#8211; en polyester de grande qualit\u00e9 &#8211; convient pour aliments &#8211; extr\u00eamement r\u00e9sistant \u00e0 la chaleur &#8211; r\u00e9sistant aux carburants &#8211; r\u00e9sistant au graffiti &#8211; r\u00e9sistant au stylo-feutre &#8211; disponible en [&hellip;]<\/p>\n","protected":false},"featured_media":9914,"template":"","meta":[],"product_brand":[],"product_cat":[1842],"product_tag":[],"class_list":{"0":"post-21067","1":"product","2":"type-product","3":"status-publish","4":"has-post-thumbnail","6":"product_cat-feuille-de-bricolage-format-environ-a4","8":"first","9":"instock","10":"shipping-taxable","11":"product-type-simple"},"_links":{"self":[{"href":"https:\/\/www.speedmodels.ch\/fr\/wp-json\/wp\/v2\/product\/21067","targetHints":{"allow":["GET"]}}],"collection":[{"href":"https:\/\/www.speedmodels.ch\/fr\/wp-json\/wp\/v2\/product"}],"about":[{"href":"https:\/\/www.speedmodels.ch\/fr\/wp-json\/wp\/v2\/types\/product"}],"version-history":[{"count":0,"href":"https:\/\/www.speedmodels.ch\/fr\/wp-json\/wp\/v2\/product\/21067\/revisions"}],"wp:featuredmedia":[{"embeddable":true,"href":"https:\/\/www.speedmodels.ch\/fr\/wp-json\/wp\/v2\/media\/9914"}],"wp:attachment":[{"href":"https:\/\/www.speedmodels.ch\/fr\/wp-json\/wp\/v2\/media?parent=21067"}],"wp:term":[{"taxonomy":"product_brand","embeddable":true,"href":"https:\/\/www.speedmodels.ch\/fr\/wp-json\/wp\/v2\/product_brand?post=21067"},{"taxonomy":"product_cat","embeddable":true,"href":"https:\/\/www.speedmodels.ch\/fr\/wp-json\/wp\/v2\/product_cat?post=21067"},{"taxonomy":"product_tag","embeddable":true,"href":"https:\/\/www.speedmodels.ch\/fr\/wp-json\/wp\/v2\/product_tag?post=21067"}],"curies":[{"name":"wp","href":"https:\/\/api.w.org\/{rel}","templated":true}]}}