{"id":21056,"date":"2021-12-13T14:53:46","date_gmt":"2021-12-13T14:53:46","guid":{"rendered":"https:\/\/www.speedmodels.ch\/produkte\/unkategorisiert\/film-pour-decoration-easyplot-fun-3\/"},"modified":"2021-12-13T14:53:46","modified_gmt":"2021-12-13T14:53:46","slug":"film-pour-decoration-easyplot-fun-3","status":"publish","type":"product","link":"https:\/\/www.speedmodels.ch\/fr\/produits\/film-couverture-decor\/film-pour-decoration-environ-a4\/film-pour-decoration-easyplot-fun-3\/","title":{"rendered":"Film pour d\u00e9coration Easyplot Fun 3"},"content":{"rendered":"<p><strong>Film pour d\u00e9coration Easyplot Fun 3 ca. A4<\/strong><\/p>\n<p>Film autocollant particuli\u00e8rement ind\u00e9chirable et dimensionsstabile en polyester de grande qualit\u00e9 &#8211; convient pour aliments &#8211; un verso stable &amp; imprimable &#8211; extr\u00eamement r\u00e9sistant \u00e0 la chaleur &#8211; r\u00e9sistant aux carburants &#8211; r\u00e9sistant au graffiti &#8211; r\u00e9sistant au stylo-feutre &#8211; peut \u00eatre revernir &#8211; le collage humide est possible &#8211; disponible en plus de 100 couleurs et combinaisons de couleurs &#8211; peut \u00eatre coup\u00e9 avec des laser cutters &#8211; plus fin que de film en PVC (seulement 23 \u00b5). Exemples d\u2019utilisation: comme des tatouages pour des murs, des carreaux et des fen\u00eatres &#8211; pour des voitures, des t\u00e9l\u00e9phones portables, des motos et des v\u00e9los &#8211; pour marquer des classeurs, des \u00e9tag\u00e8res ou des placards &#8211; pour l\u2019hobby et pour le mod\u00e9lisme Le film pour d\u00e9coration autocollant est livr\u00e9 comme des feuilles pour d\u00e9corer, \u00e9tiqueter et d\u00e9couper. Le film pour d\u00e9coration est \u00e9cologiquement sans risques et ne contient pas de plastifiants, de PVC et de m\u00e9tal lourd. Peut \u00eatre utilis\u00e9 pour des surfaces propres, planes et solides.<br \/>\nContenu de la livraison: 1 x feuille dans le format environ A4 dans un sac en plastique des instructions avec des dessins pour dessiner des lettres et des motives en allemand, en anglais et en fran\u00e7ais<\/p>\n<p>&nbsp;<\/p>\n<table style=\"height: 819px;\" width=\"871\">\n<tbody>\n<tr>\n<td width=\"93\"><em>No de commande:<\/em><\/td>\n<td width=\"222\"><em>d\u00e9scription <\/em><\/td>\n<td width=\"203\"><em>couleur<\/em><\/td>\n<\/tr>\n<tr>\n<td>O-B87-010-023<\/td>\n<td>Film pour d\u00e9coration Easyplot Fun 3 ca. A4<\/td>\n<td>blanc &#8211; rouge<\/td>\n<\/tr>\n<tr>\n<td>O-B87-010-052<\/td>\n<td>Film pour d\u00e9coration Easyplot Fun 3 ca. A4<\/td>\n<td>blanc &#8211; bleu fonc\u00e9<\/td>\n<\/tr>\n<tr>\n<td>O-B87-010-071<\/td>\n<td>Film pour d\u00e9coration Easyplot Fun 3 ca. A4<\/td>\n<td>blanc &#8211; noir<\/td>\n<\/tr>\n<tr>\n<td>O-B87-016-071<\/td>\n<td>Film pour d\u00e9coration Easyplot Fun 3 ca. A4<\/td>\n<td>blanc nacr\u00e9 &#8211; noir<\/td>\n<\/tr>\n<tr>\n<td>O-B87-023-071<\/td>\n<td>Film pour d\u00e9coration Easyplot Fun 3 ca. A4<\/td>\n<td>rouge &#8211; noir<\/td>\n<\/tr>\n<tr>\n<td>O-B87-027-071<\/td>\n<td>Film pour d\u00e9coration Easyplot Fun 3 ca. A4<\/td>\n<td>rouge nacr\u00e9 &#8211; noir<\/td>\n<\/tr>\n<tr>\n<td>O-B87-033-023<\/td>\n<td>Film pour d\u00e9coration Easyplot Fun 3 ca. A4<\/td>\n<td>jaune &#8211; rouge<\/td>\n<\/tr>\n<tr>\n<td>O-B87-033-071<\/td>\n<td>Film pour d\u00e9coration Easyplot Fun 3 ca. A4<\/td>\n<td>jaune &#8211; noir<\/td>\n<\/tr>\n<tr>\n<td>O-B87-036-071<\/td>\n<td>Film pour d\u00e9coration Easyplot Fun 3 ca. A4<\/td>\n<td>jaune nacr\u00e9 &#8211; noir<\/td>\n<\/tr>\n<tr>\n<td>O-B87-037-071<\/td>\n<td>Film pour d\u00e9coration Easyplot Fun 3 ca. A4<\/td>\n<td>jaune or nacr\u00e9 &#8211; noir<\/td>\n<\/tr>\n<tr>\n<td>O-B87-047-071<\/td>\n<td>Film pour d\u00e9coration Easyplot Fun 3 ca. A4<\/td>\n<td>vert nacr\u00e9 &#8211; noir<\/td>\n<\/tr>\n<tr>\n<td>O-B87-056-071<\/td>\n<td>Film pour d\u00e9coration Easyplot Fun 3 ca. A4<\/td>\n<td>lilas nacr\u00e9 &#8211; noir<\/td>\n<\/tr>\n<tr>\n<td>O-B87-057-071<\/td>\n<td>Film pour d\u00e9coration Easyplot Fun 3 ca. A4<\/td>\n<td>bleu nacr\u00e9 &#8211; noir<\/td>\n<\/tr>\n<tr>\n<td>O-B87-077-071<\/td>\n<td>Film pour d\u00e9coration Easyplot Fun 3 ca. A4<\/td>\n<td>graphit nacr\u00e9 &#8211; noir<\/td>\n<\/tr>\n<tr>\n<td>O-B87-091-071<\/td>\n<td>Film pour d\u00e9coration Easyplot Fun 3 ca. A4<\/td>\n<td>argent &#8211; noir<\/td>\n<\/tr>\n<\/tbody>\n<\/table>\n<p>&nbsp;<\/p>\n<div style=\"text-align:left\" class=\"wps-pgfw-pdf-generate-icon__wrapper-frontend\">\n\t\t<a href=\"https:\/\/www.speedmodels.ch\/fr\/wp-json\/wp\/v2\/product\/21056\/?action=genpdf&amp;id=21056\" class=\"pgfw-single-pdf-download-button\" target=_blank><img src=\"https:\/\/speedmodels.ch\/wp-content\/uploads\/2021\/09\/pdf_icon.png\" title=\"G\u00e9n\u00e9rer un PDF\" style=\"width:auto; height:45px;\"><\/a>\n\t\t<\/div>","protected":false},"excerpt":{"rendered":"<p>Film pour d\u00e9coration Easyplot Fun 3 ca. A4 Film autocollant particuli\u00e8rement ind\u00e9chirable et dimensionsstabile en polyester de grande qualit\u00e9 &#8211; convient pour aliments &#8211; un verso stable &amp; imprimable &#8211; extr\u00eamement r\u00e9sistant \u00e0 la chaleur &#8211; r\u00e9sistant aux carburants &#8211; r\u00e9sistant au graffiti &#8211; r\u00e9sistant au stylo-feutre &#8211; peut \u00eatre revernir &#8211; le collage humide [&hellip;]<\/p>\n","protected":false},"featured_media":9919,"template":"","meta":[],"product_brand":[],"product_cat":[1841],"product_tag":[],"class_list":{"0":"post-21056","1":"product","2":"type-product","3":"status-publish","4":"has-post-thumbnail","6":"product_cat-film-pour-decoration-environ-a4","8":"first","9":"instock","10":"shipping-taxable","11":"product-type-simple"},"_links":{"self":[{"href":"https:\/\/www.speedmodels.ch\/fr\/wp-json\/wp\/v2\/product\/21056","targetHints":{"allow":["GET"]}}],"collection":[{"href":"https:\/\/www.speedmodels.ch\/fr\/wp-json\/wp\/v2\/product"}],"about":[{"href":"https:\/\/www.speedmodels.ch\/fr\/wp-json\/wp\/v2\/types\/product"}],"version-history":[{"count":0,"href":"https:\/\/www.speedmodels.ch\/fr\/wp-json\/wp\/v2\/product\/21056\/revisions"}],"wp:featuredmedia":[{"embeddable":true,"href":"https:\/\/www.speedmodels.ch\/fr\/wp-json\/wp\/v2\/media\/9919"}],"wp:attachment":[{"href":"https:\/\/www.speedmodels.ch\/fr\/wp-json\/wp\/v2\/media?parent=21056"}],"wp:term":[{"taxonomy":"product_brand","embeddable":true,"href":"https:\/\/www.speedmodels.ch\/fr\/wp-json\/wp\/v2\/product_brand?post=21056"},{"taxonomy":"product_cat","embeddable":true,"href":"https:\/\/www.speedmodels.ch\/fr\/wp-json\/wp\/v2\/product_cat?post=21056"},{"taxonomy":"product_tag","embeddable":true,"href":"https:\/\/www.speedmodels.ch\/fr\/wp-json\/wp\/v2\/product_tag?post=21056"}],"curies":[{"name":"wp","href":"https:\/\/api.w.org\/{rel}","templated":true}]}}