{"id":21043,"date":"2022-05-16T12:48:24","date_gmt":"2022-05-16T12:48:24","guid":{"rendered":"https:\/\/www.speedmodels.ch\/produkte\/unkategorisiert\/oratex-cleaner-2\/"},"modified":"2025-12-19T13:51:55","modified_gmt":"2025-12-19T13:51:55","slug":"oratex-cleaner-concentre","status":"publish","type":"product","link":"https:\/\/www.speedmodels.ch\/fr\/produits\/film-couverture-decor\/accessoires-oratex\/oratex-cleaner-concentre\/","title":{"rendered":"Oratex Cleaner concentr\u00e9"},"content":{"rendered":"<p>Oratex Cleaner concentr\u00e9<\/p>\n<p>Selon le degr\u00e9 de salissure, <strong>le concentr\u00e9<\/strong> peut \u00eatre dilu\u00e9 de 1:3 \u00e0 1:10. Le CLEANER est pulv\u00e9ris\u00e9 \u00e0 une distance d&rsquo;environ 20 cm. Laissez agir pour environ 1 &#8211; 2 minutes, frotter cette surface avec un chiffon doux pour collecter la salet\u00e9 desserr\u00e9e. En cas de salissures tenaces, retravailler avec un chiffon, une \u00e9ponge ou une brosse. Sur les surfaces textiles, frottez la salet\u00e9 selon un motif entrecrois\u00e9. Puis rincez \u00e0 l&rsquo;eau claire. Nous vous recommandons de remplir le concentr\u00e9 dans la bouteille de nettoyant pour l&rsquo;application.<\/p>\n<p>Remarque: ne pas utiliser en plein soleil ou sur des surfaces chaudes. Utilisez uniquement sur des surfaces alcali-r\u00e9sistant et r\u00e9sistant \u00e0 l&rsquo;eau.<br \/>\nConcentr\u00e9 pour jusqu&rsquo;\u00e0 11 litres de solution pr\u00eate \u00e0 l&#8217;emploi.<\/p>\n<p>contenu: 1000 ml<br \/>\n<strong>Downloads f\u00fcr diesen Artikel<\/strong>: <a href=\"https:\/\/www.speedmodels.ch\/wp-content\/uploads\/2025\/12\/SBD-mit-Deckblatt-08210-ORATEX-Cleaner-Konzentrat_D_06.06.2025.pdf\">SBD mit Deckblatt 08210 ORATEX Cleaner &#8211; Konzentrat_D_06.06.2025<\/a><\/p>\n<div style=\"text-align:left\" class=\"wps-pgfw-pdf-generate-icon__wrapper-frontend\">\n\t\t<a href=\"https:\/\/www.speedmodels.ch\/fr\/wp-json\/wp\/v2\/product\/21043\/?action=genpdf&amp;id=21043\" class=\"pgfw-single-pdf-download-button\" target=_blank><img src=\"https:\/\/speedmodels.ch\/wp-content\/uploads\/2021\/09\/pdf_icon.png\" title=\"G\u00e9n\u00e9rer un PDF\" style=\"width:auto; height:45px;\"><\/a>\n\t\t<\/div>","protected":false},"excerpt":{"rendered":"<p>Oratex Cleaner concentr\u00e9 Selon le degr\u00e9 de salissure, le concentr\u00e9 peut \u00eatre dilu\u00e9 de 1:3 \u00e0 1:10. Le CLEANER est pulv\u00e9ris\u00e9 \u00e0 une distance d&rsquo;environ 20 cm. Laissez agir pour environ 1 &#8211; 2 minutes, frotter cette surface avec un chiffon doux pour collecter la salet\u00e9 desserr\u00e9e. En cas de salissures tenaces, retravailler avec un [&hellip;]<\/p>\n","protected":false},"featured_media":9947,"template":"","meta":[],"product_brand":[],"product_cat":[1731],"product_tag":[],"class_list":{"0":"post-21043","1":"product","2":"type-product","3":"status-publish","4":"has-post-thumbnail","6":"product_cat-accessoires-oratex","8":"first","9":"instock","10":"shipping-taxable","11":"product-type-simple"},"_links":{"self":[{"href":"https:\/\/www.speedmodels.ch\/fr\/wp-json\/wp\/v2\/product\/21043","targetHints":{"allow":["GET"]}}],"collection":[{"href":"https:\/\/www.speedmodels.ch\/fr\/wp-json\/wp\/v2\/product"}],"about":[{"href":"https:\/\/www.speedmodels.ch\/fr\/wp-json\/wp\/v2\/types\/product"}],"version-history":[{"count":1,"href":"https:\/\/www.speedmodels.ch\/fr\/wp-json\/wp\/v2\/product\/21043\/revisions"}],"predecessor-version":[{"id":32941,"href":"https:\/\/www.speedmodels.ch\/fr\/wp-json\/wp\/v2\/product\/21043\/revisions\/32941"}],"wp:featuredmedia":[{"embeddable":true,"href":"https:\/\/www.speedmodels.ch\/fr\/wp-json\/wp\/v2\/media\/9947"}],"wp:attachment":[{"href":"https:\/\/www.speedmodels.ch\/fr\/wp-json\/wp\/v2\/media?parent=21043"}],"wp:term":[{"taxonomy":"product_brand","embeddable":true,"href":"https:\/\/www.speedmodels.ch\/fr\/wp-json\/wp\/v2\/product_brand?post=21043"},{"taxonomy":"product_cat","embeddable":true,"href":"https:\/\/www.speedmodels.ch\/fr\/wp-json\/wp\/v2\/product_cat?post=21043"},{"taxonomy":"product_tag","embeddable":true,"href":"https:\/\/www.speedmodels.ch\/fr\/wp-json\/wp\/v2\/product_tag?post=21043"}],"curies":[{"name":"wp","href":"https:\/\/api.w.org\/{rel}","templated":true}]}}