{"id":21042,"date":"2022-05-16T12:46:15","date_gmt":"2022-05-16T12:46:15","guid":{"rendered":"https:\/\/www.speedmodels.ch\/produkte\/unkategorisiert\/oratex-cleaner\/"},"modified":"2025-12-19T14:02:30","modified_gmt":"2025-12-19T14:02:30","slug":"oratex-cleaner-2-2","status":"publish","type":"product","link":"https:\/\/www.speedmodels.ch\/fr\/produits\/film-couverture-decor\/accessoires-oratex\/oratex-cleaner-2-2\/","title":{"rendered":"Oratex Cleaner"},"content":{"rendered":"<p>Oratex Cleaner (pr\u00e8t \u00e0 l&#8217;emploi)<\/p>\n<p>Le porduit de nettoyage utilis\u00e9 par les professionnels pour les avions couverts. Enl\u00e8ve sans effort la graisse, l&rsquo;huile, la cire, la suie, la r\u00e9sine etc Der ORATEX<sup>\u00ae<\/sup> Cleaner est utiliser pour nettoyer les surfaces sales comme la surface en plastiique et la surface en textile. Le Cleaner est piulveris\u00e9 \u00e0 une distance d&rsquo;environ 20cm. Laisser agir pour environ 1 minute, frotter cette surface avec un chiffon doux pour collecter la salet\u00e9 desserr\u00e9e. Ne le laissez pas s\u00e9cher. Puis rincez \u00e0 l&rsquo;eau claire. Facilement biod\u00e9gradable. Remarque: ne pas utiliser en plein soleil ou sur des surfaces chaudes. Utilisez uniquement sur des surfaces alcali-r\u00e9sistant et r\u00e9sistant \u00e0 l&rsquo;eau.<\/p>\n<p>contenu: 500 ml<\/p>\n<p><strong>Respecter les consignes de s\u00e9curit\u00e9 &#8211; Downloads pour cet article: <a href=\"https:\/\/www.speedmodels.ch\/wp-content\/uploads\/2025\/12\/SBD-mit-Deckblatt-08200-ORATEX-Cleaner-gebrauchsfertig_D_06.06.2025.pdf\">SBD mit Deckblatt 08200 ORATEX Cleaner &#8211; gebrauchsfertig_D_06.06.2025<\/a><\/strong><\/p>\n<div style=\"text-align:left\" class=\"wps-pgfw-pdf-generate-icon__wrapper-frontend\">\n\t\t<a href=\"https:\/\/www.speedmodels.ch\/fr\/wp-json\/wp\/v2\/product\/21042\/?action=genpdf&amp;id=21042\" class=\"pgfw-single-pdf-download-button\" target=_blank><img src=\"https:\/\/speedmodels.ch\/wp-content\/uploads\/2021\/09\/pdf_icon.png\" title=\"G\u00e9n\u00e9rer un PDF\" style=\"width:auto; height:45px;\"><\/a>\n\t\t<\/div>","protected":false},"excerpt":{"rendered":"<p>Oratex Cleaner (pr\u00e8t \u00e0 l&#8217;emploi) Le porduit de nettoyage utilis\u00e9 par les professionnels pour les avions couverts. Enl\u00e8ve sans effort la graisse, l&rsquo;huile, la cire, la suie, la r\u00e9sine etc Der ORATEX\u00ae Cleaner est utiliser pour nettoyer les surfaces sales comme la surface en plastiique et la surface en textile. Le Cleaner est piulveris\u00e9 \u00e0 [&hellip;]<\/p>\n","protected":false},"featured_media":9946,"template":"","meta":[],"product_brand":[],"product_cat":[1731],"product_tag":[],"class_list":{"0":"post-21042","1":"product","2":"type-product","3":"status-publish","4":"has-post-thumbnail","6":"product_cat-accessoires-oratex","8":"first","9":"instock","10":"shipping-taxable","11":"product-type-simple"},"_links":{"self":[{"href":"https:\/\/www.speedmodels.ch\/fr\/wp-json\/wp\/v2\/product\/21042","targetHints":{"allow":["GET"]}}],"collection":[{"href":"https:\/\/www.speedmodels.ch\/fr\/wp-json\/wp\/v2\/product"}],"about":[{"href":"https:\/\/www.speedmodels.ch\/fr\/wp-json\/wp\/v2\/types\/product"}],"version-history":[{"count":1,"href":"https:\/\/www.speedmodels.ch\/fr\/wp-json\/wp\/v2\/product\/21042\/revisions"}],"predecessor-version":[{"id":32944,"href":"https:\/\/www.speedmodels.ch\/fr\/wp-json\/wp\/v2\/product\/21042\/revisions\/32944"}],"wp:featuredmedia":[{"embeddable":true,"href":"https:\/\/www.speedmodels.ch\/fr\/wp-json\/wp\/v2\/media\/9946"}],"wp:attachment":[{"href":"https:\/\/www.speedmodels.ch\/fr\/wp-json\/wp\/v2\/media?parent=21042"}],"wp:term":[{"taxonomy":"product_brand","embeddable":true,"href":"https:\/\/www.speedmodels.ch\/fr\/wp-json\/wp\/v2\/product_brand?post=21042"},{"taxonomy":"product_cat","embeddable":true,"href":"https:\/\/www.speedmodels.ch\/fr\/wp-json\/wp\/v2\/product_cat?post=21042"},{"taxonomy":"product_tag","embeddable":true,"href":"https:\/\/www.speedmodels.ch\/fr\/wp-json\/wp\/v2\/product_tag?post=21042"}],"curies":[{"name":"wp","href":"https:\/\/api.w.org\/{rel}","templated":true}]}}