{"id":21039,"date":"2021-12-15T09:28:04","date_gmt":"2021-12-15T09:28:04","guid":{"rendered":"https:\/\/www.speedmodels.ch\/produkte\/unkategorisiert\/oratex-adhesif-thermo-activable\/"},"modified":"2026-04-23T12:46:48","modified_gmt":"2026-04-23T12:46:48","slug":"oratex-adhesif-thermo-activable","status":"publish","type":"product","link":"https:\/\/www.speedmodels.ch\/fr\/produits\/film-couverture-decor\/accessoires-oratex\/oratex-adhesif-thermo-activable\/","title":{"rendered":"Oratex adh\u00e9sif thermo activable"},"content":{"rendered":"<p><strong>Oratex adh\u00e9sif thermo activable<\/strong><\/p>\n<p>ORATEX\u00aeAdh\u00e9sive thermoactivable peut \u00eatre utilis\u00e9 pour am\u00e9liorer l&rsquo;adh\u00e9sion de nos produits \u00e0 repassage, ainsi que comme adh\u00e9sive sp\u00e9cial pour ORATEX<sup>\u00ae<\/sup>. Ne convient pas aux supports non r\u00e9sistants aux solvants organiques. Laisser bien s\u00e9cher avant de repasser. Selon la surface il faut mettre une ou deux couches d&rsquo;adh\u00e9sive. La quantit\u00e9 (sec) id\u00e9al \u00e0 \u00eatre mis sur la surface est : 20 g\/m\u00b2.<\/p>\n<p>Nous produisons des adh\u00e9sives adapt\u00e9s \u00e0 chaque besoin, p. ex. pour pr\u00e9parer des surfaces de bois au repassage: L&rsquo;adh\u00e9sive liquide emm\u00e9nage dans le bois, collant les fibres non stables \u00e0 la surface. Cela emp\u00eache que ces fibres s&rsquo;alignent sous pression et que l&rsquo;entoilage se d\u00e9lie ce qui est normalement la cause de plis. Comme les fibres arrach\u00e9s entrent dans la couche d&rsquo;adh\u00e9sive du film, il n&rsquo;y a plus de possibilit\u00e9 de r\u00e9parer par un repassage nouveau : le film diminue mais la couche d&rsquo;adh\u00e9sion a perdu la force suite \u00e0 \u00eatre en contact avec les fibres. Nos adh\u00e9sives liquides sont les m\u00eames que ceux utilis\u00e9s dans nos films d&rsquo;entoilage. Choisissez donc toujours l&rsquo;adh\u00e9sive appropri\u00e9 pour le film que vous souhaitez utiliser. La consommation d&rsquo;adh\u00e9sive est ca 20g\/m\u00b2, relative \u00e0 la substance s\u00e8che. Il est important de laisser l&rsquo;adh\u00e9sive s\u00e9cher compl\u00e8tement avant de mettre l&rsquo;entoilage pour \u00e9viter qu&rsquo;il y ait toujours des restes de solvants non \u00e9vapor\u00e9s qui pourraient causer des bulles apr\u00e8s. Si nos adh\u00e9sives ont s\u00e9ch\u00e9 dans la bo\u00eete, ils peuvent \u00eatre ajust\u00e9s avec le diluant appropri\u00e9 pour obtenir de nouveau la viscosit\u00e9 id\u00e9ale pour la peinture.<br \/>\nT\u00e9lecharge pour cet article: <a href=\"https:\/\/www.speedmodels.ch\/wp-content\/uploads\/2025\/12\/SBD-mit-Deckblatt-0965_0966_0968-ORATEX-Heisssiegelkleber_D_11.06.2025.pdf\">SBD mit Deckblatt 0965_0966_0968 ORATEX Heisssiegelkleber_D_11.06.2025<\/a><\/p>\n<table style=\"height: 200px;\" width=\"680\">\n<tbody>\n<tr>\n<td width=\"61\">No de commande:<\/td>\n<td width=\"175\">d\u00e9scription<\/td>\n<td width=\"83\">quantit\u00e9<\/td>\n<\/tr>\n<tr>\n<td>O-0965<\/td>\n<td>ORATEX adh\u00e9sif thermo activable<\/td>\n<td>100 ml<\/td>\n<\/tr>\n<tr>\n<td>O-0966<\/td>\n<td>ORATEX adh\u00e9sif thermo activable<\/td>\n<td>1000 ml<\/td>\n<\/tr>\n<tr>\n<td>O-0968<\/td>\n<td>ORATEX adh\u00e9sif thermo activable<\/td>\n<td>250 ml<\/td>\n<\/tr>\n<\/tbody>\n<\/table>\n<div style=\"text-align:left\" class=\"wps-pgfw-pdf-generate-icon__wrapper-frontend\">\n\t\t<a href=\"https:\/\/www.speedmodels.ch\/fr\/wp-json\/wp\/v2\/product\/21039\/?action=genpdf&amp;id=21039\" class=\"pgfw-single-pdf-download-button\" target=_blank><img src=\"https:\/\/speedmodels.ch\/wp-content\/uploads\/2021\/09\/pdf_icon.png\" title=\"G\u00e9n\u00e9rer un PDF\" style=\"width:auto; height:45px;\"><\/a>\n\t\t<\/div>","protected":false},"excerpt":{"rendered":"<p>Oratex adh\u00e9sif thermo activable ORATEX\u00aeAdh\u00e9sive thermoactivable peut \u00eatre utilis\u00e9 pour am\u00e9liorer l&rsquo;adh\u00e9sion de nos produits \u00e0 repassage, ainsi que comme adh\u00e9sive sp\u00e9cial pour ORATEX\u00ae. Ne convient pas aux supports non r\u00e9sistants aux solvants organiques. Laisser bien s\u00e9cher avant de repasser. Selon la surface il faut mettre une ou deux couches d&rsquo;adh\u00e9sive. La quantit\u00e9 (sec) id\u00e9al [&hellip;]<\/p>\n","protected":false},"featured_media":9935,"template":"","meta":[],"product_brand":[],"product_cat":[1731],"product_tag":[],"class_list":{"0":"post-21039","1":"product","2":"type-product","3":"status-publish","4":"has-post-thumbnail","6":"product_cat-accessoires-oratex","8":"first","9":"instock","10":"shipping-taxable","11":"product-type-simple"},"_links":{"self":[{"href":"https:\/\/www.speedmodels.ch\/fr\/wp-json\/wp\/v2\/product\/21039","targetHints":{"allow":["GET"]}}],"collection":[{"href":"https:\/\/www.speedmodels.ch\/fr\/wp-json\/wp\/v2\/product"}],"about":[{"href":"https:\/\/www.speedmodels.ch\/fr\/wp-json\/wp\/v2\/types\/product"}],"version-history":[{"count":1,"href":"https:\/\/www.speedmodels.ch\/fr\/wp-json\/wp\/v2\/product\/21039\/revisions"}],"predecessor-version":[{"id":33693,"href":"https:\/\/www.speedmodels.ch\/fr\/wp-json\/wp\/v2\/product\/21039\/revisions\/33693"}],"wp:featuredmedia":[{"embeddable":true,"href":"https:\/\/www.speedmodels.ch\/fr\/wp-json\/wp\/v2\/media\/9935"}],"wp:attachment":[{"href":"https:\/\/www.speedmodels.ch\/fr\/wp-json\/wp\/v2\/media?parent=21039"}],"wp:term":[{"taxonomy":"product_brand","embeddable":true,"href":"https:\/\/www.speedmodels.ch\/fr\/wp-json\/wp\/v2\/product_brand?post=21039"},{"taxonomy":"product_cat","embeddable":true,"href":"https:\/\/www.speedmodels.ch\/fr\/wp-json\/wp\/v2\/product_cat?post=21039"},{"taxonomy":"product_tag","embeddable":true,"href":"https:\/\/www.speedmodels.ch\/fr\/wp-json\/wp\/v2\/product_tag?post=21039"}],"curies":[{"name":"wp","href":"https:\/\/api.w.org\/{rel}","templated":true}]}}