{"id":21038,"date":"2021-12-15T09:37:56","date_gmt":"2021-12-15T09:37:56","guid":{"rendered":"https:\/\/www.speedmodels.ch\/produkte\/unkategorisiert\/oratex-cire\/"},"modified":"2026-04-23T12:09:14","modified_gmt":"2026-04-23T12:09:14","slug":"oratex-cire","status":"publish","type":"product","link":"https:\/\/www.speedmodels.ch\/fr\/produits\/film-couverture-decor\/accessoires-oratex\/oratex-cire\/","title":{"rendered":"Oratex cire"},"content":{"rendered":"<p>Oratex cire<\/p>\n<p>Pour la protection contre la pollution et pour un nettoyage facile ainsi qu&rsquo;une protection des couleurs maximales.<br \/>\nBien SECOUER avant d&rsquo;usage.<br \/>\nIncorporer attentivement la cire au tissu par un chiffon the coton et polir en second temps avec un chiffon microfibre. Ne pas inhaler les vapeurs et s&rsquo;occuper d&rsquo;une ventilation bien. Eviter tout contact avec la peau. Portez toujours des gants chimiques lorsque vous manipulez des solvants.<\/p>\n<p>450 ml<\/p>\n<p><strong>Veuillez consulter les Consignes de s\u00e9curit\u00e9 &#8211; T\u00e9l\u00e9chargements pour cet article :<\/strong> <a href=\"https:\/\/www.speedmodels.ch\/wp-content\/uploads\/2026\/04\/SDB-mit-Deckblatt-08240-Oratex%C2%AE-Schutzwachs_05.06.2025.pdf\">FDS avec page de garde 08240 Oratex\u00ae Cire de protection_05.06.2025<\/a><\/p>\n<div style=\"text-align:left\" class=\"wps-pgfw-pdf-generate-icon__wrapper-frontend\">\n\t\t<a href=\"https:\/\/www.speedmodels.ch\/fr\/wp-json\/wp\/v2\/product\/21038\/?action=genpdf&amp;id=21038\" class=\"pgfw-single-pdf-download-button\" target=_blank><img src=\"https:\/\/speedmodels.ch\/wp-content\/uploads\/2021\/09\/pdf_icon.png\" title=\"G\u00e9n\u00e9rer un PDF\" style=\"width:auto; height:45px;\"><\/a>\n\t\t<\/div>","protected":false},"excerpt":{"rendered":"<p>Oratex cire Pour la protection contre la pollution et pour un nettoyage facile ainsi qu&rsquo;une protection des couleurs maximales. Bien SECOUER avant d&rsquo;usage. Incorporer attentivement la cire au tissu par un chiffon the coton et polir en second temps avec un chiffon microfibre. Ne pas inhaler les vapeurs et s&rsquo;occuper d&rsquo;une ventilation bien. Eviter tout [&hellip;]<\/p>\n","protected":false},"featured_media":9948,"template":"","meta":[],"product_brand":[],"product_cat":[1731],"product_tag":[],"class_list":{"0":"post-21038","1":"product","2":"type-product","3":"status-publish","4":"has-post-thumbnail","6":"product_cat-accessoires-oratex","8":"first","9":"instock","10":"shipping-taxable","11":"product-type-simple"},"_links":{"self":[{"href":"https:\/\/www.speedmodels.ch\/fr\/wp-json\/wp\/v2\/product\/21038","targetHints":{"allow":["GET"]}}],"collection":[{"href":"https:\/\/www.speedmodels.ch\/fr\/wp-json\/wp\/v2\/product"}],"about":[{"href":"https:\/\/www.speedmodels.ch\/fr\/wp-json\/wp\/v2\/types\/product"}],"version-history":[{"count":2,"href":"https:\/\/www.speedmodels.ch\/fr\/wp-json\/wp\/v2\/product\/21038\/revisions"}],"predecessor-version":[{"id":33660,"href":"https:\/\/www.speedmodels.ch\/fr\/wp-json\/wp\/v2\/product\/21038\/revisions\/33660"}],"wp:featuredmedia":[{"embeddable":true,"href":"https:\/\/www.speedmodels.ch\/fr\/wp-json\/wp\/v2\/media\/9948"}],"wp:attachment":[{"href":"https:\/\/www.speedmodels.ch\/fr\/wp-json\/wp\/v2\/media?parent=21038"}],"wp:term":[{"taxonomy":"product_brand","embeddable":true,"href":"https:\/\/www.speedmodels.ch\/fr\/wp-json\/wp\/v2\/product_brand?post=21038"},{"taxonomy":"product_cat","embeddable":true,"href":"https:\/\/www.speedmodels.ch\/fr\/wp-json\/wp\/v2\/product_cat?post=21038"},{"taxonomy":"product_tag","embeddable":true,"href":"https:\/\/www.speedmodels.ch\/fr\/wp-json\/wp\/v2\/product_tag?post=21038"}],"curies":[{"name":"wp","href":"https:\/\/api.w.org\/{rel}","templated":true}]}}