{"id":21036,"date":"2022-01-06T06:46:15","date_gmt":"2022-01-06T06:46:15","guid":{"rendered":"https:\/\/www.speedmodels.ch\/produkte\/unkategorisiert\/oracover-air-adhesif\/"},"modified":"2026-04-23T12:42:21","modified_gmt":"2026-04-23T12:42:21","slug":"oracover-air-adhesif","status":"publish","type":"product","link":"https:\/\/www.speedmodels.ch\/fr\/produits\/film-couverture-decor\/accessoires-films\/oracover-air-adhesif\/","title":{"rendered":"Oracover AIR adh\u00e9sif"},"content":{"rendered":"<p>ORACOVER<sup>\u00ae<\/sup>AIR Adh\u00e9sive a \u00e9t\u00e9 d\u00e9velopp\u00e9 sp\u00e9cialement pour l&rsquo;adh\u00e9sion optimale des films sur des a\u00e9ronefs.<\/p>\n<p>Il doit \u00eatre appliqu\u00e9 tr\u00e8s fin sur les deux cot\u00e9s du joint, \u00e0 repasser apr\u00e8s s\u00e9chage \u00e0 ca 70\u00b0C &#8211; 80\u00b0C.<\/p>\n<p>Nous produisons des adh\u00e9sives adapt\u00e9s \u00e0 chaque besoin, p. ex. pour pr\u00e9parer des surfaces de bois au repassage: L&rsquo;adh\u00e9sive liquide emm\u00e9nage dans le bois, collant les fibres non stables \u00e0 la surface. Cela emp\u00eache que ces fibres s&rsquo;alignent sous pression et que l&rsquo;entoilage se d\u00e9lie ce qui est normalement la cause de plis. Comme les fibres arrach\u00e9s entrent dans la couche d&rsquo;adh\u00e9sive du film, il n&rsquo;y a plus de possibilit\u00e9 de r\u00e9parer par un repassage nouveau : le film diminue mais la couche d&rsquo;adh\u00e9sion a perdu la force suite \u00e0 \u00eatre en contact avec les fibres. Nos adh\u00e9sives liquides sont les m\u00eames que ceux utilis\u00e9s dans nos films d&rsquo;entoilage. Choisissez donc toujours l&rsquo;adh\u00e9sive appropri\u00e9 pour le film que vous souhaitez utiliser. La consommation d&rsquo;adh\u00e9sive est ca 20g\/m\u00b2, relative \u00e0 la substance s\u00e8che. Il est important de laisser l&rsquo;adh\u00e9sive s\u00e9cher compl\u00e8tement avant de mettre l&rsquo;entoilage pour \u00e9viter qu&rsquo;il y ait toujours des restes de solvants non \u00e9vapor\u00e9s qui pourraient causer des bulles apr\u00e8s. Si nos adh\u00e9sives ont s\u00e9ch\u00e9 dans la bo\u00eete, ils peuvent \u00eatre ajust\u00e9s avec le diluant appropri\u00e9 pour obtenir de nouveau la viscosit\u00e9 id\u00e9ale pour la peinture.<\/p>\n<p>100ml<\/p>\n<p><strong>T\u00e9lecharge pour cet article:<\/strong> <a href=\"https:\/\/www.speedmodels.ch\/wp-content\/uploads\/2026\/04\/SDB-mit-Deckblatt-0961-ORACOVER%C2%AE-AIR-Heisssiegelkleber_D_11.06.2025-de_11.pdf\">SDB mit Deckblatt 0961 ORACOVER\u00ae AIR Heisssiegelkleber_D_11.06.2025-de_1,1<\/a><\/p>\n<p>&nbsp;<\/p>\n<div style=\"text-align:left\" class=\"wps-pgfw-pdf-generate-icon__wrapper-frontend\">\n\t\t<a href=\"https:\/\/www.speedmodels.ch\/fr\/wp-json\/wp\/v2\/product\/21036\/?action=genpdf&amp;id=21036\" class=\"pgfw-single-pdf-download-button\" target=_blank><img src=\"https:\/\/speedmodels.ch\/wp-content\/uploads\/2021\/09\/pdf_icon.png\" title=\"G\u00e9n\u00e9rer un PDF\" style=\"width:auto; height:45px;\"><\/a>\n\t\t<\/div>","protected":false},"excerpt":{"rendered":"<p>ORACOVER\u00aeAIR Adh\u00e9sive a \u00e9t\u00e9 d\u00e9velopp\u00e9 sp\u00e9cialement pour l&rsquo;adh\u00e9sion optimale des films sur des a\u00e9ronefs. Il doit \u00eatre appliqu\u00e9 tr\u00e8s fin sur les deux cot\u00e9s du joint, \u00e0 repasser apr\u00e8s s\u00e9chage \u00e0 ca 70\u00b0C &#8211; 80\u00b0C. Nous produisons des adh\u00e9sives adapt\u00e9s \u00e0 chaque besoin, p. ex. pour pr\u00e9parer des surfaces de bois au repassage: L&rsquo;adh\u00e9sive liquide [&hellip;]<\/p>\n","protected":false},"featured_media":9933,"template":"","meta":[],"product_brand":[],"product_cat":[1697],"product_tag":[],"class_list":{"0":"post-21036","1":"product","2":"type-product","3":"status-publish","4":"has-post-thumbnail","6":"product_cat-accessoires-films","8":"first","9":"instock","10":"shipping-taxable","11":"product-type-simple"},"_links":{"self":[{"href":"https:\/\/www.speedmodels.ch\/fr\/wp-json\/wp\/v2\/product\/21036","targetHints":{"allow":["GET"]}}],"collection":[{"href":"https:\/\/www.speedmodels.ch\/fr\/wp-json\/wp\/v2\/product"}],"about":[{"href":"https:\/\/www.speedmodels.ch\/fr\/wp-json\/wp\/v2\/types\/product"}],"version-history":[{"count":2,"href":"https:\/\/www.speedmodels.ch\/fr\/wp-json\/wp\/v2\/product\/21036\/revisions"}],"predecessor-version":[{"id":33688,"href":"https:\/\/www.speedmodels.ch\/fr\/wp-json\/wp\/v2\/product\/21036\/revisions\/33688"}],"wp:featuredmedia":[{"embeddable":true,"href":"https:\/\/www.speedmodels.ch\/fr\/wp-json\/wp\/v2\/media\/9933"}],"wp:attachment":[{"href":"https:\/\/www.speedmodels.ch\/fr\/wp-json\/wp\/v2\/media?parent=21036"}],"wp:term":[{"taxonomy":"product_brand","embeddable":true,"href":"https:\/\/www.speedmodels.ch\/fr\/wp-json\/wp\/v2\/product_brand?post=21036"},{"taxonomy":"product_cat","embeddable":true,"href":"https:\/\/www.speedmodels.ch\/fr\/wp-json\/wp\/v2\/product_cat?post=21036"},{"taxonomy":"product_tag","embeddable":true,"href":"https:\/\/www.speedmodels.ch\/fr\/wp-json\/wp\/v2\/product_tag?post=21036"}],"curies":[{"name":"wp","href":"https:\/\/api.w.org\/{rel}","templated":true}]}}