{"id":21035,"date":"2022-01-06T06:55:32","date_gmt":"2022-01-06T06:55:32","guid":{"rendered":"https:\/\/www.speedmodels.ch\/produkte\/unkategorisiert\/oracover-adhesif-pour-polystyrenes-expanges\/"},"modified":"2024-04-29T12:59:25","modified_gmt":"2024-04-29T12:59:25","slug":"oracover-adhesif-pour-polystyrenes-expanges","status":"publish","type":"product","link":"https:\/\/www.speedmodels.ch\/fr\/produits\/film-couverture-decor\/accessoires-films\/oracover-adhesif-pour-polystyrenes-expanges\/","title":{"rendered":"Oracover adh\u00e9sif pour Polystyrenes Expanges"},"content":{"rendered":"<p>ORACOVER<sup>\u00ae<\/sup> adh\u00e9sif pour Polystyrene \/ Depron<\/p>\n<p>Mod\u00e8les de Polystyr\u00e8ne\u00ae\/Depron\u00ae doivent \u00eatre peint avec notre adh\u00e9sive mousse ORACOVER<sup>\u00ae<\/sup> Avant de mettre l&rsquo;adh\u00e9sive, assurez-vous que la surface est bien \u00e9gale comme on pourra voir des in\u00e9galit\u00e9s sous l&rsquo;entoilage plus tard. Pour appliquer l&rsquo;adh\u00e9sive, nous recommandons un pinceau fait de fibres artificielles, pour \u00e9viter que le pinceau absorbe de l&rsquo;eau de l&rsquo;adh\u00e9sive et que l&rsquo;adh\u00e9sive forme ainsi de petits grumeaux en s\u00e9chant. Laissez l&rsquo;adh\u00e9sive s\u00e9cher compl\u00e8tement avant de mettre l&rsquo;entoilage. Ensuite vous pouvez repasser ou coller ORACOVER<sup>\u00ae<\/sup> \/ ORASTICK<sup>\u00ae<\/sup>. Faites des essais sur un morceau de Polystyr\u00e8ne afin de d\u00e9terminer pr\u00e9cis\u00e9ment la temp\u00e9rature qui convient, et de vous familiariser avec la m\u00e9thode de pose. Si vous devez malgr\u00e9 tout utiliser le fer \u00e0 entoiler pour parfaire la pose, veillez \u00e0 ne pas d\u00e9passer les 95 \u00b0C, afin de ne pas endommager le Polystyr\u00e8ne.<\/p>\n<p>Gr\u00e2ce \u00e0 un r\u00e9chauffement \u00e0 80 \u00b0C le film peut \u00eatre enlev\u00e9 sans endommager la surface (pour des raisons de r\u00e9paration).<\/p>\n<p><span style=\"color: ff0000;\"><b><u>INFORMATION IMPORTANTE<\/u><\/b><\/span><\/p>\n<p><span style=\"color: ff0000;\">Si la temp\u00e9rature ext\u00e9rieure tombe en dessous de 5 \u00b0C, l\u2019ORACOVER<sup>\u00ae<\/sup> Adh\u00e9sive mousse peut \u00eatre envoy\u00e9 justement dans un emballage thermique et isolant. Frais d&rsquo;envoi seront \u00e0 votre charge.<\/span><\/p>\n<p><strong>Fiche de donn\u00e9es de s\u00e9curit\u00e9:<\/strong> <a href=\"https:\/\/www.speedmodels.ch\/wp-content\/uploads\/2023\/10\/SDB-mit-Deckblatt-0981-ORACOVER%C2%AE-Schaumkleber-fuer-Styropor-Depron_11_DE_DE_20.4.2022-1.pdf\">SDB mit Deckblatt 0981 ORACOVER\u00ae Schaumkleber fuer Styropor-Depron_1,1_DE_DE_20.4.2022<\/a><\/p>\n<p>&nbsp;<\/p>\n<table width=\"468\">\n<tbody>\n<tr>\n<td width=\"83\"><em>No de commande:<\/em><\/td>\n<td width=\"302\"><em>d\u00e9scription<\/em><\/td>\n<td width=\"83\"><em>quantit\u00e9<\/em><\/td>\n<\/tr>\n<tr>\n<td>O-0981<\/td>\n<td>ORACOVER adh\u00e9sif pour Polystyrenes Expanges<\/td>\n<td>50 ml<\/td>\n<\/tr>\n<\/tbody>\n<\/table>\n<p>&nbsp;<\/p>\n<p><span style=\"color: ff0000;\"> <\/span><\/p>\n<div style=\"text-align:left\" class=\"wps-pgfw-pdf-generate-icon__wrapper-frontend\">\n\t\t<a href=\"https:\/\/www.speedmodels.ch\/fr\/wp-json\/wp\/v2\/product\/21035\/?action=genpdf&amp;id=21035\" class=\"pgfw-single-pdf-download-button\" target=_blank><img src=\"https:\/\/speedmodels.ch\/wp-content\/uploads\/2021\/09\/pdf_icon.png\" title=\"G\u00e9n\u00e9rer un PDF\" style=\"width:auto; height:45px;\"><\/a>\n\t\t<\/div>","protected":false},"excerpt":{"rendered":"<p>ORACOVER\u00ae adh\u00e9sif pour Polystyrene \/ Depron Mod\u00e8les de Polystyr\u00e8ne\u00ae\/Depron\u00ae doivent \u00eatre peint avec notre adh\u00e9sive mousse ORACOVER\u00ae Avant de mettre l&rsquo;adh\u00e9sive, assurez-vous que la surface est bien \u00e9gale comme on pourra voir des in\u00e9galit\u00e9s sous l&rsquo;entoilage plus tard. Pour appliquer l&rsquo;adh\u00e9sive, nous recommandons un pinceau fait de fibres artificielles, pour \u00e9viter que le pinceau absorbe [&hellip;]<\/p>\n","protected":false},"featured_media":9943,"template":"","meta":[],"product_brand":[],"product_cat":[1697],"product_tag":[],"class_list":{"0":"post-21035","1":"product","2":"type-product","3":"status-publish","4":"has-post-thumbnail","6":"product_cat-accessoires-films","8":"first","9":"instock","10":"shipping-taxable","11":"product-type-simple"},"_links":{"self":[{"href":"https:\/\/www.speedmodels.ch\/fr\/wp-json\/wp\/v2\/product\/21035","targetHints":{"allow":["GET"]}}],"collection":[{"href":"https:\/\/www.speedmodels.ch\/fr\/wp-json\/wp\/v2\/product"}],"about":[{"href":"https:\/\/www.speedmodels.ch\/fr\/wp-json\/wp\/v2\/types\/product"}],"version-history":[{"count":0,"href":"https:\/\/www.speedmodels.ch\/fr\/wp-json\/wp\/v2\/product\/21035\/revisions"}],"wp:featuredmedia":[{"embeddable":true,"href":"https:\/\/www.speedmodels.ch\/fr\/wp-json\/wp\/v2\/media\/9943"}],"wp:attachment":[{"href":"https:\/\/www.speedmodels.ch\/fr\/wp-json\/wp\/v2\/media?parent=21035"}],"wp:term":[{"taxonomy":"product_brand","embeddable":true,"href":"https:\/\/www.speedmodels.ch\/fr\/wp-json\/wp\/v2\/product_brand?post=21035"},{"taxonomy":"product_cat","embeddable":true,"href":"https:\/\/www.speedmodels.ch\/fr\/wp-json\/wp\/v2\/product_cat?post=21035"},{"taxonomy":"product_tag","embeddable":true,"href":"https:\/\/www.speedmodels.ch\/fr\/wp-json\/wp\/v2\/product_tag?post=21035"}],"curies":[{"name":"wp","href":"https:\/\/api.w.org\/{rel}","templated":true}]}}