{"id":21034,"date":"2022-01-06T07:00:33","date_gmt":"2022-01-06T07:00:33","guid":{"rendered":"https:\/\/www.speedmodels.ch\/produkte\/unkategorisiert\/oracover-epp-adhesif\/"},"modified":"2026-04-23T13:23:27","modified_gmt":"2026-04-23T13:23:27","slug":"oracover-epp-adhesif","status":"publish","type":"product","link":"https:\/\/www.speedmodels.ch\/fr\/produits\/film-couverture-decor\/accessoires-films\/oracover-epp-adhesif\/","title":{"rendered":"Oracover EPP adh\u00e9sif"},"content":{"rendered":"<p>ORACOVER<sup>\u00ae<\/sup> EPP adh\u00e9sif (Expanded PolyPropylene \/ polypropyl\u00e8ne cellulaire)<\/p>\n<p>Mod\u00e8les fait de EPP doivent \u00eatre pr\u00e9par\u00e9s avec notre adh\u00e9sive sp\u00e9cial ORACOVER<sup>\u00ae<\/sup> EPP Adh\u00e9sive, sur les surfaces concern\u00e9es. Avant de mettre l&rsquo;adh\u00e9sive, assurez-vous que la surface est bien \u00e9gale comme on pourra voir des in\u00e9galit\u00e9s sous l&rsquo;entoilage plus tard. Laissez l&rsquo;adh\u00e9sive s\u00e9cher compl\u00e8tement avant de mettre l&rsquo;entoilage.<\/p>\n<p>Afin d&rsquo;obtenir une bonne adh\u00e9sion du film sur les surfaces (souvent rugueuse et in\u00e9gales), nous conseillons d\u00b4appliquer une fine couche d\u00b4adh\u00e9sif ORASTICK<sup>\u00ae.<\/sup> Apr\u00e8s s\u00e9chage durant une nuit compl\u00e8te, vous pourrez entoiler le mod\u00e8le avec de l\u2019 ORACOVER\u00ae ou de l&rsquo; <sup><sup>ORASTICK\u00ae<\/sup><\/sup>.  Comme la surface conserve un certain pouvoir adh\u00e9sif, il est important de poser le film autant \u00e0 plat que possible. L&rsquo;adh\u00e9sif thermo-activable constitue la base de la liaison permanente du EPP au film. Lors de la tension du film, veillez \u00e0 ne pas d\u00e9passer 160 \u00b0C, pour ne pas endommager la mousse.<\/p>\n<p>Renseignement : Gr\u00e2ce \u00e0 un r\u00e9chauffement \u00e0 80 \u00b0C le film peut \u00eatre enlev\u00e9 sans endommager la surface (pour des raisons de r\u00e9paration).<br \/>\n<strong>Attention, contient solvants, inadapt\u00e9 au polystyr\u00e8ne!<\/strong><\/p>\n<p>Inhalt: 100 ml<strong><br \/>\nT\u00e9lecharge pour cet article: <a href=\"https:\/\/www.speedmodels.ch\/wp-content\/uploads\/2026\/04\/SDB-mit-Deckblatt-0982-ORACOVER%C2%AE-EPP-Heisssiegelkleber_D_11.06.2025.pdf\">SDB mit Deckblatt 0982 ORACOVER\u00ae EPP Heisssiegelkleber_D_11.06.2025<\/a><\/strong><\/p>\n<p>&nbsp;<\/p>\n<p><strong> <\/strong><\/p>\n<div style=\"text-align:left\" class=\"wps-pgfw-pdf-generate-icon__wrapper-frontend\">\n\t\t<a href=\"https:\/\/www.speedmodels.ch\/fr\/wp-json\/wp\/v2\/product\/21034\/?action=genpdf&amp;id=21034\" class=\"pgfw-single-pdf-download-button\" target=_blank><img src=\"https:\/\/speedmodels.ch\/wp-content\/uploads\/2021\/09\/pdf_icon.png\" title=\"G\u00e9n\u00e9rer un PDF\" style=\"width:auto; height:45px;\"><\/a>\n\t\t<\/div>","protected":false},"excerpt":{"rendered":"<p>ORACOVER\u00ae EPP adh\u00e9sif (Expanded PolyPropylene \/ polypropyl\u00e8ne cellulaire) Mod\u00e8les fait de EPP doivent \u00eatre pr\u00e9par\u00e9s avec notre adh\u00e9sive sp\u00e9cial ORACOVER\u00ae EPP Adh\u00e9sive, sur les surfaces concern\u00e9es. Avant de mettre l&rsquo;adh\u00e9sive, assurez-vous que la surface est bien \u00e9gale comme on pourra voir des in\u00e9galit\u00e9s sous l&rsquo;entoilage plus tard. Laissez l&rsquo;adh\u00e9sive s\u00e9cher compl\u00e8tement avant de mettre l&rsquo;entoilage. [&hellip;]<\/p>\n","protected":false},"featured_media":9944,"template":"","meta":[],"product_brand":[],"product_cat":[1697],"product_tag":[],"class_list":{"0":"post-21034","1":"product","2":"type-product","3":"status-publish","4":"has-post-thumbnail","6":"product_cat-accessoires-films","8":"first","9":"instock","10":"shipping-taxable","11":"product-type-simple"},"_links":{"self":[{"href":"https:\/\/www.speedmodels.ch\/fr\/wp-json\/wp\/v2\/product\/21034","targetHints":{"allow":["GET"]}}],"collection":[{"href":"https:\/\/www.speedmodels.ch\/fr\/wp-json\/wp\/v2\/product"}],"about":[{"href":"https:\/\/www.speedmodels.ch\/fr\/wp-json\/wp\/v2\/types\/product"}],"version-history":[{"count":1,"href":"https:\/\/www.speedmodels.ch\/fr\/wp-json\/wp\/v2\/product\/21034\/revisions"}],"predecessor-version":[{"id":33703,"href":"https:\/\/www.speedmodels.ch\/fr\/wp-json\/wp\/v2\/product\/21034\/revisions\/33703"}],"wp:featuredmedia":[{"embeddable":true,"href":"https:\/\/www.speedmodels.ch\/fr\/wp-json\/wp\/v2\/media\/9944"}],"wp:attachment":[{"href":"https:\/\/www.speedmodels.ch\/fr\/wp-json\/wp\/v2\/media?parent=21034"}],"wp:term":[{"taxonomy":"product_brand","embeddable":true,"href":"https:\/\/www.speedmodels.ch\/fr\/wp-json\/wp\/v2\/product_brand?post=21034"},{"taxonomy":"product_cat","embeddable":true,"href":"https:\/\/www.speedmodels.ch\/fr\/wp-json\/wp\/v2\/product_cat?post=21034"},{"taxonomy":"product_tag","embeddable":true,"href":"https:\/\/www.speedmodels.ch\/fr\/wp-json\/wp\/v2\/product_tag?post=21034"}],"curies":[{"name":"wp","href":"https:\/\/api.w.org\/{rel}","templated":true}]}}