{"id":21032,"date":"2022-01-06T07:17:35","date_gmt":"2022-01-06T07:17:35","guid":{"rendered":"https:\/\/www.speedmodels.ch\/produkte\/unkategorisiert\/oracover-diluant-speciale-pour-adhesif-thermo-activable\/"},"modified":"2026-04-23T13:17:32","modified_gmt":"2026-04-23T13:17:32","slug":"oracover-diluant-speciale-pour-adhesif-thermo-activable","status":"publish","type":"product","link":"https:\/\/www.speedmodels.ch\/fr\/produits\/film-couverture-decor\/accessoires-films\/oracover-diluant-speciale-pour-adhesif-thermo-activable\/","title":{"rendered":"Oracover diluant sp\u00e9ciale pour adh\u00e9sif thermo activable"},"content":{"rendered":"<p>Oracover diluant sp\u00e9ciale pour adh\u00e9sif thermo activable<\/p>\n<p>Si nos adh\u00e9sives ont s\u00e9ch\u00e9 dans la bo\u00eete, ils peuvent \u00eatre ajust\u00e9s avec le diluant appropri\u00e9 pour obtenir de nouveau la viscosit\u00e9 id\u00e9ale pour la peinture. Les r\u00e9sidus pr\u00e9sents sur l&rsquo;entoilage peuvent \u00eatre \u00e9limines avec le diluant ORACOVER<sup>\u00ae<\/sup> (r\u00e9f. 0980). Vous pouvez \u00e9galement utiliser ces diluants pour nettoyer la semelle du fer \u00e0 entoiler, A CONDITION QUE CETTE DERNIERE SOIT TOTALEMENT FROIDE ET SANS COURANT. Vous ne devez pas utiliser le fer \u00e0 entoiler avec des restes du diluant. Faire attention \u00e0 une bonne ventilation parce que le diluant peut former des gaz explosives.<\/p>\n<p>contenue: 250 ml<\/p>\n<p><strong>Veuillez consulter les consignes de s\u00e9curit\u00e9 &#8211; t\u00e9l\u00e9chargements pour cet article :<\/strong> <a href=\"https:\/\/www.speedmodels.ch\/wp-content\/uploads\/2026\/04\/SDB-mit-Deckblatt-0980-ORACOVER%C2%AE-Spezial-Verduennung-fuer-Heisssiegelkleber_06.06.2025.pdf\">FDS avec page de garde 0980 ORACOVER\u00ae Vernis sp\u00e9cial pour adh\u00e9sif thermosoudable_06.06.2025<\/a><\/p>\n<p>&nbsp;<\/p>\n<div style=\"text-align:left\" class=\"wps-pgfw-pdf-generate-icon__wrapper-frontend\">\n\t\t<a href=\"https:\/\/www.speedmodels.ch\/fr\/wp-json\/wp\/v2\/product\/21032\/?action=genpdf&amp;id=21032\" class=\"pgfw-single-pdf-download-button\" target=_blank><img src=\"https:\/\/speedmodels.ch\/wp-content\/uploads\/2021\/09\/pdf_icon.png\" title=\"G\u00e9n\u00e9rer un PDF\" style=\"width:auto; height:45px;\"><\/a>\n\t\t<\/div>","protected":false},"excerpt":{"rendered":"<p>Oracover diluant sp\u00e9ciale pour adh\u00e9sif thermo activable Si nos adh\u00e9sives ont s\u00e9ch\u00e9 dans la bo\u00eete, ils peuvent \u00eatre ajust\u00e9s avec le diluant appropri\u00e9 pour obtenir de nouveau la viscosit\u00e9 id\u00e9ale pour la peinture. Les r\u00e9sidus pr\u00e9sents sur l&rsquo;entoilage peuvent \u00eatre \u00e9limines avec le diluant ORACOVER\u00ae (r\u00e9f. 0980). Vous pouvez \u00e9galement utiliser ces diluants pour nettoyer [&hellip;]<\/p>\n","protected":false},"featured_media":9942,"template":"","meta":[],"product_brand":[],"product_cat":[1697],"product_tag":[],"class_list":{"0":"post-21032","1":"product","2":"type-product","3":"status-publish","4":"has-post-thumbnail","6":"product_cat-accessoires-films","8":"first","9":"instock","10":"shipping-taxable","11":"product-type-simple"},"_links":{"self":[{"href":"https:\/\/www.speedmodels.ch\/fr\/wp-json\/wp\/v2\/product\/21032","targetHints":{"allow":["GET"]}}],"collection":[{"href":"https:\/\/www.speedmodels.ch\/fr\/wp-json\/wp\/v2\/product"}],"about":[{"href":"https:\/\/www.speedmodels.ch\/fr\/wp-json\/wp\/v2\/types\/product"}],"version-history":[{"count":1,"href":"https:\/\/www.speedmodels.ch\/fr\/wp-json\/wp\/v2\/product\/21032\/revisions"}],"predecessor-version":[{"id":33699,"href":"https:\/\/www.speedmodels.ch\/fr\/wp-json\/wp\/v2\/product\/21032\/revisions\/33699"}],"wp:featuredmedia":[{"embeddable":true,"href":"https:\/\/www.speedmodels.ch\/fr\/wp-json\/wp\/v2\/media\/9942"}],"wp:attachment":[{"href":"https:\/\/www.speedmodels.ch\/fr\/wp-json\/wp\/v2\/media?parent=21032"}],"wp:term":[{"taxonomy":"product_brand","embeddable":true,"href":"https:\/\/www.speedmodels.ch\/fr\/wp-json\/wp\/v2\/product_brand?post=21032"},{"taxonomy":"product_cat","embeddable":true,"href":"https:\/\/www.speedmodels.ch\/fr\/wp-json\/wp\/v2\/product_cat?post=21032"},{"taxonomy":"product_tag","embeddable":true,"href":"https:\/\/www.speedmodels.ch\/fr\/wp-json\/wp\/v2\/product_tag?post=21032"}],"curies":[{"name":"wp","href":"https:\/\/api.w.org\/{rel}","templated":true}]}}