{"id":21031,"date":"2022-01-06T07:45:38","date_gmt":"2022-01-06T07:45:38","guid":{"rendered":"https:\/\/www.speedmodels.ch\/produkte\/unkategorisiert\/orastick-adhesif-auto-collant\/"},"modified":"2026-04-23T13:30:49","modified_gmt":"2026-04-23T13:30:49","slug":"orastick-adhesif-auto-collant","status":"publish","type":"product","link":"https:\/\/www.speedmodels.ch\/fr\/produits\/film-couverture-decor\/accessoires-films\/orastick-adhesif-auto-collant\/","title":{"rendered":"Orastick adh\u00e9sif auto-collant"},"content":{"rendered":"<p>Orastick adh\u00e9sif auto-collant &#8211; notre adh\u00e9sive pour tous nos films ORASTICK<sup>\u00ae<\/sup><\/p>\n<p>Nous produisons des adh\u00e9sives adapt\u00e9s \u00e0 chaque besoin, p. ex. pour pr\u00e9parer des surfaces de bois au repassage: L&rsquo;adh\u00e9sive liquide emm\u00e9nage dans le bois, collant les fibres non stables \u00e0 la surface. Cela emp\u00eache que ces fibres s&rsquo;alignent sous pression et que l&rsquo;entoilage se d\u00e9lie ce qui est normalement la cause de plis. Comme les fibres arrach\u00e9s entrent dans la couche d&rsquo;adh\u00e9sive du film, il n&rsquo;y a plus de possibilit\u00e9 de r\u00e9parer par un repassage nouveau : le film diminue mais la couche d&rsquo;adh\u00e9sion a perdu la force suite \u00e0 \u00eatre en contact avec les fibres. Nos adh\u00e9sives liquides sont les m\u00eames que ceux utilis\u00e9s dans nos films d&rsquo;entoilage. Choisissez donc toujours l&rsquo;adh\u00e9sive appropri\u00e9 pour le film que vous souhaitez utiliser. La consommation d&rsquo;adh\u00e9sive est ca 20g\/m\u00b2, relative \u00e0 la substance s\u00e8che. Il est important de laisser l&rsquo;adh\u00e9sive s\u00e9cher compl\u00e8tement avant de mettre l&rsquo;entoilage pour \u00e9viter qu&rsquo;il y ait toujours des restes de solvants non \u00e9vapor\u00e9s qui pourraient causer des bulles apr\u00e8s. Si nos adh\u00e9sives ont s\u00e9ch\u00e9 dans la bo\u00eete, ils peuvent \u00eatre ajust\u00e9s avec le diluant appropri\u00e9 pour obtenir de nouveau la viscosit\u00e9 id\u00e9ale pour la peinture.<\/p>\n<p>contenue: 100 ml<\/p>\n<p><strong>Veuillez consulter les consignes de s\u00e9curit\u00e9 &#8211; t\u00e9l\u00e9chargements pour cet article :<\/strong> <a href=\"https:\/\/www.speedmodels.ch\/wp-content\/uploads\/2026\/04\/SDB-mit-Deckblatt-0970-ORASTICK%C2%AE-Haftklebstoff_24.06.2025.pdf\">FDS avec page de garde 0970 ORASTICK\u00ae Adh\u00e9sif sensible \u00e0 la pression_24.06.2025<\/a><\/p>\n<div style=\"text-align:left\" class=\"wps-pgfw-pdf-generate-icon__wrapper-frontend\">\n\t\t<a href=\"https:\/\/www.speedmodels.ch\/fr\/wp-json\/wp\/v2\/product\/21031\/?action=genpdf&amp;id=21031\" class=\"pgfw-single-pdf-download-button\" target=_blank><img src=\"https:\/\/speedmodels.ch\/wp-content\/uploads\/2021\/09\/pdf_icon.png\" title=\"G\u00e9n\u00e9rer un PDF\" style=\"width:auto; height:45px;\"><\/a>\n\t\t<\/div>","protected":false},"excerpt":{"rendered":"<p>Orastick adh\u00e9sif auto-collant &#8211; notre adh\u00e9sive pour tous nos films ORASTICK\u00ae Nous produisons des adh\u00e9sives adapt\u00e9s \u00e0 chaque besoin, p. ex. pour pr\u00e9parer des surfaces de bois au repassage: L&rsquo;adh\u00e9sive liquide emm\u00e9nage dans le bois, collant les fibres non stables \u00e0 la surface. Cela emp\u00eache que ces fibres s&rsquo;alignent sous pression et que l&rsquo;entoilage se [&hellip;]<\/p>\n","protected":false},"featured_media":9939,"template":"","meta":[],"product_brand":[],"product_cat":[1697],"product_tag":[],"class_list":{"0":"post-21031","1":"product","2":"type-product","3":"status-publish","4":"has-post-thumbnail","6":"product_cat-accessoires-films","8":"first","9":"instock","10":"shipping-taxable","11":"product-type-simple"},"_links":{"self":[{"href":"https:\/\/www.speedmodels.ch\/fr\/wp-json\/wp\/v2\/product\/21031","targetHints":{"allow":["GET"]}}],"collection":[{"href":"https:\/\/www.speedmodels.ch\/fr\/wp-json\/wp\/v2\/product"}],"about":[{"href":"https:\/\/www.speedmodels.ch\/fr\/wp-json\/wp\/v2\/types\/product"}],"version-history":[{"count":1,"href":"https:\/\/www.speedmodels.ch\/fr\/wp-json\/wp\/v2\/product\/21031\/revisions"}],"predecessor-version":[{"id":33705,"href":"https:\/\/www.speedmodels.ch\/fr\/wp-json\/wp\/v2\/product\/21031\/revisions\/33705"}],"wp:featuredmedia":[{"embeddable":true,"href":"https:\/\/www.speedmodels.ch\/fr\/wp-json\/wp\/v2\/media\/9939"}],"wp:attachment":[{"href":"https:\/\/www.speedmodels.ch\/fr\/wp-json\/wp\/v2\/media?parent=21031"}],"wp:term":[{"taxonomy":"product_brand","embeddable":true,"href":"https:\/\/www.speedmodels.ch\/fr\/wp-json\/wp\/v2\/product_brand?post=21031"},{"taxonomy":"product_cat","embeddable":true,"href":"https:\/\/www.speedmodels.ch\/fr\/wp-json\/wp\/v2\/product_cat?post=21031"},{"taxonomy":"product_tag","embeddable":true,"href":"https:\/\/www.speedmodels.ch\/fr\/wp-json\/wp\/v2\/product_tag?post=21031"}],"curies":[{"name":"wp","href":"https:\/\/api.w.org\/{rel}","templated":true}]}}