{"id":21029,"date":"2022-01-06T07:48:54","date_gmt":"2022-01-06T07:48:54","guid":{"rendered":"https:\/\/www.speedmodels.ch\/produkte\/unkategorisiert\/orastick-diluant-special-adhesif\/"},"modified":"2023-10-16T13:24:24","modified_gmt":"2023-10-16T13:24:24","slug":"orastick-diluant-speciale-pour-adhesif","status":"publish","type":"product","link":"https:\/\/www.speedmodels.ch\/fr\/produits\/film-couverture-decor\/accessoires-films\/orastick-diluant-speciale-pour-adhesif\/","title":{"rendered":"Orastick diluant sp\u00e9cial pour adh\u00e9sif"},"content":{"rendered":"<p>Orastick diluant sp\u00e9cial pour adh\u00e9sif<\/p>\n<p>Si nos adh\u00e9sives ont s\u00e9ch\u00e9 dans la bo\u00eete, ils peuvent \u00eatre ajust\u00e9s avec le diluant appropri\u00e9 pour obtenir de nouveau la viscosit\u00e9 id\u00e9ale pour la peinture. Les r\u00e9sidus pr\u00e9sents sur l&rsquo;entoilage peuvent \u00eatre \u00e9limines avec le diluant sp\u00e9cial ORASTICK<sup>\u00ae.<\/sup> Vous pouvez \u00e9galement utiliser ces diluants pour nettoyer la semelle du fer \u00e0 entoiler, A CONDITION QUE CETTE DERNIERE SOIT TOTALEMENT FROIDE ET SANS COURANT. Vous ne devez pas utiliser le fer \u00e0 entoiler avec des restes du diluant. Faire attention \u00e0 une bonne ventilation parce que le diluant peut former des gaz explosives.<br \/>\n<strong>Fiche de donn\u00e9es de s\u00e9curit\u00e9: <a href=\"https:\/\/www.speedmodels.ch\/wp-content\/uploads\/2023\/10\/SDB-mit-Deckblatt-0990_ORASTICK%C2%AE-Spezialverduennung-fuer-Haftklebstoff_11_DE_DE-1.pdf\">SDB mit Deckblatt 0990_ORASTICK\u00ae Spezialverduennung fuer Haftklebstoff_1,1_DE_DE<\/a><\/strong><\/p>\n<table style=\"height: 87px;\" width=\"701\">\n<tbody>\n<tr>\n<td width=\"83\"><em>No de commande:<\/em><\/td>\n<td width=\"302\"><em>d\u00e9scription <\/em><\/td>\n<td width=\"96\"><em>quantit\u00e9<\/em><\/td>\n<\/tr>\n<tr>\n<td>O-0990<\/td>\n<td>ORASTICK diluant sp\u00e9cial pour adh\u00e9sif<\/td>\n<td>250 ml<\/td>\n<\/tr>\n<\/tbody>\n<\/table>\n<p>&nbsp;<\/p>\n<div style=\"text-align:left\" class=\"wps-pgfw-pdf-generate-icon__wrapper-frontend\">\n\t\t<a href=\"https:\/\/www.speedmodels.ch\/fr\/wp-json\/wp\/v2\/product\/21029\/?action=genpdf&amp;id=21029\" class=\"pgfw-single-pdf-download-button\" target=_blank><img src=\"https:\/\/speedmodels.ch\/wp-content\/uploads\/2021\/09\/pdf_icon.png\" title=\"G\u00e9n\u00e9rer un PDF\" style=\"width:auto; height:45px;\"><\/a>\n\t\t<\/div>","protected":false},"excerpt":{"rendered":"<p>Orastick diluant sp\u00e9cial pour adh\u00e9sif Si nos adh\u00e9sives ont s\u00e9ch\u00e9 dans la bo\u00eete, ils peuvent \u00eatre ajust\u00e9s avec le diluant appropri\u00e9 pour obtenir de nouveau la viscosit\u00e9 id\u00e9ale pour la peinture. Les r\u00e9sidus pr\u00e9sents sur l&rsquo;entoilage peuvent \u00eatre \u00e9limines avec le diluant sp\u00e9cial ORASTICK\u00ae. Vous pouvez \u00e9galement utiliser ces diluants pour nettoyer la semelle du [&hellip;]<\/p>\n","protected":false},"featured_media":9945,"template":"","meta":[],"product_brand":[],"product_cat":[1697],"product_tag":[],"class_list":{"0":"post-21029","1":"product","2":"type-product","3":"status-publish","4":"has-post-thumbnail","6":"product_cat-accessoires-films","8":"first","9":"instock","10":"shipping-taxable","11":"product-type-simple"},"_links":{"self":[{"href":"https:\/\/www.speedmodels.ch\/fr\/wp-json\/wp\/v2\/product\/21029","targetHints":{"allow":["GET"]}}],"collection":[{"href":"https:\/\/www.speedmodels.ch\/fr\/wp-json\/wp\/v2\/product"}],"about":[{"href":"https:\/\/www.speedmodels.ch\/fr\/wp-json\/wp\/v2\/types\/product"}],"version-history":[{"count":0,"href":"https:\/\/www.speedmodels.ch\/fr\/wp-json\/wp\/v2\/product\/21029\/revisions"}],"wp:featuredmedia":[{"embeddable":true,"href":"https:\/\/www.speedmodels.ch\/fr\/wp-json\/wp\/v2\/media\/9945"}],"wp:attachment":[{"href":"https:\/\/www.speedmodels.ch\/fr\/wp-json\/wp\/v2\/media?parent=21029"}],"wp:term":[{"taxonomy":"product_brand","embeddable":true,"href":"https:\/\/www.speedmodels.ch\/fr\/wp-json\/wp\/v2\/product_brand?post=21029"},{"taxonomy":"product_cat","embeddable":true,"href":"https:\/\/www.speedmodels.ch\/fr\/wp-json\/wp\/v2\/product_cat?post=21029"},{"taxonomy":"product_tag","embeddable":true,"href":"https:\/\/www.speedmodels.ch\/fr\/wp-json\/wp\/v2\/product_tag?post=21029"}],"curies":[{"name":"wp","href":"https:\/\/api.w.org\/{rel}","templated":true}]}}