{"id":21010,"date":"2022-01-11T10:47:37","date_gmt":"2022-01-11T10:47:37","guid":{"rendered":"https:\/\/www.speedmodels.ch\/produkte\/unkategorisiert\/bumerang-2-0-planeur-catapulte\/"},"modified":"2024-04-22T09:32:14","modified_gmt":"2024-04-22T09:32:14","slug":"bumerang-2-0-planeur-catapulte","status":"publish","type":"product","link":"https:\/\/www.speedmodels.ch\/fr\/produits\/modeles\/avions-fr\/jeunesse\/bumerang-2-0-planeur-catapulte\/","title":{"rendered":"Bumerang 2.0 &#8211; planeur catapulte"},"content":{"rendered":"<p>Le digne successeur de Boomerang 1.0. Dans de nombreuses superbes couleurs (ne peut pas \u00eatre choisi). Ce mod\u00e8le Miniprop convient \u00e9galement aux enfants \u00e0 partir de 6 ans.  <\/p>\n<p>&#8211; en EPP<br \/>\n&#8211; donc quasi indestructible<br \/>\n&#8211; possible de voler des anneaux et des looping (voir photo)<br \/>\n&#8211; facile \u00e0 d\u00e9marrer avec un \u00e9lastique<br \/>\n&#8211; Made in Germany, d\u00e9cern\u00e9 par SpielGut<\/p>\n<p>Emballage: 1 pcs en sachet de plastique<\/p>\n<div style=\"text-align:left\" class=\"wps-pgfw-pdf-generate-icon__wrapper-frontend\">\n\t\t<a href=\"https:\/\/www.speedmodels.ch\/fr\/wp-json\/wp\/v2\/product\/21010\/?action=genpdf&amp;id=21010\" class=\"pgfw-single-pdf-download-button\" target=_blank><img src=\"https:\/\/speedmodels.ch\/wp-content\/uploads\/2021\/09\/pdf_icon.png\" title=\"G\u00e9n\u00e9rer un PDF\" style=\"width:auto; height:45px;\"><\/a>\n\t\t<\/div>","protected":false},"excerpt":{"rendered":"<p>Le digne successeur de Boomerang 1.0. Dans de nombreuses superbes couleurs (ne peut pas \u00eatre choisi). Ce mod\u00e8le Miniprop convient \u00e9galement aux enfants \u00e0 partir de 6 ans. &#8211; en EPP &#8211; donc quasi indestructible &#8211; possible de voler des anneaux et des looping (voir photo) &#8211; facile \u00e0 d\u00e9marrer avec un \u00e9lastique &#8211; Made [&hellip;]<\/p>\n","protected":false},"featured_media":9970,"template":"","meta":[],"product_brand":[],"product_cat":[1826,1711,1710,1712],"product_tag":[],"class_list":{"0":"post-21010","1":"product","2":"type-product","3":"status-publish","4":"has-post-thumbnail","6":"product_cat-jeu-de-vol","7":"product_cat-jeunesse","8":"product_cat-modeles","9":"product_cat-vol-libre","11":"first","12":"instock","13":"shipping-taxable","14":"product-type-simple"},"_links":{"self":[{"href":"https:\/\/www.speedmodels.ch\/fr\/wp-json\/wp\/v2\/product\/21010","targetHints":{"allow":["GET"]}}],"collection":[{"href":"https:\/\/www.speedmodels.ch\/fr\/wp-json\/wp\/v2\/product"}],"about":[{"href":"https:\/\/www.speedmodels.ch\/fr\/wp-json\/wp\/v2\/types\/product"}],"version-history":[{"count":0,"href":"https:\/\/www.speedmodels.ch\/fr\/wp-json\/wp\/v2\/product\/21010\/revisions"}],"wp:featuredmedia":[{"embeddable":true,"href":"https:\/\/www.speedmodels.ch\/fr\/wp-json\/wp\/v2\/media\/9970"}],"wp:attachment":[{"href":"https:\/\/www.speedmodels.ch\/fr\/wp-json\/wp\/v2\/media?parent=21010"}],"wp:term":[{"taxonomy":"product_brand","embeddable":true,"href":"https:\/\/www.speedmodels.ch\/fr\/wp-json\/wp\/v2\/product_brand?post=21010"},{"taxonomy":"product_cat","embeddable":true,"href":"https:\/\/www.speedmodels.ch\/fr\/wp-json\/wp\/v2\/product_cat?post=21010"},{"taxonomy":"product_tag","embeddable":true,"href":"https:\/\/www.speedmodels.ch\/fr\/wp-json\/wp\/v2\/product_tag?post=21010"}],"curies":[{"name":"wp","href":"https:\/\/api.w.org\/{rel}","templated":true}]}}