{"id":20989,"date":"2022-01-12T09:52:17","date_gmt":"2022-01-12T09:52:17","guid":{"rendered":"https:\/\/www.speedmodels.ch\/produkte\/unkategorisiert\/fer-a-entoiler-avec-ecran\/"},"modified":"2025-02-27T12:35:44","modified_gmt":"2025-02-27T12:35:44","slug":"fer-a-entoiler-avec-ecran","status":"publish","type":"product","link":"https:\/\/www.speedmodels.ch\/fr\/produits\/film-couverture-decor\/accessoires-pour-l-entoilage\/fer-et-accessoires\/fer-a-entoiler-avec-ecran\/","title":{"rendered":"Fer \u00e0 entoiler avec \u00e9cran"},"content":{"rendered":"<p>Le fer \u00e0 entoiler de Prolux peut \u00eatre r\u00e9gl\u00e9 pr\u00e9cisement sur la temperature pr\u00e9fer\u00e9e (de 100 \u00e0 220\u00b0C) et grace \u00e0 son \u00e9cran la t\u00e9mperature peut \u00eatre contr\u00f4ler.<br \/>\nLivraison avec chaussette et support en m\u00e9tal.<\/p>\n<div style=\"text-align:left\" class=\"wps-pgfw-pdf-generate-icon__wrapper-frontend\">\n\t\t<a href=\"https:\/\/www.speedmodels.ch\/fr\/wp-json\/wp\/v2\/product\/20989\/?action=genpdf&amp;id=20989\" class=\"pgfw-single-pdf-download-button\" target=_blank><img src=\"https:\/\/speedmodels.ch\/wp-content\/uploads\/2021\/09\/pdf_icon.png\" title=\"G\u00e9n\u00e9rer un PDF\" style=\"width:auto; height:45px;\"><\/a>\n\t\t<\/div>","protected":false},"excerpt":{"rendered":"<p>Le fer \u00e0 entoiler de Prolux peut \u00eatre r\u00e9gl\u00e9 pr\u00e9cisement sur la temperature pr\u00e9fer\u00e9e (de 100 \u00e0 220\u00b0C) et grace \u00e0 son \u00e9cran la t\u00e9mperature peut \u00eatre contr\u00f4ler. Livraison avec chaussette et support en m\u00e9tal.<\/p>\n","protected":false},"featured_media":9992,"template":"","meta":[],"product_brand":[],"product_cat":[1508,1507,1509,1506],"product_tag":[],"class_list":{"0":"post-20989","1":"product","2":"type-product","3":"status-publish","4":"has-post-thumbnail","6":"product_cat-accessoires-pour-l-entoilage","7":"product_cat-entoiler","8":"product_cat-fer-et-accessoires","9":"product_cat-outils","11":"first","12":"instock","13":"shipping-taxable","14":"product-type-simple"},"_links":{"self":[{"href":"https:\/\/www.speedmodels.ch\/fr\/wp-json\/wp\/v2\/product\/20989","targetHints":{"allow":["GET"]}}],"collection":[{"href":"https:\/\/www.speedmodels.ch\/fr\/wp-json\/wp\/v2\/product"}],"about":[{"href":"https:\/\/www.speedmodels.ch\/fr\/wp-json\/wp\/v2\/types\/product"}],"version-history":[{"count":1,"href":"https:\/\/www.speedmodels.ch\/fr\/wp-json\/wp\/v2\/product\/20989\/revisions"}],"predecessor-version":[{"id":29719,"href":"https:\/\/www.speedmodels.ch\/fr\/wp-json\/wp\/v2\/product\/20989\/revisions\/29719"}],"wp:featuredmedia":[{"embeddable":true,"href":"https:\/\/www.speedmodels.ch\/fr\/wp-json\/wp\/v2\/media\/9992"}],"wp:attachment":[{"href":"https:\/\/www.speedmodels.ch\/fr\/wp-json\/wp\/v2\/media?parent=20989"}],"wp:term":[{"taxonomy":"product_brand","embeddable":true,"href":"https:\/\/www.speedmodels.ch\/fr\/wp-json\/wp\/v2\/product_brand?post=20989"},{"taxonomy":"product_cat","embeddable":true,"href":"https:\/\/www.speedmodels.ch\/fr\/wp-json\/wp\/v2\/product_cat?post=20989"},{"taxonomy":"product_tag","embeddable":true,"href":"https:\/\/www.speedmodels.ch\/fr\/wp-json\/wp\/v2\/product_tag?post=20989"}],"curies":[{"name":"wp","href":"https:\/\/api.w.org\/{rel}","templated":true}]}}