{"id":20985,"date":"2022-02-11T09:58:55","date_gmt":"2022-02-11T09:58:55","guid":{"rendered":"https:\/\/www.speedmodels.ch\/produkte\/unkategorisiert\/pince-a-chapes\/"},"modified":"2022-02-11T09:58:55","modified_gmt":"2022-02-11T09:58:55","slug":"pince-a-chapes","status":"publish","type":"product","link":"https:\/\/www.speedmodels.ch\/fr\/produits\/outils\/pinces-pince-a-epiler\/pince-a-chapes\/","title":{"rendered":"Pince \u00e0 chapes"},"content":{"rendered":"<p>Pince \u00e0 chapes avec ressort de rappel, pour h\u00e9licos, aviosn, voitures et bateaux.<br \/>\nPolyvalent, universel et \u00e9prouv\u00e9.<\/p>\n<div style=\"text-align:left\" class=\"wps-pgfw-pdf-generate-icon__wrapper-frontend\">\n\t\t<a href=\"https:\/\/www.speedmodels.ch\/fr\/wp-json\/wp\/v2\/product\/20985\/?action=genpdf&amp;id=20985\" class=\"pgfw-single-pdf-download-button\" target=_blank><img src=\"https:\/\/speedmodels.ch\/wp-content\/uploads\/2021\/09\/pdf_icon.png\" title=\"G\u00e9n\u00e9rer un PDF\" style=\"width:auto; height:45px;\"><\/a>\n\t\t<\/div>","protected":false},"excerpt":{"rendered":"<p>Pince \u00e0 chapes avec ressort de rappel, pour h\u00e9licos, aviosn, voitures et bateaux. Polyvalent, universel et \u00e9prouv\u00e9.<\/p>\n","protected":false},"featured_media":10004,"template":"","meta":[],"product_brand":[],"product_cat":[1827],"product_tag":[],"class_list":{"0":"post-20985","1":"product","2":"type-product","3":"status-publish","4":"has-post-thumbnail","6":"product_cat-pinces-pince-a-epiler","8":"first","9":"instock","10":"shipping-taxable","11":"product-type-simple"},"_links":{"self":[{"href":"https:\/\/www.speedmodels.ch\/fr\/wp-json\/wp\/v2\/product\/20985","targetHints":{"allow":["GET"]}}],"collection":[{"href":"https:\/\/www.speedmodels.ch\/fr\/wp-json\/wp\/v2\/product"}],"about":[{"href":"https:\/\/www.speedmodels.ch\/fr\/wp-json\/wp\/v2\/types\/product"}],"version-history":[{"count":0,"href":"https:\/\/www.speedmodels.ch\/fr\/wp-json\/wp\/v2\/product\/20985\/revisions"}],"wp:featuredmedia":[{"embeddable":true,"href":"https:\/\/www.speedmodels.ch\/fr\/wp-json\/wp\/v2\/media\/10004"}],"wp:attachment":[{"href":"https:\/\/www.speedmodels.ch\/fr\/wp-json\/wp\/v2\/media?parent=20985"}],"wp:term":[{"taxonomy":"product_brand","embeddable":true,"href":"https:\/\/www.speedmodels.ch\/fr\/wp-json\/wp\/v2\/product_brand?post=20985"},{"taxonomy":"product_cat","embeddable":true,"href":"https:\/\/www.speedmodels.ch\/fr\/wp-json\/wp\/v2\/product_cat?post=20985"},{"taxonomy":"product_tag","embeddable":true,"href":"https:\/\/www.speedmodels.ch\/fr\/wp-json\/wp\/v2\/product_tag?post=20985"}],"curies":[{"name":"wp","href":"https:\/\/api.w.org\/{rel}","templated":true}]}}