{"id":20984,"date":"2022-02-11T10:02:02","date_gmt":"2022-02-11T10:02:02","guid":{"rendered":"https:\/\/www.speedmodels.ch\/produkte\/unkategorisiert\/pince-a-courbe-ronde\/"},"modified":"2022-02-11T10:02:02","modified_gmt":"2022-02-11T10:02:02","slug":"pince-a-courbe-ronde","status":"publish","type":"product","link":"https:\/\/www.speedmodels.ch\/fr\/produits\/outils\/pinces-pince-a-epiler\/pince-a-courbe-ronde\/","title":{"rendered":"Pince \u00e0 courbe ronde"},"content":{"rendered":"<p>Pince \u00e0 courbe ronde pour plier les \u0153illets ronds, les crochets ronds et les courbes g\u00e9n\u00e9rales.<br \/>\nRecommand\u00e9 pour fils en m\u00e9tal jusqu&rsquo;\u00e0 1mm<\/p>\n<div style=\"text-align:left\" class=\"wps-pgfw-pdf-generate-icon__wrapper-frontend\">\n\t\t<a href=\"https:\/\/www.speedmodels.ch\/fr\/wp-json\/wp\/v2\/product\/20984\/?action=genpdf&amp;id=20984\" class=\"pgfw-single-pdf-download-button\" target=_blank><img src=\"https:\/\/speedmodels.ch\/wp-content\/uploads\/2021\/09\/pdf_icon.png\" title=\"G\u00e9n\u00e9rer un PDF\" style=\"width:auto; height:45px;\"><\/a>\n\t\t<\/div>","protected":false},"excerpt":{"rendered":"<p>Pince \u00e0 courbe ronde pour plier les \u0153illets ronds, les crochets ronds et les courbes g\u00e9n\u00e9rales. Recommand\u00e9 pour fils en m\u00e9tal jusqu&rsquo;\u00e0 1mm<\/p>\n","protected":false},"featured_media":10019,"template":"","meta":[],"product_brand":[],"product_cat":[1827],"product_tag":[],"class_list":{"0":"post-20984","1":"product","2":"type-product","3":"status-publish","4":"has-post-thumbnail","6":"product_cat-pinces-pince-a-epiler","8":"first","9":"instock","10":"shipping-taxable","11":"product-type-simple"},"_links":{"self":[{"href":"https:\/\/www.speedmodels.ch\/fr\/wp-json\/wp\/v2\/product\/20984","targetHints":{"allow":["GET"]}}],"collection":[{"href":"https:\/\/www.speedmodels.ch\/fr\/wp-json\/wp\/v2\/product"}],"about":[{"href":"https:\/\/www.speedmodels.ch\/fr\/wp-json\/wp\/v2\/types\/product"}],"version-history":[{"count":0,"href":"https:\/\/www.speedmodels.ch\/fr\/wp-json\/wp\/v2\/product\/20984\/revisions"}],"wp:featuredmedia":[{"embeddable":true,"href":"https:\/\/www.speedmodels.ch\/fr\/wp-json\/wp\/v2\/media\/10019"}],"wp:attachment":[{"href":"https:\/\/www.speedmodels.ch\/fr\/wp-json\/wp\/v2\/media?parent=20984"}],"wp:term":[{"taxonomy":"product_brand","embeddable":true,"href":"https:\/\/www.speedmodels.ch\/fr\/wp-json\/wp\/v2\/product_brand?post=20984"},{"taxonomy":"product_cat","embeddable":true,"href":"https:\/\/www.speedmodels.ch\/fr\/wp-json\/wp\/v2\/product_cat?post=20984"},{"taxonomy":"product_tag","embeddable":true,"href":"https:\/\/www.speedmodels.ch\/fr\/wp-json\/wp\/v2\/product_tag?post=20984"}],"curies":[{"name":"wp","href":"https:\/\/api.w.org\/{rel}","templated":true}]}}