{"id":20981,"date":"2022-02-11T09:06:14","date_gmt":"2022-02-11T09:06:14","guid":{"rendered":"https:\/\/www.speedmodels.ch\/produkte\/unkategorisiert\/cale-de-poncage-250mm\/"},"modified":"2022-02-11T09:06:14","modified_gmt":"2022-02-11T09:06:14","slug":"cale-de-poncage-250mm","status":"publish","type":"product","link":"https:\/\/www.speedmodels.ch\/fr\/produits\/outils\/poncer\/cale-de-poncage-250mm\/","title":{"rendered":"Cale de pon\u00e7age 250mm"},"content":{"rendered":"<p>Cale de pon\u00e7age 250 x 53 mm, or anodis\u00e9, tr\u00e8s bien en main. Peut \u00eatre utiliser avec le papier de verre autocollant.<br \/>\nNe doit pas manquer dans votre at\u00e9lier.<\/p>\n<div style=\"text-align:left\" class=\"wps-pgfw-pdf-generate-icon__wrapper-frontend\">\n\t\t<a href=\"https:\/\/www.speedmodels.ch\/fr\/wp-json\/wp\/v2\/product\/20981\/?action=genpdf&amp;id=20981\" class=\"pgfw-single-pdf-download-button\" target=_blank><img src=\"https:\/\/speedmodels.ch\/wp-content\/uploads\/2021\/09\/pdf_icon.png\" title=\"G\u00e9n\u00e9rer un PDF\" style=\"width:auto; height:45px;\"><\/a>\n\t\t<\/div>","protected":false},"excerpt":{"rendered":"<p>Cale de pon\u00e7age 250 x 53 mm, or anodis\u00e9, tr\u00e8s bien en main. Peut \u00eatre utiliser avec le papier de verre autocollant. Ne doit pas manquer dans votre at\u00e9lier.<\/p>\n","protected":false},"featured_media":10063,"template":"","meta":[],"product_brand":[],"product_cat":[1664],"product_tag":[],"class_list":{"0":"post-20981","1":"product","2":"type-product","3":"status-publish","4":"has-post-thumbnail","6":"product_cat-poncer","8":"first","9":"instock","10":"shipping-taxable","11":"product-type-simple"},"_links":{"self":[{"href":"https:\/\/www.speedmodels.ch\/fr\/wp-json\/wp\/v2\/product\/20981","targetHints":{"allow":["GET"]}}],"collection":[{"href":"https:\/\/www.speedmodels.ch\/fr\/wp-json\/wp\/v2\/product"}],"about":[{"href":"https:\/\/www.speedmodels.ch\/fr\/wp-json\/wp\/v2\/types\/product"}],"version-history":[{"count":0,"href":"https:\/\/www.speedmodels.ch\/fr\/wp-json\/wp\/v2\/product\/20981\/revisions"}],"wp:featuredmedia":[{"embeddable":true,"href":"https:\/\/www.speedmodels.ch\/fr\/wp-json\/wp\/v2\/media\/10063"}],"wp:attachment":[{"href":"https:\/\/www.speedmodels.ch\/fr\/wp-json\/wp\/v2\/media?parent=20981"}],"wp:term":[{"taxonomy":"product_brand","embeddable":true,"href":"https:\/\/www.speedmodels.ch\/fr\/wp-json\/wp\/v2\/product_brand?post=20981"},{"taxonomy":"product_cat","embeddable":true,"href":"https:\/\/www.speedmodels.ch\/fr\/wp-json\/wp\/v2\/product_cat?post=20981"},{"taxonomy":"product_tag","embeddable":true,"href":"https:\/\/www.speedmodels.ch\/fr\/wp-json\/wp\/v2\/product_tag?post=20981"}],"curies":[{"name":"wp","href":"https:\/\/api.w.org\/{rel}","templated":true}]}}