{"id":20966,"date":"2022-02-14T10:49:23","date_gmt":"2022-02-14T10:49:23","guid":{"rendered":"https:\/\/www.speedmodels.ch\/produkte\/unkategorisiert\/set-de-ciseaux-et-alesoir\/"},"modified":"2025-02-27T10:13:38","modified_gmt":"2025-02-27T10:13:38","slug":"set-de-ciseaux-et-alesoir","status":"publish","type":"product","link":"https:\/\/www.speedmodels.ch\/fr\/produits\/outils\/couper-rabotter-scier\/set-de-ciseaux-et-alesoir\/","title":{"rendered":"Set de ciseaux et al\u00e9soir"},"content":{"rendered":"<p>Set de ciseaux pour lexan avec un ciseau droite et un courb\u00e9 et un al\u00e9soir. Id\u00e9ale pour travailler le lexan et d&rsquo;autre mati\u00e8res plastiques.<\/p>\n<div style=\"text-align:left\" class=\"wps-pgfw-pdf-generate-icon__wrapper-frontend\">\n\t\t<a href=\"https:\/\/www.speedmodels.ch\/fr\/wp-json\/wp\/v2\/product\/20966\/?action=genpdf&amp;id=20966\" class=\"pgfw-single-pdf-download-button\" target=_blank><img src=\"https:\/\/speedmodels.ch\/wp-content\/uploads\/2021\/09\/pdf_icon.png\" title=\"G\u00e9n\u00e9rer un PDF\" style=\"width:auto; height:45px;\"><\/a>\n\t\t<\/div>","protected":false},"excerpt":{"rendered":"<p>Set de ciseaux pour lexan avec un ciseau droite et un courb\u00e9 et un al\u00e9soir. Id\u00e9ale pour travailler le lexan et d&rsquo;autre mati\u00e8res plastiques.<\/p>\n","protected":false},"featured_media":10014,"template":"","meta":[],"product_brand":[],"product_cat":[1666],"product_tag":[],"class_list":{"0":"post-20966","1":"product","2":"type-product","3":"status-publish","4":"has-post-thumbnail","6":"product_cat-couper-rabotter-scier","8":"first","9":"instock","10":"shipping-taxable","11":"product-type-simple"},"_links":{"self":[{"href":"https:\/\/www.speedmodels.ch\/fr\/wp-json\/wp\/v2\/product\/20966","targetHints":{"allow":["GET"]}}],"collection":[{"href":"https:\/\/www.speedmodels.ch\/fr\/wp-json\/wp\/v2\/product"}],"about":[{"href":"https:\/\/www.speedmodels.ch\/fr\/wp-json\/wp\/v2\/types\/product"}],"version-history":[{"count":1,"href":"https:\/\/www.speedmodels.ch\/fr\/wp-json\/wp\/v2\/product\/20966\/revisions"}],"predecessor-version":[{"id":29665,"href":"https:\/\/www.speedmodels.ch\/fr\/wp-json\/wp\/v2\/product\/20966\/revisions\/29665"}],"wp:featuredmedia":[{"embeddable":true,"href":"https:\/\/www.speedmodels.ch\/fr\/wp-json\/wp\/v2\/media\/10014"}],"wp:attachment":[{"href":"https:\/\/www.speedmodels.ch\/fr\/wp-json\/wp\/v2\/media?parent=20966"}],"wp:term":[{"taxonomy":"product_brand","embeddable":true,"href":"https:\/\/www.speedmodels.ch\/fr\/wp-json\/wp\/v2\/product_brand?post=20966"},{"taxonomy":"product_cat","embeddable":true,"href":"https:\/\/www.speedmodels.ch\/fr\/wp-json\/wp\/v2\/product_cat?post=20966"},{"taxonomy":"product_tag","embeddable":true,"href":"https:\/\/www.speedmodels.ch\/fr\/wp-json\/wp\/v2\/product_tag?post=20966"}],"curies":[{"name":"wp","href":"https:\/\/api.w.org\/{rel}","templated":true}]}}