{"id":20965,"date":"2022-02-14T10:36:08","date_gmt":"2022-02-14T10:36:08","guid":{"rendered":"https:\/\/www.speedmodels.ch\/produkte\/unkategorisiert\/set-de-scie-de-precision-mini\/"},"modified":"2022-02-14T10:36:08","modified_gmt":"2022-02-14T10:36:08","slug":"set-de-scie-de-precision-mini","status":"publish","type":"product","link":"https:\/\/www.speedmodels.ch\/fr\/produits\/outils\/couper-rabotter-scier\/set-de-scie-de-precision-mini\/","title":{"rendered":"Set de scie de pr\u00e9cision mini"},"content":{"rendered":"<p>Set de scie de pr\u00e9cision avec manche et 3 lames de scie (2 x 60mm et 1 x 85mm).<br \/>\nId\u00e9al pour les travaux de pr\u00e9cision dans la construction de mod\u00e8les, l&rsquo;artisanat ou partout o\u00f9 il doit \u00eatre fin et pr\u00e9cis. Lames de scie disponibles individuellement.<\/p>\n<div style=\"text-align:left\" class=\"wps-pgfw-pdf-generate-icon__wrapper-frontend\">\n\t\t<a href=\"https:\/\/www.speedmodels.ch\/fr\/wp-json\/wp\/v2\/product\/20965\/?action=genpdf&amp;id=20965\" class=\"pgfw-single-pdf-download-button\" target=_blank><img src=\"https:\/\/speedmodels.ch\/wp-content\/uploads\/2021\/09\/pdf_icon.png\" title=\"G\u00e9n\u00e9rer un PDF\" style=\"width:auto; height:45px;\"><\/a>\n\t\t<\/div>","protected":false},"excerpt":{"rendered":"<p>Set de scie de pr\u00e9cision avec manche et 3 lames de scie (2 x 60mm et 1 x 85mm). Id\u00e9al pour les travaux de pr\u00e9cision dans la construction de mod\u00e8les, l&rsquo;artisanat ou partout o\u00f9 il doit \u00eatre fin et pr\u00e9cis. Lames de scie disponibles individuellement.<\/p>\n","protected":false},"featured_media":10035,"template":"","meta":[],"product_brand":[],"product_cat":[1666],"product_tag":[],"class_list":{"0":"post-20965","1":"product","2":"type-product","3":"status-publish","4":"has-post-thumbnail","6":"product_cat-couper-rabotter-scier","8":"first","9":"instock","10":"shipping-taxable","11":"product-type-simple"},"_links":{"self":[{"href":"https:\/\/www.speedmodels.ch\/fr\/wp-json\/wp\/v2\/product\/20965","targetHints":{"allow":["GET"]}}],"collection":[{"href":"https:\/\/www.speedmodels.ch\/fr\/wp-json\/wp\/v2\/product"}],"about":[{"href":"https:\/\/www.speedmodels.ch\/fr\/wp-json\/wp\/v2\/types\/product"}],"version-history":[{"count":0,"href":"https:\/\/www.speedmodels.ch\/fr\/wp-json\/wp\/v2\/product\/20965\/revisions"}],"wp:featuredmedia":[{"embeddable":true,"href":"https:\/\/www.speedmodels.ch\/fr\/wp-json\/wp\/v2\/media\/10035"}],"wp:attachment":[{"href":"https:\/\/www.speedmodels.ch\/fr\/wp-json\/wp\/v2\/media?parent=20965"}],"wp:term":[{"taxonomy":"product_brand","embeddable":true,"href":"https:\/\/www.speedmodels.ch\/fr\/wp-json\/wp\/v2\/product_brand?post=20965"},{"taxonomy":"product_cat","embeddable":true,"href":"https:\/\/www.speedmodels.ch\/fr\/wp-json\/wp\/v2\/product_cat?post=20965"},{"taxonomy":"product_tag","embeddable":true,"href":"https:\/\/www.speedmodels.ch\/fr\/wp-json\/wp\/v2\/product_tag?post=20965"}],"curies":[{"name":"wp","href":"https:\/\/api.w.org\/{rel}","templated":true}]}}