{"id":20960,"date":"2022-02-14T10:57:37","date_gmt":"2022-02-14T10:57:37","guid":{"rendered":"https:\/\/www.speedmodels.ch\/produkte\/unkategorisiert\/rapoteuse-balsa\/"},"modified":"2022-02-14T10:57:37","modified_gmt":"2022-02-14T10:57:37","slug":"rapoteuse-balsa","status":"publish","type":"product","link":"https:\/\/www.speedmodels.ch\/fr\/produits\/outils\/couper-rabotter-scier\/rapoteuse-balsa\/","title":{"rendered":"Rapoteuse balsa"},"content":{"rendered":"<p>La l\u00e9gendaire rapoteuse en m\u00e9tal bleu appartient \u00e0 tous les ateliers de mod\u00e9lisme. Conception en m\u00e9tal de haute qualit\u00e9.<\/p>\n<div style=\"text-align:left\" class=\"wps-pgfw-pdf-generate-icon__wrapper-frontend\">\n\t\t<a href=\"https:\/\/www.speedmodels.ch\/fr\/wp-json\/wp\/v2\/product\/20960\/?action=genpdf&amp;id=20960\" class=\"pgfw-single-pdf-download-button\" target=_blank><img src=\"https:\/\/speedmodels.ch\/wp-content\/uploads\/2021\/09\/pdf_icon.png\" title=\"G\u00e9n\u00e9rer un PDF\" style=\"width:auto; height:45px;\"><\/a>\n\t\t<\/div>","protected":false},"excerpt":{"rendered":"<p>La l\u00e9gendaire rapoteuse en m\u00e9tal bleu appartient \u00e0 tous les ateliers de mod\u00e9lisme. Conception en m\u00e9tal de haute qualit\u00e9.<\/p>\n","protected":false},"featured_media":10047,"template":"","meta":[],"product_brand":[],"product_cat":[1666],"product_tag":[],"class_list":{"0":"post-20960","1":"product","2":"type-product","3":"status-publish","4":"has-post-thumbnail","6":"product_cat-couper-rabotter-scier","8":"first","9":"instock","10":"shipping-taxable","11":"product-type-simple"},"_links":{"self":[{"href":"https:\/\/www.speedmodels.ch\/fr\/wp-json\/wp\/v2\/product\/20960","targetHints":{"allow":["GET"]}}],"collection":[{"href":"https:\/\/www.speedmodels.ch\/fr\/wp-json\/wp\/v2\/product"}],"about":[{"href":"https:\/\/www.speedmodels.ch\/fr\/wp-json\/wp\/v2\/types\/product"}],"version-history":[{"count":0,"href":"https:\/\/www.speedmodels.ch\/fr\/wp-json\/wp\/v2\/product\/20960\/revisions"}],"wp:featuredmedia":[{"embeddable":true,"href":"https:\/\/www.speedmodels.ch\/fr\/wp-json\/wp\/v2\/media\/10047"}],"wp:attachment":[{"href":"https:\/\/www.speedmodels.ch\/fr\/wp-json\/wp\/v2\/media?parent=20960"}],"wp:term":[{"taxonomy":"product_brand","embeddable":true,"href":"https:\/\/www.speedmodels.ch\/fr\/wp-json\/wp\/v2\/product_brand?post=20960"},{"taxonomy":"product_cat","embeddable":true,"href":"https:\/\/www.speedmodels.ch\/fr\/wp-json\/wp\/v2\/product_cat?post=20960"},{"taxonomy":"product_tag","embeddable":true,"href":"https:\/\/www.speedmodels.ch\/fr\/wp-json\/wp\/v2\/product_tag?post=20960"}],"curies":[{"name":"wp","href":"https:\/\/api.w.org\/{rel}","templated":true}]}}