{"id":20945,"date":"2022-02-15T12:36:27","date_gmt":"2022-02-15T12:36:27","guid":{"rendered":"https:\/\/www.speedmodels.ch\/produkte\/unkategorisiert\/outil-pour-plier-des-tubes-et-fils-en-metal-jusque-47mm\/"},"modified":"2022-02-15T12:36:27","modified_gmt":"2022-02-15T12:36:27","slug":"outil-pour-plier-des-tubes-et-fils-en-metal-jusque-47mm","status":"publish","type":"product","link":"https:\/\/www.speedmodels.ch\/fr\/produits\/outils\/plier-percer\/outil-pour-plier-des-tubes-et-fils-en-metal-jusque-47mm\/","title":{"rendered":"Outil pour plier des tubes et fils en m\u00e9tal jusqu&rsquo;\u00e9 4,7mm"},"content":{"rendered":"<p>Pour plier facilement des rayons librement d\u00e9finissables. Recommand\u00e9 pour tubes et fils jusqu&rsquo;\u00e0 4,7mm.<\/p>\n<div style=\"text-align:left\" class=\"wps-pgfw-pdf-generate-icon__wrapper-frontend\">\n\t\t<a href=\"https:\/\/www.speedmodels.ch\/fr\/wp-json\/wp\/v2\/product\/20945\/?action=genpdf&amp;id=20945\" class=\"pgfw-single-pdf-download-button\" target=_blank><img src=\"https:\/\/speedmodels.ch\/wp-content\/uploads\/2021\/09\/pdf_icon.png\" title=\"G\u00e9n\u00e9rer un PDF\" style=\"width:auto; height:45px;\"><\/a>\n\t\t<\/div>","protected":false},"excerpt":{"rendered":"<p>Pour plier facilement des rayons librement d\u00e9finissables. Recommand\u00e9 pour tubes et fils jusqu&rsquo;\u00e0 4,7mm.<\/p>\n","protected":false},"featured_media":10025,"template":"","meta":[],"product_brand":[],"product_cat":[1665],"product_tag":[],"class_list":{"0":"post-20945","1":"product","2":"type-product","3":"status-publish","4":"has-post-thumbnail","6":"product_cat-plier-percer","8":"first","9":"instock","10":"shipping-taxable","11":"product-type-simple"},"_links":{"self":[{"href":"https:\/\/www.speedmodels.ch\/fr\/wp-json\/wp\/v2\/product\/20945","targetHints":{"allow":["GET"]}}],"collection":[{"href":"https:\/\/www.speedmodels.ch\/fr\/wp-json\/wp\/v2\/product"}],"about":[{"href":"https:\/\/www.speedmodels.ch\/fr\/wp-json\/wp\/v2\/types\/product"}],"version-history":[{"count":0,"href":"https:\/\/www.speedmodels.ch\/fr\/wp-json\/wp\/v2\/product\/20945\/revisions"}],"wp:featuredmedia":[{"embeddable":true,"href":"https:\/\/www.speedmodels.ch\/fr\/wp-json\/wp\/v2\/media\/10025"}],"wp:attachment":[{"href":"https:\/\/www.speedmodels.ch\/fr\/wp-json\/wp\/v2\/media?parent=20945"}],"wp:term":[{"taxonomy":"product_brand","embeddable":true,"href":"https:\/\/www.speedmodels.ch\/fr\/wp-json\/wp\/v2\/product_brand?post=20945"},{"taxonomy":"product_cat","embeddable":true,"href":"https:\/\/www.speedmodels.ch\/fr\/wp-json\/wp\/v2\/product_cat?post=20945"},{"taxonomy":"product_tag","embeddable":true,"href":"https:\/\/www.speedmodels.ch\/fr\/wp-json\/wp\/v2\/product_tag?post=20945"}],"curies":[{"name":"wp","href":"https:\/\/api.w.org\/{rel}","templated":true}]}}