{"id":20944,"date":"2022-02-15T12:36:04","date_gmt":"2022-02-15T12:36:04","guid":{"rendered":"https:\/\/www.speedmodels.ch\/produkte\/unkategorisiert\/outil-pour-plier-des-tubes-et-fils-en-metal-jusque-32mm\/"},"modified":"2022-02-15T12:36:04","modified_gmt":"2022-02-15T12:36:04","slug":"outil-pour-plier-des-tubes-et-fils-en-metal-jusque-32mm","status":"publish","type":"product","link":"https:\/\/www.speedmodels.ch\/fr\/produits\/outils\/plier-percer\/outil-pour-plier-des-tubes-et-fils-en-metal-jusque-32mm\/","title":{"rendered":"Outil pour plier des tubes et fils en m\u00e9tal jusque 3,2mm"},"content":{"rendered":"<p>Pour plier facilement des rayons librement d\u00e9finissables. recommand\u00e9 des tubes et fils en m\u00e9tal jusque 3,2mm \u00d8.<\/p>\n<div style=\"text-align:left\" class=\"wps-pgfw-pdf-generate-icon__wrapper-frontend\">\n\t\t<a href=\"https:\/\/www.speedmodels.ch\/fr\/wp-json\/wp\/v2\/product\/20944\/?action=genpdf&amp;id=20944\" class=\"pgfw-single-pdf-download-button\" target=_blank><img src=\"https:\/\/speedmodels.ch\/wp-content\/uploads\/2021\/09\/pdf_icon.png\" title=\"G\u00e9n\u00e9rer un PDF\" style=\"width:auto; height:45px;\"><\/a>\n\t\t<\/div>","protected":false},"excerpt":{"rendered":"<p>Pour plier facilement des rayons librement d\u00e9finissables. recommand\u00e9 des tubes et fils en m\u00e9tal jusque 3,2mm \u00d8.<\/p>\n","protected":false},"featured_media":10023,"template":"","meta":[],"product_brand":[],"product_cat":[1665],"product_tag":[],"class_list":{"0":"post-20944","1":"product","2":"type-product","3":"status-publish","4":"has-post-thumbnail","6":"product_cat-plier-percer","8":"first","9":"instock","10":"shipping-taxable","11":"product-type-simple"},"_links":{"self":[{"href":"https:\/\/www.speedmodels.ch\/fr\/wp-json\/wp\/v2\/product\/20944","targetHints":{"allow":["GET"]}}],"collection":[{"href":"https:\/\/www.speedmodels.ch\/fr\/wp-json\/wp\/v2\/product"}],"about":[{"href":"https:\/\/www.speedmodels.ch\/fr\/wp-json\/wp\/v2\/types\/product"}],"version-history":[{"count":0,"href":"https:\/\/www.speedmodels.ch\/fr\/wp-json\/wp\/v2\/product\/20944\/revisions"}],"wp:featuredmedia":[{"embeddable":true,"href":"https:\/\/www.speedmodels.ch\/fr\/wp-json\/wp\/v2\/media\/10023"}],"wp:attachment":[{"href":"https:\/\/www.speedmodels.ch\/fr\/wp-json\/wp\/v2\/media?parent=20944"}],"wp:term":[{"taxonomy":"product_brand","embeddable":true,"href":"https:\/\/www.speedmodels.ch\/fr\/wp-json\/wp\/v2\/product_brand?post=20944"},{"taxonomy":"product_cat","embeddable":true,"href":"https:\/\/www.speedmodels.ch\/fr\/wp-json\/wp\/v2\/product_cat?post=20944"},{"taxonomy":"product_tag","embeddable":true,"href":"https:\/\/www.speedmodels.ch\/fr\/wp-json\/wp\/v2\/product_tag?post=20944"}],"curies":[{"name":"wp","href":"https:\/\/api.w.org\/{rel}","templated":true}]}}