{"id":20942,"date":"2022-02-15T13:17:57","date_gmt":"2022-02-15T13:17:57","guid":{"rendered":"https:\/\/www.speedmodels.ch\/produkte\/unkategorisiert\/alene-pour-helice\/"},"modified":"2025-02-10T08:55:30","modified_gmt":"2025-02-10T08:55:30","slug":"alene-pour-helice","status":"publish","type":"product","link":"https:\/\/www.speedmodels.ch\/fr\/produits\/outils\/plier-percer\/alene-pour-helice\/","title":{"rendered":"Al\u00eane pour h\u00e9lice"},"content":{"rendered":"<p><strong><span class=\"deutsch_texte_01\">Al\u00eane super pour les moyeux d&rsquo;h\u00e9lices<\/span><span class=\"deutsch_texte_01\">\u00d8 3\/16&Prime;, \u00bc\u00a0\u00bb, 5\/16&Prime;, 3\/8&Prime; (\u00d8 4 &#8211; 9mm)<\/span><\/strong><\/p>\n<div style=\"text-align:left\" class=\"wps-pgfw-pdf-generate-icon__wrapper-frontend\">\n\t\t<a href=\"https:\/\/www.speedmodels.ch\/fr\/wp-json\/wp\/v2\/product\/20942\/?action=genpdf&amp;id=20942\" class=\"pgfw-single-pdf-download-button\" target=_blank><img src=\"https:\/\/speedmodels.ch\/wp-content\/uploads\/2021\/09\/pdf_icon.png\" title=\"G\u00e9n\u00e9rer un PDF\" style=\"width:auto; height:45px;\"><\/a>\n\t\t<\/div>","protected":false},"excerpt":{"rendered":"<p>Al\u00eane super pour les moyeux d&rsquo;h\u00e9lices\u00d8 3\/16&Prime;, \u00bc\u00a0\u00bb, 5\/16&Prime;, 3\/8&Prime; (\u00d8 4 &#8211; 9mm)<\/p>\n","protected":false},"featured_media":10077,"template":"","meta":[],"product_brand":[],"product_cat":[1665],"product_tag":[],"class_list":{"0":"post-20942","1":"product","2":"type-product","3":"status-publish","4":"has-post-thumbnail","6":"product_cat-plier-percer","8":"first","9":"instock","10":"shipping-taxable","11":"product-type-simple"},"_links":{"self":[{"href":"https:\/\/www.speedmodels.ch\/fr\/wp-json\/wp\/v2\/product\/20942","targetHints":{"allow":["GET"]}}],"collection":[{"href":"https:\/\/www.speedmodels.ch\/fr\/wp-json\/wp\/v2\/product"}],"about":[{"href":"https:\/\/www.speedmodels.ch\/fr\/wp-json\/wp\/v2\/types\/product"}],"version-history":[{"count":1,"href":"https:\/\/www.speedmodels.ch\/fr\/wp-json\/wp\/v2\/product\/20942\/revisions"}],"predecessor-version":[{"id":29473,"href":"https:\/\/www.speedmodels.ch\/fr\/wp-json\/wp\/v2\/product\/20942\/revisions\/29473"}],"wp:featuredmedia":[{"embeddable":true,"href":"https:\/\/www.speedmodels.ch\/fr\/wp-json\/wp\/v2\/media\/10077"}],"wp:attachment":[{"href":"https:\/\/www.speedmodels.ch\/fr\/wp-json\/wp\/v2\/media?parent=20942"}],"wp:term":[{"taxonomy":"product_brand","embeddable":true,"href":"https:\/\/www.speedmodels.ch\/fr\/wp-json\/wp\/v2\/product_brand?post=20942"},{"taxonomy":"product_cat","embeddable":true,"href":"https:\/\/www.speedmodels.ch\/fr\/wp-json\/wp\/v2\/product_cat?post=20942"},{"taxonomy":"product_tag","embeddable":true,"href":"https:\/\/www.speedmodels.ch\/fr\/wp-json\/wp\/v2\/product_tag?post=20942"}],"curies":[{"name":"wp","href":"https:\/\/api.w.org\/{rel}","templated":true}]}}