{"id":20939,"date":"2021-11-25T12:35:51","date_gmt":"2021-11-25T12:35:51","guid":{"rendered":"https:\/\/www.speedmodels.ch\/produkte\/unkategorisiert\/scharnhorst-bateau-de-bataille-navalle\/"},"modified":"2021-11-25T12:35:51","modified_gmt":"2021-11-25T12:35:51","slug":"scharnhorst-bateau-de-bataille-navalle","status":"publish","type":"product","link":"https:\/\/www.speedmodels.ch\/fr\/produits\/modeles\/bateaux-fr-2\/bateaux-historiques\/scharnhorst-bateau-de-bataille-navalle\/","title":{"rendered":"Scharnhorst bateau de bataille navalle"},"content":{"rendered":"<p>L&rsquo;histoire du cuirass\u00e9 \u00ab\u00a0SCHARNHORST\u00a0\u00bb a commenc\u00e9 avec le lancement le 3 octobre 1936 au chantier naval Kriegsmarine \u00e0 Wilhelmshaven et la mise en service le 7 janvier 1939. Le 26 d\u00e9cembre 1943, le navire coula au nord du Cap Nord apr\u00e8s de violents combats avec les forces britanniques.  Le mod\u00e8le, con\u00e7u selon les documents du chantier naval, a \u00e9t\u00e9 construit \u00e0 l&rsquo;\u00e9chelle 1: 200 et est en grande partie fid\u00e8le \u00e0 la r\u00e9alit\u00e9. \u00c9tant donn\u00e9 que le fuselage en plastique fini est inclus dans le kit, le temps de construction est consid\u00e9rablement raccourci.  Il est entra\u00een\u00e9 soit directement par trois moteurs \u00e9lectriques, soit d\u2018une bo\u00eete de vitesses. Vous trouverez les instructions d&rsquo;installation et un sch\u00e9ma de bo\u00eete de vitesses dans le plan suppl\u00e9mentaire.  Les dimensions du fuselage permettent l&rsquo;installation de t\u00e9l\u00e9commandes monocanal ou multicanaux.<\/p>\n<p>Le kit de mod\u00e8le contient : des instructions de construction d\u00e9taill\u00e9es avec plan de construction en allemand, anglais, fran\u00e7ais, espagnol et italien, coque en plastique, plan suppl\u00e9mentaire pour enlever la coque en plastique, le pont du bateau, le gouvernail, les pi\u00e8ces en bois et en carton, le jeu de vis avec les arbres et les tubes d&rsquo;\u00e9tambot.<\/p>\n<p>L&rsquo;ensemble de ferrures doit \u00eatre command\u00e9 s\u00e9par\u00e9ment (n\u00b0 de commande 3625\/01) et se compose de : hublots (gatchen), crochets de corde, bornes \u00e0 double croix, ancres de hall, cha\u00eenes d&rsquo;ancrage, phares, cadres de surveillance, porte-drapeaux, m\u00e2ts, \u00e9chelles en laiton, haws d&rsquo;ancre, chapiteaux d&rsquo;ancre, d\u00e9riveurs, coupeurs, d\u00e9riveurs \u00e0 moteur, bateaux de trafic, simple flak, double flak, flak \u00e0 double monture, triple tours, couteaux \u00e9lectriques, avion Arado 196, m\u00e2ts, grues, garde-corps, etc.<\/p>\n<div style=\"text-align:left\" class=\"wps-pgfw-pdf-generate-icon__wrapper-frontend\">\n\t\t<a href=\"https:\/\/www.speedmodels.ch\/fr\/wp-json\/wp\/v2\/product\/20939\/?action=genpdf&amp;id=20939\" class=\"pgfw-single-pdf-download-button\" target=_blank><img src=\"https:\/\/speedmodels.ch\/wp-content\/uploads\/2021\/09\/pdf_icon.png\" title=\"G\u00e9n\u00e9rer un PDF\" style=\"width:auto; height:45px;\"><\/a>\n\t\t<\/div>","protected":false},"excerpt":{"rendered":"<p>L&rsquo;histoire du cuirass\u00e9 \u00ab\u00a0SCHARNHORST\u00a0\u00bb a commenc\u00e9 avec le lancement le 3 octobre 1936 au chantier naval Kriegsmarine \u00e0 Wilhelmshaven et la mise en service le 7 janvier 1939. Le 26 d\u00e9cembre 1943, le navire coula au nord du Cap Nord apr\u00e8s de violents combats avec les forces britanniques. Le mod\u00e8le, con\u00e7u selon les documents du [&hellip;]<\/p>\n","protected":false},"featured_media":9862,"template":"","meta":[],"product_brand":[],"product_cat":[1713,1823,1710],"product_tag":[],"class_list":{"0":"post-20939","1":"product","2":"type-product","3":"status-publish","4":"has-post-thumbnail","6":"product_cat-bateaux-fr-2","7":"product_cat-bateaux-historiques","8":"product_cat-modeles","10":"first","11":"instock","12":"shipping-taxable","13":"product-type-simple"},"_links":{"self":[{"href":"https:\/\/www.speedmodels.ch\/fr\/wp-json\/wp\/v2\/product\/20939","targetHints":{"allow":["GET"]}}],"collection":[{"href":"https:\/\/www.speedmodels.ch\/fr\/wp-json\/wp\/v2\/product"}],"about":[{"href":"https:\/\/www.speedmodels.ch\/fr\/wp-json\/wp\/v2\/types\/product"}],"version-history":[{"count":0,"href":"https:\/\/www.speedmodels.ch\/fr\/wp-json\/wp\/v2\/product\/20939\/revisions"}],"wp:featuredmedia":[{"embeddable":true,"href":"https:\/\/www.speedmodels.ch\/fr\/wp-json\/wp\/v2\/media\/9862"}],"wp:attachment":[{"href":"https:\/\/www.speedmodels.ch\/fr\/wp-json\/wp\/v2\/media?parent=20939"}],"wp:term":[{"taxonomy":"product_brand","embeddable":true,"href":"https:\/\/www.speedmodels.ch\/fr\/wp-json\/wp\/v2\/product_brand?post=20939"},{"taxonomy":"product_cat","embeddable":true,"href":"https:\/\/www.speedmodels.ch\/fr\/wp-json\/wp\/v2\/product_cat?post=20939"},{"taxonomy":"product_tag","embeddable":true,"href":"https:\/\/www.speedmodels.ch\/fr\/wp-json\/wp\/v2\/product_tag?post=20939"}],"curies":[{"name":"wp","href":"https:\/\/api.w.org\/{rel}","templated":true}]}}