{"id":20938,"date":"2021-11-25T12:34:04","date_gmt":"2021-11-25T12:34:04","guid":{"rendered":"https:\/\/www.speedmodels.ch\/produkte\/unkategorisiert\/bismarck-bateau-de-bataille-navalle\/"},"modified":"2021-11-25T12:34:04","modified_gmt":"2021-11-25T12:34:04","slug":"bismarck-bateau-de-bataille-navalle","status":"publish","type":"product","link":"https:\/\/www.speedmodels.ch\/fr\/produits\/modeles\/bateaux-fr-2\/bateaux-historiques\/bismarck-bateau-de-bataille-navalle\/","title":{"rendered":"Bismarck bateau de bataille navalle"},"content":{"rendered":"<p>Le navire a \u00e9t\u00e9 construit en quatre ans par le chantier naval de Hambourg Blohm &amp; Voss et mis en service le 24 ao\u00fbt 1940. 138 000 ch ont donn\u00e9 au navire une vitesse de pointe de 30,6 n\u0153uds  Le mod\u00e8le a \u00e9t\u00e9 construit en grande partie fid\u00e8le \u00e0 la r\u00e9alit\u00e9 selon les plans du chantier naval \u00e0 l&rsquo;\u00e9chelle 1: 200. Le temps de construction est consid\u00e9rablement raccourci par la coque en plastique. L&rsquo;entra\u00eenement \u00e9lectrique s&rsquo;effectue soit avec trois h\u00e9lices avec des moteurs individuels ou avec un moteur avec r\u00e9ducteur. L&rsquo;espace du fuselage permet l&rsquo;installation de tous les syst\u00e8mes RC.   <\/p>\n<p>Le kit de mod\u00e8le contient : instructions de construction d\u00e9taill\u00e9es avec plan de construction en allemand, anglais, fran\u00e7ais, espagnol et italien, coque en plastique, plan suppl\u00e9mentaire pour retirer la coque en plastique, pont du bateau, gouvernail, pi\u00e8ces en bois et en carton, jeu de vis avec arbres et tubes d&rsquo;\u00e9tambot.<\/p>\n<p>Le kit de ferrures doit \u00eatre command\u00e9 s\u00e9par\u00e9ment (r\u00e9f. 3620-01)<\/p>\n<div style=\"text-align:left\" class=\"wps-pgfw-pdf-generate-icon__wrapper-frontend\">\n\t\t<a href=\"https:\/\/www.speedmodels.ch\/fr\/wp-json\/wp\/v2\/product\/20938\/?action=genpdf&amp;id=20938\" class=\"pgfw-single-pdf-download-button\" target=_blank><img src=\"https:\/\/speedmodels.ch\/wp-content\/uploads\/2021\/09\/pdf_icon.png\" title=\"G\u00e9n\u00e9rer un PDF\" style=\"width:auto; height:45px;\"><\/a>\n\t\t<\/div>","protected":false},"excerpt":{"rendered":"<p>Le navire a \u00e9t\u00e9 construit en quatre ans par le chantier naval de Hambourg Blohm &amp; Voss et mis en service le 24 ao\u00fbt 1940. 138 000 ch ont donn\u00e9 au navire une vitesse de pointe de 30,6 n\u0153uds Le mod\u00e8le a \u00e9t\u00e9 construit en grande partie fid\u00e8le \u00e0 la r\u00e9alit\u00e9 selon les plans du [&hellip;]<\/p>\n","protected":false},"featured_media":9861,"template":"","meta":[],"product_brand":[],"product_cat":[1713,1823,1710],"product_tag":[],"class_list":{"0":"post-20938","1":"product","2":"type-product","3":"status-publish","4":"has-post-thumbnail","6":"product_cat-bateaux-fr-2","7":"product_cat-bateaux-historiques","8":"product_cat-modeles","10":"first","11":"instock","12":"shipping-taxable","13":"product-type-simple"},"_links":{"self":[{"href":"https:\/\/www.speedmodels.ch\/fr\/wp-json\/wp\/v2\/product\/20938","targetHints":{"allow":["GET"]}}],"collection":[{"href":"https:\/\/www.speedmodels.ch\/fr\/wp-json\/wp\/v2\/product"}],"about":[{"href":"https:\/\/www.speedmodels.ch\/fr\/wp-json\/wp\/v2\/types\/product"}],"version-history":[{"count":0,"href":"https:\/\/www.speedmodels.ch\/fr\/wp-json\/wp\/v2\/product\/20938\/revisions"}],"wp:featuredmedia":[{"embeddable":true,"href":"https:\/\/www.speedmodels.ch\/fr\/wp-json\/wp\/v2\/media\/9861"}],"wp:attachment":[{"href":"https:\/\/www.speedmodels.ch\/fr\/wp-json\/wp\/v2\/media?parent=20938"}],"wp:term":[{"taxonomy":"product_brand","embeddable":true,"href":"https:\/\/www.speedmodels.ch\/fr\/wp-json\/wp\/v2\/product_brand?post=20938"},{"taxonomy":"product_cat","embeddable":true,"href":"https:\/\/www.speedmodels.ch\/fr\/wp-json\/wp\/v2\/product_cat?post=20938"},{"taxonomy":"product_tag","embeddable":true,"href":"https:\/\/www.speedmodels.ch\/fr\/wp-json\/wp\/v2\/product_tag?post=20938"}],"curies":[{"name":"wp","href":"https:\/\/api.w.org\/{rel}","templated":true}]}}