{"id":20937,"date":"2021-11-25T12:32:15","date_gmt":"2021-11-25T12:32:15","guid":{"rendered":"https:\/\/www.speedmodels.ch\/produkte\/unkategorisiert\/tirpitz-cuirasse\/"},"modified":"2021-11-25T12:32:15","modified_gmt":"2021-11-25T12:32:15","slug":"tirpitz-cuirasse","status":"publish","type":"product","link":"https:\/\/www.speedmodels.ch\/fr\/produits\/modeles\/bateaux-fr-2\/bateaux-historiques\/tirpitz-cuirasse\/","title":{"rendered":"Tirpitz cuirass\u00e9"},"content":{"rendered":"<p>Le navire a \u00e9t\u00e9 construit au Kriegsmarinenwerft \u00e0 Wilhelmshaven et lanc\u00e9 le 1er avril 1939. La mise en service a eu lieu le 25 f\u00e9vrier 1941.   Le mod\u00e8le a \u00e9t\u00e9 construit en grande partie fid\u00e8le \u00e0 la r\u00e9alit\u00e9 selon les plans du chantier naval \u00e0 l&rsquo;\u00e9chelle 1: 200. Le temps de construction est consid\u00e9rablement raccourci par la coque en plastique finie.  L&rsquo;entra\u00eenement \u00e9lectrique s&rsquo;effectue soit avec trois h\u00e9lices avec des moteurs individuels, ou avec un moteur avec r\u00e9ducteur. L&rsquo;espace du fuselage permet l&rsquo;installation de tous les syst\u00e8mes RC.<\/p>\n<p>Le kit de mod\u00e8le contient : des instructions de construction d\u00e9taill\u00e9es avec plan de construction en allemand, anglais, fran\u00e7ais, espagnol et italien, coque en plastique, plan suppl\u00e9mentaire pour enlever la coque en plastique, le pont du bateau, le gouvernail, les pi\u00e8ces en bois et en carton, le jeu de vis avec les arbres et les tubes d&rsquo;\u00e9tambot.<\/p>\n<p>Le kit de ferrures doit \u00eatre command\u00e9 s\u00e9par\u00e9ment (n\u00b0 de commande 3619\/01)<\/p>\n<div style=\"text-align:left\" class=\"wps-pgfw-pdf-generate-icon__wrapper-frontend\">\n\t\t<a href=\"https:\/\/www.speedmodels.ch\/fr\/wp-json\/wp\/v2\/product\/20937\/?action=genpdf&amp;id=20937\" class=\"pgfw-single-pdf-download-button\" target=_blank><img src=\"https:\/\/speedmodels.ch\/wp-content\/uploads\/2021\/09\/pdf_icon.png\" title=\"G\u00e9n\u00e9rer un PDF\" style=\"width:auto; height:45px;\"><\/a>\n\t\t<\/div>","protected":false},"excerpt":{"rendered":"<p>Le navire a \u00e9t\u00e9 construit au Kriegsmarinenwerft \u00e0 Wilhelmshaven et lanc\u00e9 le 1er avril 1939. La mise en service a eu lieu le 25 f\u00e9vrier 1941. Le mod\u00e8le a \u00e9t\u00e9 construit en grande partie fid\u00e8le \u00e0 la r\u00e9alit\u00e9 selon les plans du chantier naval \u00e0 l&rsquo;\u00e9chelle 1: 200. Le temps de construction est consid\u00e9rablement raccourci [&hellip;]<\/p>\n","protected":false},"featured_media":9860,"template":"","meta":[],"product_brand":[],"product_cat":[1713,1823,1710],"product_tag":[],"class_list":{"0":"post-20937","1":"product","2":"type-product","3":"status-publish","4":"has-post-thumbnail","6":"product_cat-bateaux-fr-2","7":"product_cat-bateaux-historiques","8":"product_cat-modeles","10":"first","11":"instock","12":"shipping-taxable","13":"product-type-simple"},"_links":{"self":[{"href":"https:\/\/www.speedmodels.ch\/fr\/wp-json\/wp\/v2\/product\/20937","targetHints":{"allow":["GET"]}}],"collection":[{"href":"https:\/\/www.speedmodels.ch\/fr\/wp-json\/wp\/v2\/product"}],"about":[{"href":"https:\/\/www.speedmodels.ch\/fr\/wp-json\/wp\/v2\/types\/product"}],"version-history":[{"count":0,"href":"https:\/\/www.speedmodels.ch\/fr\/wp-json\/wp\/v2\/product\/20937\/revisions"}],"wp:featuredmedia":[{"embeddable":true,"href":"https:\/\/www.speedmodels.ch\/fr\/wp-json\/wp\/v2\/media\/9860"}],"wp:attachment":[{"href":"https:\/\/www.speedmodels.ch\/fr\/wp-json\/wp\/v2\/media?parent=20937"}],"wp:term":[{"taxonomy":"product_brand","embeddable":true,"href":"https:\/\/www.speedmodels.ch\/fr\/wp-json\/wp\/v2\/product_brand?post=20937"},{"taxonomy":"product_cat","embeddable":true,"href":"https:\/\/www.speedmodels.ch\/fr\/wp-json\/wp\/v2\/product_cat?post=20937"},{"taxonomy":"product_tag","embeddable":true,"href":"https:\/\/www.speedmodels.ch\/fr\/wp-json\/wp\/v2\/product_tag?post=20937"}],"curies":[{"name":"wp","href":"https:\/\/api.w.org\/{rel}","templated":true}]}}