{"id":20936,"date":"2021-11-25T12:30:35","date_gmt":"2021-11-25T12:30:35","guid":{"rendered":"https:\/\/www.speedmodels.ch\/produkte\/unkategorisiert\/graf-spee-cuirasse\/"},"modified":"2021-11-25T12:30:35","modified_gmt":"2021-11-25T12:30:35","slug":"graf-spee-cuirasse","status":"publish","type":"product","link":"https:\/\/www.speedmodels.ch\/fr\/produits\/modeles\/bateaux-fr-2\/bateaux-historiques\/graf-spee-cuirasse\/","title":{"rendered":"Graf Spee cuirass\u00e9"},"content":{"rendered":"<p>Le mod\u00e8le \u00e0 \u00e9t\u00e9 lanc\u00e9 le 30.06.1934. Il \u00e9tait le troisi\u00e8me de la famille (L\u00fctzow, Admiral Scheer). Nombreux voyages \u00e0 l\u2019\u00e9tranger suivaient.    En d\u00e9cembre 1939 une grande bataille avec trois cuirass\u00e9s anglais dans lequel le bateau a \u00e9t\u00e9 gravement endommag\u00e9. . Pour am\u00e9liorer les dommages de combat, le port de Montevideo a \u00e9t\u00e9 approch\u00e9. Le gouvernement de l&rsquo;Uruguay a refus\u00e9 un s\u00e9jour plus long.  Comme on supposait que la route du retour \u00e9tait bloqu\u00e9e par de puissantes forces navales anglaises, le navire a \u00e9t\u00e9 coul\u00e9 par son \u00e9quipage le 17 d\u00e9cembre 1939. Le mod\u00e8le \u00e9tait con\u00e7u selon les documents du chantier naval et a \u00e9t\u00e9 construit \u00e0 l&rsquo;\u00e9chelle 1: 200 et est en grande partie fid\u00e8le \u00e0 la r\u00e9alit\u00e9. \u00c9tant donn\u00e9 que le fuselage en plastique fini est inclus dans le kit, le temps de construction est consid\u00e9rablement raccourci. <\/p>\n<p>Il est entra\u00een\u00e9 soit directement avec deux moteurs \u00e9lectriques ou d\u2019une bo\u00eete de vitesses. Vous trouverez les instructions d&rsquo;installation et un sch\u00e9ma de bo\u00eete de vitesses dans le plan suppl\u00e9mentaire.  Les dimensions du fuselage permettent l&rsquo;installation de t\u00e9l\u00e9commandes monocanal ou multicanaux.<\/p>\n<p>Le kit de mod\u00e8le contient : des instructions de construction d\u00e9taill\u00e9es avec plan de construction en allemand, anglais, fran\u00e7ais, espagnol et italien, coque en plastique, plan suppl\u00e9mentaire pour enlever la coque en plastique, le pont du bateau, le gouvernail, les pi\u00e8ces en bois et en carton, le jeu de vis avec les arbres et les tubes d&rsquo;\u00e9tambot.<\/p>\n<p>L&rsquo;ensemble de ferrures doit \u00eatre command\u00e9 s\u00e9par\u00e9ment (n\u00b0 de commande 3600\/01) et se compose de : hublots, crochets en corde, bornes doubles crois\u00e9es, etc<\/p>\n<div style=\"text-align:left\" class=\"wps-pgfw-pdf-generate-icon__wrapper-frontend\">\n\t\t<a href=\"https:\/\/www.speedmodels.ch\/fr\/wp-json\/wp\/v2\/product\/20936\/?action=genpdf&amp;id=20936\" class=\"pgfw-single-pdf-download-button\" target=_blank><img src=\"https:\/\/speedmodels.ch\/wp-content\/uploads\/2021\/09\/pdf_icon.png\" title=\"G\u00e9n\u00e9rer un PDF\" style=\"width:auto; height:45px;\"><\/a>\n\t\t<\/div>","protected":false},"excerpt":{"rendered":"<p>Le mod\u00e8le \u00e0 \u00e9t\u00e9 lanc\u00e9 le 30.06.1934. Il \u00e9tait le troisi\u00e8me de la famille (L\u00fctzow, Admiral Scheer). Nombreux voyages \u00e0 l\u2019\u00e9tranger suivaient. En d\u00e9cembre 1939 une grande bataille avec trois cuirass\u00e9s anglais dans lequel le bateau a \u00e9t\u00e9 gravement endommag\u00e9. . Pour am\u00e9liorer les dommages de combat, le port de Montevideo a \u00e9t\u00e9 approch\u00e9. Le [&hellip;]<\/p>\n","protected":false},"featured_media":9859,"template":"","meta":[],"product_brand":[],"product_cat":[1713,1823],"product_tag":[],"class_list":{"0":"post-20936","1":"product","2":"type-product","3":"status-publish","4":"has-post-thumbnail","6":"product_cat-bateaux-fr-2","7":"product_cat-bateaux-historiques","9":"first","10":"instock","11":"shipping-taxable","12":"product-type-simple"},"_links":{"self":[{"href":"https:\/\/www.speedmodels.ch\/fr\/wp-json\/wp\/v2\/product\/20936","targetHints":{"allow":["GET"]}}],"collection":[{"href":"https:\/\/www.speedmodels.ch\/fr\/wp-json\/wp\/v2\/product"}],"about":[{"href":"https:\/\/www.speedmodels.ch\/fr\/wp-json\/wp\/v2\/types\/product"}],"version-history":[{"count":0,"href":"https:\/\/www.speedmodels.ch\/fr\/wp-json\/wp\/v2\/product\/20936\/revisions"}],"wp:featuredmedia":[{"embeddable":true,"href":"https:\/\/www.speedmodels.ch\/fr\/wp-json\/wp\/v2\/media\/9859"}],"wp:attachment":[{"href":"https:\/\/www.speedmodels.ch\/fr\/wp-json\/wp\/v2\/media?parent=20936"}],"wp:term":[{"taxonomy":"product_brand","embeddable":true,"href":"https:\/\/www.speedmodels.ch\/fr\/wp-json\/wp\/v2\/product_brand?post=20936"},{"taxonomy":"product_cat","embeddable":true,"href":"https:\/\/www.speedmodels.ch\/fr\/wp-json\/wp\/v2\/product_cat?post=20936"},{"taxonomy":"product_tag","embeddable":true,"href":"https:\/\/www.speedmodels.ch\/fr\/wp-json\/wp\/v2\/product_tag?post=20936"}],"curies":[{"name":"wp","href":"https:\/\/api.w.org\/{rel}","templated":true}]}}