{"id":20935,"date":"2021-11-25T12:42:46","date_gmt":"2021-11-25T12:42:46","guid":{"rendered":"https:\/\/www.speedmodels.ch\/produkte\/unkategorisiert\/nuernberg-croiseur\/"},"modified":"2021-11-25T12:42:46","modified_gmt":"2021-11-25T12:42:46","slug":"nuernberg-croiseur","status":"publish","type":"product","link":"https:\/\/www.speedmodels.ch\/fr\/produits\/modeles\/bateaux-fr-2\/bateaux-historiques\/nuernberg-croiseur\/","title":{"rendered":"N\u00fcrnberg croiseur"},"content":{"rendered":"<p>Le navire a \u00e9t\u00e9 construit dans les ann\u00e9es 1933-35 dans les usines allemandes de Kiel. Le lancement a eu lieu le 8 d\u00e9cembre 1934. Le croiseur l\u00e9ger N\u00fcrnberg a \u00e9t\u00e9 livr\u00e9 \u00e0 l&rsquo;Union sovi\u00e9tique apr\u00e8s la fin de la Seconde Guerre mondiale. Le navire a \u00e9t\u00e9 d\u00e9moli en 1961.   <\/p>\n<p>Le mod\u00e8le, con\u00e7u selon les documents du chantier naval, a \u00e9t\u00e9 construit \u00e0 l&rsquo;\u00e9chelle 1: 200 et est en grande partie fid\u00e8le \u00e0 la r\u00e9alit\u00e9. \u00c9tant donn\u00e9 que le fuselage en plastique fini est inclus dans le kit, le temps de construction est consid\u00e9rablement raccourci. Il est entra\u00een\u00e9 soit directement avec deux moteurs \u00e9lectriques, soit avec une bo\u00eete de vitesses. Vous trouverez les instructions d&rsquo;installation et un sch\u00e9ma de bo\u00eete de vitesses dans le plan suppl\u00e9mentaire.    Les dimensions du fuselage permettent l&rsquo;installation de t\u00e9l\u00e9commandes monocanal ou multicanaux.<\/p>\n<p>Le kit de mod\u00e8le contient : des instructions de construction d\u00e9taill\u00e9es avec plan de construction en allemand, anglais, fran\u00e7ais, espagnol et italien, coque en plastique, plan suppl\u00e9mentaire pour enlever la coque en plastique, le pont du bateau, le gouvernail, les pi\u00e8ces en bois et en carton, le jeu de vis avec les arbres et les tubes d&rsquo;\u00e9tambot.<\/p>\n<p>L&rsquo;ensemble de ferrures doit \u00eatre command\u00e9 s\u00e9par\u00e9ment (n\u00b0 de commande s\u00e9par\u00e9 3630\/01) et se compose de : hublots (gatchen), crochets de corde, bornes \u00e0 double croix, ancres de hall, cha\u00eenes d&rsquo;ancrage, phares, cadres de surveillance, porte-drapeaux, m\u00e2ts de drapeau, \u00e9chelles en laiton , haws d&rsquo;ancre, chapiteaux d&rsquo;ancre, canots, coupeurs, canots \u00e0 moteur, bateaux de trafic, simple flak, double flak, flak en double montures, triple tours, tubes lance-torpilles, couteaux \u00e9lectriques, avions Arado 196, m\u00e2ts, grues, garde-corps, etc.<\/p>\n<div style=\"text-align:left\" class=\"wps-pgfw-pdf-generate-icon__wrapper-frontend\">\n\t\t<a href=\"https:\/\/www.speedmodels.ch\/fr\/wp-json\/wp\/v2\/product\/20935\/?action=genpdf&amp;id=20935\" class=\"pgfw-single-pdf-download-button\" target=_blank><img src=\"https:\/\/speedmodels.ch\/wp-content\/uploads\/2021\/09\/pdf_icon.png\" title=\"G\u00e9n\u00e9rer un PDF\" style=\"width:auto; height:45px;\"><\/a>\n\t\t<\/div>","protected":false},"excerpt":{"rendered":"<p>Le navire a \u00e9t\u00e9 construit dans les ann\u00e9es 1933-35 dans les usines allemandes de Kiel. Le lancement a eu lieu le 8 d\u00e9cembre 1934. Le croiseur l\u00e9ger N\u00fcrnberg a \u00e9t\u00e9 livr\u00e9 \u00e0 l&rsquo;Union sovi\u00e9tique apr\u00e8s la fin de la Seconde Guerre mondiale. Le navire a \u00e9t\u00e9 d\u00e9moli en 1961. Le mod\u00e8le, con\u00e7u selon les documents [&hellip;]<\/p>\n","protected":false},"featured_media":9864,"template":"","meta":[],"product_brand":[],"product_cat":[1713,1823,1710],"product_tag":[],"class_list":{"0":"post-20935","1":"product","2":"type-product","3":"status-publish","4":"has-post-thumbnail","6":"product_cat-bateaux-fr-2","7":"product_cat-bateaux-historiques","8":"product_cat-modeles","10":"first","11":"instock","12":"shipping-taxable","13":"product-type-simple"},"_links":{"self":[{"href":"https:\/\/www.speedmodels.ch\/fr\/wp-json\/wp\/v2\/product\/20935","targetHints":{"allow":["GET"]}}],"collection":[{"href":"https:\/\/www.speedmodels.ch\/fr\/wp-json\/wp\/v2\/product"}],"about":[{"href":"https:\/\/www.speedmodels.ch\/fr\/wp-json\/wp\/v2\/types\/product"}],"version-history":[{"count":0,"href":"https:\/\/www.speedmodels.ch\/fr\/wp-json\/wp\/v2\/product\/20935\/revisions"}],"wp:featuredmedia":[{"embeddable":true,"href":"https:\/\/www.speedmodels.ch\/fr\/wp-json\/wp\/v2\/media\/9864"}],"wp:attachment":[{"href":"https:\/\/www.speedmodels.ch\/fr\/wp-json\/wp\/v2\/media?parent=20935"}],"wp:term":[{"taxonomy":"product_brand","embeddable":true,"href":"https:\/\/www.speedmodels.ch\/fr\/wp-json\/wp\/v2\/product_brand?post=20935"},{"taxonomy":"product_cat","embeddable":true,"href":"https:\/\/www.speedmodels.ch\/fr\/wp-json\/wp\/v2\/product_cat?post=20935"},{"taxonomy":"product_tag","embeddable":true,"href":"https:\/\/www.speedmodels.ch\/fr\/wp-json\/wp\/v2\/product_tag?post=20935"}],"curies":[{"name":"wp","href":"https:\/\/api.w.org\/{rel}","templated":true}]}}