{"id":20934,"date":"2021-11-25T10:55:12","date_gmt":"2021-11-25T10:55:12","guid":{"rendered":"https:\/\/www.speedmodels.ch\/produkte\/unkategorisiert\/santa-elena\/"},"modified":"2021-11-25T10:55:12","modified_gmt":"2021-11-25T10:55:12","slug":"santa-elena","status":"publish","type":"product","link":"https:\/\/www.speedmodels.ch\/fr\/produits\/modeles\/bateaux-fr-2\/modeles-de-stand-historiques\/santa-elena\/","title":{"rendered":"Santa Elena"},"content":{"rendered":"<p>Le SANTA ELENA, navire marchand v\u00e9nitien du d\u00e9but du XVe au XVIe si\u00e8cle, \u00e9tait probablement le navire le plus grand et sans aucun doute le plus moderne et le mieux \u00e9quip\u00e9 de son \u00e9poque lors de sa mise \u00e0 l&rsquo;eau.   Pendant 15 ans, il a navigu\u00e9 sur la M\u00e9diterran\u00e9e, la c\u00f4te atlantique, la mer du Nord et la mer Baltique avec une cargaison riche. La reconstruction de la SANTA ELENA, pour laquelle, en plus des gravures et des peintures, des documents du palais du procureur et du tr\u00e9sor de la ville de Venise ont \u00e9t\u00e9 utilis\u00e9s, donne l&rsquo;occasion de construire un mod\u00e8le qui n&rsquo;est pas seulement un plaisir durable dans son ex\u00e9cution et sa pr\u00e9cision, mais repr\u00e9sente \u00e9galement une valeur \u00e9lev\u00e9e durable. C&rsquo;est un joyau pour les connaisseurs et une t\u00e2che attrayante pour les amateurs de vieux navires. <\/p>\n<p>Le kit de mod\u00e8le contient: des instructions de construction d\u00e9taill\u00e9es avec plan de construction, du bois d&rsquo;abachi imprim\u00e9 et pin et des pi\u00e8ces en contreplaqu\u00e9s et carton, les voiles, de la soie pour drapeaux et beaucoup plus.<\/p>\n<p>Le kit des ferrures no 3270-01 doit \u00eatre command\u00e9 \u00e0 part.<br \/>\nVoiles de r\u00e9change 23.7dm\u00b2<\/p>\n<div style=\"text-align:left\" class=\"wps-pgfw-pdf-generate-icon__wrapper-frontend\">\n\t\t<a href=\"https:\/\/www.speedmodels.ch\/fr\/wp-json\/wp\/v2\/product\/20934\/?action=genpdf&amp;id=20934\" class=\"pgfw-single-pdf-download-button\" target=_blank><img src=\"https:\/\/speedmodels.ch\/wp-content\/uploads\/2021\/09\/pdf_icon.png\" title=\"G\u00e9n\u00e9rer un PDF\" style=\"width:auto; height:45px;\"><\/a>\n\t\t<\/div>","protected":false},"excerpt":{"rendered":"<p>Le SANTA ELENA, navire marchand v\u00e9nitien du d\u00e9but du XVe au XVIe si\u00e8cle, \u00e9tait probablement le navire le plus grand et sans aucun doute le plus moderne et le mieux \u00e9quip\u00e9 de son \u00e9poque lors de sa mise \u00e0 l&rsquo;eau. Pendant 15 ans, il a navigu\u00e9 sur la M\u00e9diterran\u00e9e, la c\u00f4te atlantique, la mer du [&hellip;]<\/p>\n","protected":false},"featured_media":9857,"template":"","meta":[],"product_brand":[],"product_cat":[1713,1710,1822],"product_tag":[],"class_list":{"0":"post-20934","1":"product","2":"type-product","3":"status-publish","4":"has-post-thumbnail","6":"product_cat-bateaux-fr-2","7":"product_cat-modeles","8":"product_cat-modeles-de-stand-historiques","10":"first","11":"instock","12":"shipping-taxable","13":"product-type-simple"},"_links":{"self":[{"href":"https:\/\/www.speedmodels.ch\/fr\/wp-json\/wp\/v2\/product\/20934","targetHints":{"allow":["GET"]}}],"collection":[{"href":"https:\/\/www.speedmodels.ch\/fr\/wp-json\/wp\/v2\/product"}],"about":[{"href":"https:\/\/www.speedmodels.ch\/fr\/wp-json\/wp\/v2\/types\/product"}],"version-history":[{"count":0,"href":"https:\/\/www.speedmodels.ch\/fr\/wp-json\/wp\/v2\/product\/20934\/revisions"}],"wp:featuredmedia":[{"embeddable":true,"href":"https:\/\/www.speedmodels.ch\/fr\/wp-json\/wp\/v2\/media\/9857"}],"wp:attachment":[{"href":"https:\/\/www.speedmodels.ch\/fr\/wp-json\/wp\/v2\/media?parent=20934"}],"wp:term":[{"taxonomy":"product_brand","embeddable":true,"href":"https:\/\/www.speedmodels.ch\/fr\/wp-json\/wp\/v2\/product_brand?post=20934"},{"taxonomy":"product_cat","embeddable":true,"href":"https:\/\/www.speedmodels.ch\/fr\/wp-json\/wp\/v2\/product_cat?post=20934"},{"taxonomy":"product_tag","embeddable":true,"href":"https:\/\/www.speedmodels.ch\/fr\/wp-json\/wp\/v2\/product_tag?post=20934"}],"curies":[{"name":"wp","href":"https:\/\/api.w.org\/{rel}","templated":true}]}}