{"id":20933,"date":"2021-11-25T10:51:49","date_gmt":"2021-11-25T10:51:49","guid":{"rendered":"https:\/\/www.speedmodels.ch\/produkte\/unkategorisiert\/fregate-unicorn-h-m\/"},"modified":"2021-11-25T10:51:49","modified_gmt":"2021-11-25T10:51:49","slug":"fregate-unicorn-h-m","status":"publish","type":"product","link":"https:\/\/www.speedmodels.ch\/fr\/produits\/modeles\/bateaux-fr-2\/modeles-de-stand-historiques\/fregate-unicorn-h-m\/","title":{"rendered":"Fr\u00e9gate Unicorn H.M."},"content":{"rendered":"<p>La fr\u00e9gate UNICORN sous son capitaine Nicholas Grant a \u00e9t\u00e9 impliqu\u00e9e dans les batailles de Lowenstoft, Bergen et la bataille de quatre jours dans la 2e guerre navale anglo-n\u00e9erlandaise, o\u00f9 la flotte anglaise sous le prince Rupprecht von der Pfalz et George Monck, duc d&rsquo;Albemarie, a combattu l&rsquo;une des batailles navales les plus difficiles de l&rsquo;histoire pour la flotte n\u00e9erlandaise sous Michiel de Ruyter. Une reconstruction pr\u00e9cise jusque dans les moindres d\u00e9tails (construction du cadre) avec de nombreuses pi\u00e8ces pr\u00e9fabriqu\u00e9es, toutes les ferrures sont fournies dans un kit de ferrures.  La reconstruction de la UNICORNE, pour laquelle les plans et documents originaux de l&rsquo;Amiraut\u00e9 britannique, conserv\u00e9s \u00e0 ce jour, ont \u00e9t\u00e9 utilis\u00e9s, permet la construction d&rsquo;un mod\u00e8le qui, avec ses magnifiques sculptures dor\u00e9es et les innombrables d\u00e9tails soigneusement \u00e9labor\u00e9s sont une pi\u00e8ce ma\u00eetresse incomparable pour tous les connaisseurs et amateurs de vieux navires, dont les attentes et les exigences les plus \u00e9lev\u00e9es que ce mod\u00e8le d\u00e9passera s\u00fbrement. Un top model pour les vrais experts. Le mod\u00e8le ne sait pas flotter!<\/p>\n<p>Le kit de mod\u00e8le contient : des instructions de construction d\u00e9taill\u00e9es et multilingues avec plan de construction, bois d&rsquo;abachi imprim\u00e9, contreplaqu\u00e9, bois de tilleul et pi\u00e8ces de carton, bois rond, pin, balsa, noyer, abachi et bandes de caillebotis, ponts de bateaux, voiles, soie pour drapeaux, etc.<\/p>\n<p>L&rsquo;ensemble de fixation doit \u00eatre command\u00e9 s\u00e9par\u00e9ment (N\u00b0 de commande 3261\/01) et se compose de : Blocs doubles et simples de 3 mm \u00e0 12 mm (total de 341 pi\u00e8ces), cavalier de 3 mm \u00e0 12 mm (total de 130 pi\u00e8ces), 91 clous, 21 taquets, 38 \u0153illets, 18 \u0153illets, 7 aiguilles de gr\u00e9ement, 6 poulies, cr\u00e9maill\u00e8res avec rivets et Klotjes, 30 pistolets, 4 ancres b\u00e2ton, cloche de navire, 2 d\u00e9riveurs, 26 supports de main courante, 3 lanternes, armoiries anglaises, ruban de rosace, 60 ferrures de sabords, 8 dalots, drapeaux et ficelle \u00e0 fouetter en 7 \u00e9paisseurs (environ 133 m\u00e8tres). Tous les raccords sont \u00e9galement disponibles individuellement.<br \/>\n\u00e9chelle: 1:50<br \/>\nVoiles re rechanges 25.09dm2\u00b2<\/p>\n<div style=\"text-align:left\" class=\"wps-pgfw-pdf-generate-icon__wrapper-frontend\">\n\t\t<a href=\"https:\/\/www.speedmodels.ch\/fr\/wp-json\/wp\/v2\/product\/20933\/?action=genpdf&amp;id=20933\" class=\"pgfw-single-pdf-download-button\" target=_blank><img src=\"https:\/\/speedmodels.ch\/wp-content\/uploads\/2021\/09\/pdf_icon.png\" title=\"G\u00e9n\u00e9rer un PDF\" style=\"width:auto; height:45px;\"><\/a>\n\t\t<\/div>","protected":false},"excerpt":{"rendered":"<p>La fr\u00e9gate UNICORN sous son capitaine Nicholas Grant a \u00e9t\u00e9 impliqu\u00e9e dans les batailles de Lowenstoft, Bergen et la bataille de quatre jours dans la 2e guerre navale anglo-n\u00e9erlandaise, o\u00f9 la flotte anglaise sous le prince Rupprecht von der Pfalz et George Monck, duc d&rsquo;Albemarie, a combattu l&rsquo;une des batailles navales les plus difficiles de [&hellip;]<\/p>\n","protected":false},"featured_media":9855,"template":"","meta":[],"product_brand":[],"product_cat":[1713,1710,1822],"product_tag":[],"class_list":{"0":"post-20933","1":"product","2":"type-product","3":"status-publish","4":"has-post-thumbnail","6":"product_cat-bateaux-fr-2","7":"product_cat-modeles","8":"product_cat-modeles-de-stand-historiques","10":"first","11":"instock","12":"shipping-taxable","13":"product-type-simple"},"_links":{"self":[{"href":"https:\/\/www.speedmodels.ch\/fr\/wp-json\/wp\/v2\/product\/20933","targetHints":{"allow":["GET"]}}],"collection":[{"href":"https:\/\/www.speedmodels.ch\/fr\/wp-json\/wp\/v2\/product"}],"about":[{"href":"https:\/\/www.speedmodels.ch\/fr\/wp-json\/wp\/v2\/types\/product"}],"version-history":[{"count":0,"href":"https:\/\/www.speedmodels.ch\/fr\/wp-json\/wp\/v2\/product\/20933\/revisions"}],"wp:featuredmedia":[{"embeddable":true,"href":"https:\/\/www.speedmodels.ch\/fr\/wp-json\/wp\/v2\/media\/9855"}],"wp:attachment":[{"href":"https:\/\/www.speedmodels.ch\/fr\/wp-json\/wp\/v2\/media?parent=20933"}],"wp:term":[{"taxonomy":"product_brand","embeddable":true,"href":"https:\/\/www.speedmodels.ch\/fr\/wp-json\/wp\/v2\/product_brand?post=20933"},{"taxonomy":"product_cat","embeddable":true,"href":"https:\/\/www.speedmodels.ch\/fr\/wp-json\/wp\/v2\/product_cat?post=20933"},{"taxonomy":"product_tag","embeddable":true,"href":"https:\/\/www.speedmodels.ch\/fr\/wp-json\/wp\/v2\/product_tag?post=20933"}],"curies":[{"name":"wp","href":"https:\/\/api.w.org\/{rel}","templated":true}]}}