{"id":20931,"date":"2021-11-25T10:47:47","date_gmt":"2021-11-25T10:47:47","guid":{"rendered":"https:\/\/www.speedmodels.ch\/produkte\/unkategorisiert\/la-capitana-di-venezia\/"},"modified":"2021-11-25T10:47:47","modified_gmt":"2021-11-25T10:47:47","slug":"la-capitana-di-venezia","status":"publish","type":"product","link":"https:\/\/www.speedmodels.ch\/fr\/produits\/modeles\/bateaux-fr-2\/modeles-de-stand-historiques\/la-capitana-di-venezia\/","title":{"rendered":"La Capitana di Venezia"},"content":{"rendered":"<p>La CAPITANA DI VENETIA \u00e9tait la gal\u00e8re de commandement de l&rsquo;amiral v\u00e9nitien Marco Quirini de la bataille de Leptano le 7 octobre 1571, au cours de laquelle la flotte chr\u00e9tienne sous le commandement de Don Juan d&rsquo;Austrias a vaincu et d\u00e9truit la flotte turque d&rsquo;Ali Pacha. Le mod\u00e8le est une reconstruction \u00e0 l&rsquo;\u00e9chelle 1:50 (construction du cadre) avec de nombreuses pi\u00e8ces pr\u00e9fabriqu\u00e9es, les sculptures sur la hutte du chiot sont livr\u00e9es pr\u00eates \u00e0 l&#8217;emploi.  La reconstruction de LA CAPITANA offre non seulement au connaisseur et amateur de vieux navires un mod\u00e8le d&rsquo;une \u00e9l\u00e9gance et d&rsquo;une splendeur incomparables, mais elle s&rsquo;adresse \u00e9galement aux d\u00e9butants qui, gr\u00e2ce aux nombreuses pi\u00e8ces pr\u00e9fabriqu\u00e9es, ont la possibilit\u00e9 d&rsquo;\u00eatre le premier navire \u00e0 \u00eatre un mod\u00e8le d&rsquo;une beaut\u00e9 exquise et restant de grande valeur \u00e0 construire. Le mod\u00e8le ne sait pas flotter!<\/p>\n<p>Le kit de mod\u00e8le contient : des instructions de construction d\u00e9taill\u00e9es avec un plan en 5 langues, des pi\u00e8ces d&rsquo;abachi et de contreplaqu\u00e9 imprim\u00e9s, du bois rond, des lames d&rsquo;abachi, d&rsquo;acajou et de pin, des ponts de bateaux, des voiles, de la soie pour les drapeaux et les auvents, de la colle, etc.<\/p>\n<p>Le set de ferrures doit \u00eatre command\u00e9 s\u00e9par\u00e9ment (no de commande 3255\/01) et comprend: des sculptures sur la marionnette et la maison des marionnettes, une lanterne de poupe, des sangles, des blocs, des taquets, un support avec des klotjes, des canons et bien plus encore&#8230;<\/p>\n<p>Voiles de r\u00e9change 8.99dm\u00b2: AN-3255-02<\/p>\n<p>\u00e9chelle: 1:50<\/p>\n<div style=\"text-align:left\" class=\"wps-pgfw-pdf-generate-icon__wrapper-frontend\">\n\t\t<a href=\"https:\/\/www.speedmodels.ch\/fr\/wp-json\/wp\/v2\/product\/20931\/?action=genpdf&amp;id=20931\" class=\"pgfw-single-pdf-download-button\" target=_blank><img src=\"https:\/\/speedmodels.ch\/wp-content\/uploads\/2021\/09\/pdf_icon.png\" title=\"G\u00e9n\u00e9rer un PDF\" style=\"width:auto; height:45px;\"><\/a>\n\t\t<\/div>","protected":false},"excerpt":{"rendered":"<p>La CAPITANA DI VENETIA \u00e9tait la gal\u00e8re de commandement de l&rsquo;amiral v\u00e9nitien Marco Quirini de la bataille de Leptano le 7 octobre 1571, au cours de laquelle la flotte chr\u00e9tienne sous le commandement de Don Juan d&rsquo;Austrias a vaincu et d\u00e9truit la flotte turque d&rsquo;Ali Pacha. Le mod\u00e8le est une reconstruction \u00e0 l&rsquo;\u00e9chelle 1:50 (construction [&hellip;]<\/p>\n","protected":false},"featured_media":9854,"template":"","meta":[],"product_brand":[],"product_cat":[1713,1710,1822],"product_tag":[],"class_list":{"0":"post-20931","1":"product","2":"type-product","3":"status-publish","4":"has-post-thumbnail","6":"product_cat-bateaux-fr-2","7":"product_cat-modeles","8":"product_cat-modeles-de-stand-historiques","10":"first","11":"instock","12":"shipping-taxable","13":"product-type-simple"},"_links":{"self":[{"href":"https:\/\/www.speedmodels.ch\/fr\/wp-json\/wp\/v2\/product\/20931","targetHints":{"allow":["GET"]}}],"collection":[{"href":"https:\/\/www.speedmodels.ch\/fr\/wp-json\/wp\/v2\/product"}],"about":[{"href":"https:\/\/www.speedmodels.ch\/fr\/wp-json\/wp\/v2\/types\/product"}],"version-history":[{"count":0,"href":"https:\/\/www.speedmodels.ch\/fr\/wp-json\/wp\/v2\/product\/20931\/revisions"}],"wp:featuredmedia":[{"embeddable":true,"href":"https:\/\/www.speedmodels.ch\/fr\/wp-json\/wp\/v2\/media\/9854"}],"wp:attachment":[{"href":"https:\/\/www.speedmodels.ch\/fr\/wp-json\/wp\/v2\/media?parent=20931"}],"wp:term":[{"taxonomy":"product_brand","embeddable":true,"href":"https:\/\/www.speedmodels.ch\/fr\/wp-json\/wp\/v2\/product_brand?post=20931"},{"taxonomy":"product_cat","embeddable":true,"href":"https:\/\/www.speedmodels.ch\/fr\/wp-json\/wp\/v2\/product_cat?post=20931"},{"taxonomy":"product_tag","embeddable":true,"href":"https:\/\/www.speedmodels.ch\/fr\/wp-json\/wp\/v2\/product_tag?post=20931"}],"curies":[{"name":"wp","href":"https:\/\/api.w.org\/{rel}","templated":true}]}}