{"id":20930,"date":"2021-11-25T10:43:11","date_gmt":"2021-11-25T10:43:11","guid":{"rendered":"https:\/\/www.speedmodels.ch\/produkte\/unkategorisiert\/mora-navire-viking\/"},"modified":"2021-11-25T10:43:11","modified_gmt":"2021-11-25T10:43:11","slug":"mora-navire-viking","status":"publish","type":"product","link":"https:\/\/www.speedmodels.ch\/fr\/produits\/modeles\/bateaux-fr-2\/modeles-de-stand-historiques\/mora-navire-viking\/","title":{"rendered":"Mora navire viking"},"content":{"rendered":"<p>Le MORA, techniquement le type le plus parfait de c\u00e9l\u00e8bre navire viking, a \u00e9t\u00e9 construit en Normandie en 1066 et \u00e9tait le navire amiral du Duc Guillaume le Conqu\u00e9rant lors de l&rsquo;invasion historiquement c\u00e9l\u00e8bre de l&rsquo;Angleterre, dont le point culminant fut la bataille d&rsquo;Hastings le 14 octobre 1066. Le mod\u00e8le est une reconstruction exacte (construction \u00e0 cadre) avec de nombreuses pi\u00e8ces pr\u00e9fabriqu\u00e9es. Tous les accessoires sont livr\u00e9s pr\u00eats \u00e0 l&#8217;emploi dans le kit. La reconstruction du Drakkar MORA, qui en apparence suit exactement la c\u00e9l\u00e8bre tapisserie de Bayeux et en construction les r\u00e9sultats des d\u00e9couvertes des navires vikings \u00e0 Oseberg, Gokstad et Roskilde, n&rsquo;est pas seulement plus ancienne pour le connaisseur et l&rsquo;amateur et les beaux navires une t\u00e2che d\u00e9licieuse, il est particuli\u00e8rement destin\u00e9 aux d\u00e9butants. Avec ce navire, une maquette aussi pr\u00e9cise dans les d\u00e9tails que parfaitement belle en apparence est donn\u00e9e \u00e0 la main.<br \/>\nLe kit de mod\u00e8le contient : des instructions de construction d\u00e9taill\u00e9es avec plan de construction, du contreplaqu\u00e9 imprim\u00e9 et perfor\u00e9, des pi\u00e8ces en bois de tilleul et en carton, du bois rond, de l&rsquo;abachi, des lames de noyer et de pin, des voiles, tous les accessoires.<br \/>\nVoile de r\u00e9change 3.92dm\u00b2: AN-3254-02<\/p>\n<div style=\"text-align:left\" class=\"wps-pgfw-pdf-generate-icon__wrapper-frontend\">\n\t\t<a href=\"https:\/\/www.speedmodels.ch\/fr\/wp-json\/wp\/v2\/product\/20930\/?action=genpdf&amp;id=20930\" class=\"pgfw-single-pdf-download-button\" target=_blank><img src=\"https:\/\/speedmodels.ch\/wp-content\/uploads\/2021\/09\/pdf_icon.png\" title=\"G\u00e9n\u00e9rer un PDF\" style=\"width:auto; height:45px;\"><\/a>\n\t\t<\/div>","protected":false},"excerpt":{"rendered":"<p>Le MORA, techniquement le type le plus parfait de c\u00e9l\u00e8bre navire viking, a \u00e9t\u00e9 construit en Normandie en 1066 et \u00e9tait le navire amiral du Duc Guillaume le Conqu\u00e9rant lors de l&rsquo;invasion historiquement c\u00e9l\u00e8bre de l&rsquo;Angleterre, dont le point culminant fut la bataille d&rsquo;Hastings le 14 octobre 1066. Le mod\u00e8le est une reconstruction exacte (construction [&hellip;]<\/p>\n","protected":false},"featured_media":9853,"template":"","meta":[],"product_brand":[],"product_cat":[1713,1710,1822],"product_tag":[],"class_list":{"0":"post-20930","1":"product","2":"type-product","3":"status-publish","4":"has-post-thumbnail","6":"product_cat-bateaux-fr-2","7":"product_cat-modeles","8":"product_cat-modeles-de-stand-historiques","10":"first","11":"instock","12":"shipping-taxable","13":"product-type-simple"},"_links":{"self":[{"href":"https:\/\/www.speedmodels.ch\/fr\/wp-json\/wp\/v2\/product\/20930","targetHints":{"allow":["GET"]}}],"collection":[{"href":"https:\/\/www.speedmodels.ch\/fr\/wp-json\/wp\/v2\/product"}],"about":[{"href":"https:\/\/www.speedmodels.ch\/fr\/wp-json\/wp\/v2\/types\/product"}],"version-history":[{"count":0,"href":"https:\/\/www.speedmodels.ch\/fr\/wp-json\/wp\/v2\/product\/20930\/revisions"}],"wp:featuredmedia":[{"embeddable":true,"href":"https:\/\/www.speedmodels.ch\/fr\/wp-json\/wp\/v2\/media\/9853"}],"wp:attachment":[{"href":"https:\/\/www.speedmodels.ch\/fr\/wp-json\/wp\/v2\/media?parent=20930"}],"wp:term":[{"taxonomy":"product_brand","embeddable":true,"href":"https:\/\/www.speedmodels.ch\/fr\/wp-json\/wp\/v2\/product_brand?post=20930"},{"taxonomy":"product_cat","embeddable":true,"href":"https:\/\/www.speedmodels.ch\/fr\/wp-json\/wp\/v2\/product_cat?post=20930"},{"taxonomy":"product_tag","embeddable":true,"href":"https:\/\/www.speedmodels.ch\/fr\/wp-json\/wp\/v2\/product_tag?post=20930"}],"curies":[{"name":"wp","href":"https:\/\/api.w.org\/{rel}","templated":true}]}}