{"id":20929,"date":"2021-11-25T10:36:25","date_gmt":"2021-11-25T10:36:25","guid":{"rendered":"https:\/\/www.speedmodels.ch\/produkte\/unkategorisiert\/moewe-2-chalutier-de-peche\/"},"modified":"2021-11-25T10:36:25","modified_gmt":"2021-11-25T10:36:25","slug":"moewe-2-chalutier-de-peche","status":"publish","type":"product","link":"https:\/\/www.speedmodels.ch\/fr\/produits\/modeles\/bateaux-fr-2\/bateaux-electriques\/moewe-2-chalutier-de-peche\/","title":{"rendered":"M\u00f6we 2 chalutier de p\u00eache"},"content":{"rendered":"<p>Le M\u00f6we\/mouette 2 a \u00e9t\u00e9 model\u00e9 sur un petit chalutier de p\u00eache de la mer du Nord qui est captur\u00e9 en grand nombre sur les c\u00f4tes locales. De par sa structure simple, la mouette est un mod\u00e8le id\u00e9al pour s&rsquo;initier au mod\u00e9lisme ou pour promouvoir de jeunes talents dans un club.  La mouette est enti\u00e8rement en bois. Tous les composants sont d\u00e9coup\u00e9s avec pr\u00e9cision au laser et ne n\u00e9cessitent donc pratiquement aucune retouche.  La coque est bord\u00e9e d&rsquo;A-TEX, un nouveau mat\u00e9riau de construction unique qui est tr\u00e8s facile \u00e0 travailler et donne \u00e0 la coque la r\u00e9sistance n\u00e9cessaire. Le m\u00e2t, les arbres et le tuyau d&rsquo;\u00e9chappement sont en aluminium et contribuent \u00e0 l&rsquo;apparence attrayante du mod\u00e8le. Le caract\u00e8re prototypique de la mouette est soulign\u00e9 par le treuil \u00e0 filet compos\u00e9 de pi\u00e8ces de contreplaqu\u00e9 d\u00e9coup\u00e9es avec pr\u00e9cision et les trois caisses en bois pour les poissons p\u00each\u00e9s.<\/p>\n<p>Le kit contient: des instructions d\u00e9taill\u00e9es en allemand et anglais, tous les pi\u00e8ces n\u00e9cessaire en contreplaqu\u00e9 et A-TEX, des pi\u00e8ces en alu, le moteur \u00e9lctrique, axe avec h\u00e9lice, gouvernail, drapeau, accerssoires et colle.<\/p>\n<div style=\"text-align:left\" class=\"wps-pgfw-pdf-generate-icon__wrapper-frontend\">\n\t\t<a href=\"https:\/\/www.speedmodels.ch\/fr\/wp-json\/wp\/v2\/product\/20929\/?action=genpdf&amp;id=20929\" class=\"pgfw-single-pdf-download-button\" target=_blank><img src=\"https:\/\/speedmodels.ch\/wp-content\/uploads\/2021\/09\/pdf_icon.png\" title=\"G\u00e9n\u00e9rer un PDF\" style=\"width:auto; height:45px;\"><\/a>\n\t\t<\/div>","protected":false},"excerpt":{"rendered":"<p>Le M\u00f6we\/mouette 2 a \u00e9t\u00e9 model\u00e9 sur un petit chalutier de p\u00eache de la mer du Nord qui est captur\u00e9 en grand nombre sur les c\u00f4tes locales. De par sa structure simple, la mouette est un mod\u00e8le id\u00e9al pour s&rsquo;initier au mod\u00e9lisme ou pour promouvoir de jeunes talents dans un club. La mouette est enti\u00e8rement [&hellip;]<\/p>\n","protected":false},"featured_media":9840,"template":"","meta":[],"product_brand":[],"product_cat":[1713,1714,1715,1821,1710],"product_tag":[],"class_list":{"0":"post-20929","1":"product","2":"type-product","3":"status-publish","4":"has-post-thumbnail","6":"product_cat-bateaux-fr-2","7":"product_cat-bateaux-electriques","8":"product_cat-bateaux-prototypiques","9":"product_cat-jeunesse-fr","10":"product_cat-modeles","12":"first","13":"instock","14":"shipping-taxable","15":"product-type-simple"},"_links":{"self":[{"href":"https:\/\/www.speedmodels.ch\/fr\/wp-json\/wp\/v2\/product\/20929","targetHints":{"allow":["GET"]}}],"collection":[{"href":"https:\/\/www.speedmodels.ch\/fr\/wp-json\/wp\/v2\/product"}],"about":[{"href":"https:\/\/www.speedmodels.ch\/fr\/wp-json\/wp\/v2\/types\/product"}],"version-history":[{"count":0,"href":"https:\/\/www.speedmodels.ch\/fr\/wp-json\/wp\/v2\/product\/20929\/revisions"}],"wp:featuredmedia":[{"embeddable":true,"href":"https:\/\/www.speedmodels.ch\/fr\/wp-json\/wp\/v2\/media\/9840"}],"wp:attachment":[{"href":"https:\/\/www.speedmodels.ch\/fr\/wp-json\/wp\/v2\/media?parent=20929"}],"wp:term":[{"taxonomy":"product_brand","embeddable":true,"href":"https:\/\/www.speedmodels.ch\/fr\/wp-json\/wp\/v2\/product_brand?post=20929"},{"taxonomy":"product_cat","embeddable":true,"href":"https:\/\/www.speedmodels.ch\/fr\/wp-json\/wp\/v2\/product_cat?post=20929"},{"taxonomy":"product_tag","embeddable":true,"href":"https:\/\/www.speedmodels.ch\/fr\/wp-json\/wp\/v2\/product_tag?post=20929"}],"curies":[{"name":"wp","href":"https:\/\/api.w.org\/{rel}","templated":true}]}}