{"id":20926,"date":"2022-06-20T08:02:16","date_gmt":"2022-06-20T08:02:16","guid":{"rendered":"https:\/\/www.speedmodels.ch\/produkte\/unkategorisiert\/remorqueur-a-vapeur-tim\/"},"modified":"2022-06-20T08:02:16","modified_gmt":"2022-06-20T08:02:16","slug":"remorqueur-a-vapeur-tim","status":"publish","type":"product","link":"https:\/\/www.speedmodels.ch\/fr\/produits\/modeles\/bateaux-fr-2\/bateaux-electriques\/remorqueur-a-vapeur-tim\/","title":{"rendered":"Remorqueur \u00e0 vapeur TIM"},"content":{"rendered":"<p>Tim est un remorqueur \u00e0 vapeur du d\u00e9but du XXe si\u00e8cle. Le mod\u00e8le peut \u00eatre construit comme navire de travail ou comme navire mus\u00e9e (avec garde-corps). Le mod\u00e8le impressionne par un vaste ensemble de raccords et des pi\u00e8ces grav\u00e9es de haute qualit\u00e9 en laiton permettent des d\u00e9tails fins du mod\u00e8le.  <\/p>\n<p>Il y a suffisamment d&rsquo;espace pour toute l&rsquo;installation RC dans la coque volumineux. Un g\u00e9n\u00e9rateur de fum\u00e9e peut \u00e9galement \u00eatre install\u00e9 en option. Das Modell kann mit Beleuchtung ausgestattet werden. La chemin\u00e9e est &#8211; comme l&rsquo;original &#8211; pliable et peut \u00eatre pli\u00e9e avec un servo.    Le kit fournit \u00e0 l&rsquo;entra\u00eenement des moteurs \u00e0 balais conventionnels, mais \u00e9galement des rotors externes modernes.<\/p>\n<p>Tim est enti\u00e8rement en bois. Le kit se caract\u00e9rise par l&rsquo;utilisation de la derni\u00e8re technologie laser et un haut degr\u00e9 de pr\u00e9cision. La coque est construite en utilisant une construction \u00e0 \u00e9chine dure et est bord\u00e9e de bois d\u00e9coup\u00e9 au laser avec pr\u00e9cision.  <\/p>\n<p>Le kit contient:<br \/>\nToutes les pi\u00e8ces en bois n\u00e9cessaires \u00e0 la construction, l&rsquo;arbre du navire, le gouvernail, la cale de construction, un jeu de ferrures, des pi\u00e8ces grav\u00e9es et des instructions de construction 3D d\u00e9taill\u00e9es.<\/p>\n<p>\u00e9chelle: 1:20<\/p>\n<div style=\"text-align:left\" class=\"wps-pgfw-pdf-generate-icon__wrapper-frontend\">\n\t\t<a href=\"https:\/\/www.speedmodels.ch\/fr\/wp-json\/wp\/v2\/product\/20926\/?action=genpdf&amp;id=20926\" class=\"pgfw-single-pdf-download-button\" target=_blank><img src=\"https:\/\/speedmodels.ch\/wp-content\/uploads\/2021\/09\/pdf_icon.png\" title=\"G\u00e9n\u00e9rer un PDF\" style=\"width:auto; height:45px;\"><\/a>\n\t\t<\/div>","protected":false},"excerpt":{"rendered":"<p>Tim est un remorqueur \u00e0 vapeur du d\u00e9but du XXe si\u00e8cle. Le mod\u00e8le peut \u00eatre construit comme navire de travail ou comme navire mus\u00e9e (avec garde-corps). Le mod\u00e8le impressionne par un vaste ensemble de raccords et des pi\u00e8ces grav\u00e9es de haute qualit\u00e9 en laiton permettent des d\u00e9tails fins du mod\u00e8le. Il y a suffisamment d&rsquo;espace [&hellip;]<\/p>\n","protected":false},"featured_media":10460,"template":"","meta":[],"product_brand":[],"product_cat":[1713,1714,1715,1710],"product_tag":[],"class_list":{"0":"post-20926","1":"product","2":"type-product","3":"status-publish","4":"has-post-thumbnail","6":"product_cat-bateaux-fr-2","7":"product_cat-bateaux-electriques","8":"product_cat-bateaux-prototypiques","9":"product_cat-modeles","11":"first","12":"instock","13":"shipping-taxable","14":"product-type-simple"},"_links":{"self":[{"href":"https:\/\/www.speedmodels.ch\/fr\/wp-json\/wp\/v2\/product\/20926","targetHints":{"allow":["GET"]}}],"collection":[{"href":"https:\/\/www.speedmodels.ch\/fr\/wp-json\/wp\/v2\/product"}],"about":[{"href":"https:\/\/www.speedmodels.ch\/fr\/wp-json\/wp\/v2\/types\/product"}],"version-history":[{"count":0,"href":"https:\/\/www.speedmodels.ch\/fr\/wp-json\/wp\/v2\/product\/20926\/revisions"}],"wp:featuredmedia":[{"embeddable":true,"href":"https:\/\/www.speedmodels.ch\/fr\/wp-json\/wp\/v2\/media\/10460"}],"wp:attachment":[{"href":"https:\/\/www.speedmodels.ch\/fr\/wp-json\/wp\/v2\/media?parent=20926"}],"wp:term":[{"taxonomy":"product_brand","embeddable":true,"href":"https:\/\/www.speedmodels.ch\/fr\/wp-json\/wp\/v2\/product_brand?post=20926"},{"taxonomy":"product_cat","embeddable":true,"href":"https:\/\/www.speedmodels.ch\/fr\/wp-json\/wp\/v2\/product_cat?post=20926"},{"taxonomy":"product_tag","embeddable":true,"href":"https:\/\/www.speedmodels.ch\/fr\/wp-json\/wp\/v2\/product_tag?post=20926"}],"curies":[{"name":"wp","href":"https:\/\/api.w.org\/{rel}","templated":true}]}}