{"id":20925,"date":"2022-02-15T13:24:01","date_gmt":"2022-02-15T13:24:01","guid":{"rendered":"https:\/\/www.speedmodels.ch\/produkte\/unkategorisiert\/panneau-de-construction-en-balsa\/"},"modified":"2024-10-10T06:46:11","modified_gmt":"2024-10-10T06:46:11","slug":"panneau-de-construction-en-balsa","status":"publish","type":"product","link":"https:\/\/www.speedmodels.ch\/fr\/produits\/outils\/panneau-de-contruction\/panneau-de-construction-en-balsa\/","title":{"rendered":"Panneau de construction en balsa"},"content":{"rendered":"<p><span class=\"navigation_titel_franz\">Panneau de construction en balsa d&rsquo;Aeronaut<\/span><br \/>\nGr\u00e2ce au collage multiple, les panneaux de construction sont droits, sans d\u00e9formation et stables. Id\u00e9al pour la construction d&rsquo;avions \u00e0 nervures, de constructions en treillis de fuselage et bien plus encore&#8230;<br \/>\ndimension: 1200 x 400 mm, \u00e9paisseur 25mm<\/p>\n<div style=\"text-align:left\" class=\"wps-pgfw-pdf-generate-icon__wrapper-frontend\">\n\t\t<a href=\"https:\/\/www.speedmodels.ch\/fr\/wp-json\/wp\/v2\/product\/20925\/?action=genpdf&amp;id=20925\" class=\"pgfw-single-pdf-download-button\" target=_blank><img src=\"https:\/\/speedmodels.ch\/wp-content\/uploads\/2021\/09\/pdf_icon.png\" title=\"G\u00e9n\u00e9rer un PDF\" style=\"width:auto; height:45px;\"><\/a>\n\t\t<\/div>","protected":false},"excerpt":{"rendered":"<p>Panneau de construction en balsa d&rsquo;Aeronaut Gr\u00e2ce au collage multiple, les panneaux de construction sont droits, sans d\u00e9formation et stables. Id\u00e9al pour la construction d&rsquo;avions \u00e0 nervures, de constructions en treillis de fuselage et bien plus encore&#8230; dimension: 1200 x 400 mm, \u00e9paisseur 25mm<\/p>\n","protected":false},"featured_media":10016,"template":"","meta":[],"product_brand":[],"product_cat":[1820],"product_tag":[],"class_list":{"0":"post-20925","1":"product","2":"type-product","3":"status-publish","4":"has-post-thumbnail","6":"product_cat-panneau-de-contruction","8":"first","9":"instock","10":"shipping-taxable","11":"product-type-simple"},"_links":{"self":[{"href":"https:\/\/www.speedmodels.ch\/fr\/wp-json\/wp\/v2\/product\/20925","targetHints":{"allow":["GET"]}}],"collection":[{"href":"https:\/\/www.speedmodels.ch\/fr\/wp-json\/wp\/v2\/product"}],"about":[{"href":"https:\/\/www.speedmodels.ch\/fr\/wp-json\/wp\/v2\/types\/product"}],"version-history":[{"count":1,"href":"https:\/\/www.speedmodels.ch\/fr\/wp-json\/wp\/v2\/product\/20925\/revisions"}],"predecessor-version":[{"id":29212,"href":"https:\/\/www.speedmodels.ch\/fr\/wp-json\/wp\/v2\/product\/20925\/revisions\/29212"}],"wp:featuredmedia":[{"embeddable":true,"href":"https:\/\/www.speedmodels.ch\/fr\/wp-json\/wp\/v2\/media\/10016"}],"wp:attachment":[{"href":"https:\/\/www.speedmodels.ch\/fr\/wp-json\/wp\/v2\/media?parent=20925"}],"wp:term":[{"taxonomy":"product_brand","embeddable":true,"href":"https:\/\/www.speedmodels.ch\/fr\/wp-json\/wp\/v2\/product_brand?post=20925"},{"taxonomy":"product_cat","embeddable":true,"href":"https:\/\/www.speedmodels.ch\/fr\/wp-json\/wp\/v2\/product_cat?post=20925"},{"taxonomy":"product_tag","embeddable":true,"href":"https:\/\/www.speedmodels.ch\/fr\/wp-json\/wp\/v2\/product_tag?post=20925"}],"curies":[{"name":"wp","href":"https:\/\/api.w.org\/{rel}","templated":true}]}}