{"id":20924,"date":"2022-02-22T14:34:45","date_gmt":"2022-02-22T14:34:45","guid":{"rendered":"https:\/\/www.speedmodels.ch\/produkte\/unkategorisiert\/remorqueur-a-vapeur-suedersand\/"},"modified":"2022-02-22T14:34:45","modified_gmt":"2022-02-22T14:34:45","slug":"remorqueur-a-vapeur-suedersand","status":"publish","type":"product","link":"https:\/\/www.speedmodels.ch\/fr\/produits\/modeles\/bateaux-fr-2\/bateaux-electriques\/remorqueur-a-vapeur-suedersand\/","title":{"rendered":"Remorqueur \u00e0 vapeur S\u00fcdersand"},"content":{"rendered":"<p>Le S\u00fcdersand est une maquette \u00e0 l&rsquo;\u00e9chelle 1:20 d&rsquo;un petit remorqueur \u00e0 vapeur typique des remorqueurs des ann\u00e9es 1920 et 1930. Le kit se caract\u00e9rise par l&rsquo;utilisation de la derni\u00e8re technologie laser et un haut degr\u00e9 de pr\u00e9cision.<br \/>\n La coque est en plastique embouti, la superstructure est en pi\u00e8ces de bois d\u00e9coup\u00e9es au laser. Des pi\u00e8ces grav\u00e9es de haute qualit\u00e9 en laiton permettent des d\u00e9tails fins du mod\u00e8le. <\/p>\n<p>Il y a suffisamment d&rsquo;espace pour toute l&rsquo;installation RC dans la coque volumineux. Un g\u00e9n\u00e9rateur de fum\u00e9e peut \u00e9galement \u00eatre install\u00e9 en option.<\/p>\n<p>Le mod\u00e8le peut \u00e9ventuellement \u00eatre \u00e9quip\u00e9 d&rsquo;un \u00e9clairage. La chemin\u00e9e est &#8211; comme l&rsquo;original &#8211; pliable et peut \u00eatre pli\u00e9e avec un servo. Le kit fournit \u00e0 l&rsquo;entra\u00eenement des moteurs \u00e0 balais conventionnels, mais \u00e9galement des rotors externes modernes.<\/p>\n<p>Le kit contient une grande coque en plastique emboutie, des pi\u00e8ces laser en bois, l&rsquo;arbre du navire et l&rsquo;h\u00e9lice du navire, des pi\u00e8ces grav\u00e9es, des accessoires tels que des ventilateurs, une bou\u00e9e de sauvetage, des ailes, des crochets de remorquage, des luminaires et des instructions de montage 3D d\u00e9taill\u00e9es.<br \/>\n\u00e9chelle: 1:25<\/p>\n<div style=\"text-align:left\" class=\"wps-pgfw-pdf-generate-icon__wrapper-frontend\">\n\t\t<a href=\"https:\/\/www.speedmodels.ch\/fr\/wp-json\/wp\/v2\/product\/20924\/?action=genpdf&amp;id=20924\" class=\"pgfw-single-pdf-download-button\" target=_blank><img src=\"https:\/\/speedmodels.ch\/wp-content\/uploads\/2021\/09\/pdf_icon.png\" title=\"G\u00e9n\u00e9rer un PDF\" style=\"width:auto; height:45px;\"><\/a>\n\t\t<\/div>","protected":false},"excerpt":{"rendered":"<p>Le S\u00fcdersand est une maquette \u00e0 l&rsquo;\u00e9chelle 1:20 d&rsquo;un petit remorqueur \u00e0 vapeur typique des remorqueurs des ann\u00e9es 1920 et 1930. Le kit se caract\u00e9rise par l&rsquo;utilisation de la derni\u00e8re technologie laser et un haut degr\u00e9 de pr\u00e9cision. La coque est en plastique embouti, la superstructure est en pi\u00e8ces de bois d\u00e9coup\u00e9es au laser. Des [&hellip;]<\/p>\n","protected":false},"featured_media":10079,"template":"","meta":[],"product_brand":[],"product_cat":[1713,1714,1715],"product_tag":[],"class_list":{"0":"post-20924","1":"product","2":"type-product","3":"status-publish","4":"has-post-thumbnail","6":"product_cat-bateaux-fr-2","7":"product_cat-bateaux-electriques","8":"product_cat-bateaux-prototypiques","10":"first","11":"instock","12":"shipping-taxable","13":"product-type-simple"},"_links":{"self":[{"href":"https:\/\/www.speedmodels.ch\/fr\/wp-json\/wp\/v2\/product\/20924","targetHints":{"allow":["GET"]}}],"collection":[{"href":"https:\/\/www.speedmodels.ch\/fr\/wp-json\/wp\/v2\/product"}],"about":[{"href":"https:\/\/www.speedmodels.ch\/fr\/wp-json\/wp\/v2\/types\/product"}],"version-history":[{"count":0,"href":"https:\/\/www.speedmodels.ch\/fr\/wp-json\/wp\/v2\/product\/20924\/revisions"}],"wp:featuredmedia":[{"embeddable":true,"href":"https:\/\/www.speedmodels.ch\/fr\/wp-json\/wp\/v2\/media\/10079"}],"wp:attachment":[{"href":"https:\/\/www.speedmodels.ch\/fr\/wp-json\/wp\/v2\/media?parent=20924"}],"wp:term":[{"taxonomy":"product_brand","embeddable":true,"href":"https:\/\/www.speedmodels.ch\/fr\/wp-json\/wp\/v2\/product_brand?post=20924"},{"taxonomy":"product_cat","embeddable":true,"href":"https:\/\/www.speedmodels.ch\/fr\/wp-json\/wp\/v2\/product_cat?post=20924"},{"taxonomy":"product_tag","embeddable":true,"href":"https:\/\/www.speedmodels.ch\/fr\/wp-json\/wp\/v2\/product_tag?post=20924"}],"curies":[{"name":"wp","href":"https:\/\/api.w.org\/{rel}","templated":true}]}}