{"id":20829,"date":"2022-04-28T06:41:23","date_gmt":"2022-04-28T06:41:23","guid":{"rendered":"https:\/\/www.speedmodels.ch\/produkte\/unkategorisiert\/accu-lipo-etop-1s-37v-250mah-30c\/"},"modified":"2025-06-05T13:35:20","modified_gmt":"2025-06-05T13:35:20","slug":"accu-lipo-etop-1s-37v-250mah-30c","status":"publish","type":"product","link":"https:\/\/www.speedmodels.ch\/fr\/produits\/fr-akkus-zubehoer\/avions-fr-3\/lipo-1-cellule\/accu-lipo-etop-1s-37v-250mah-30c\/","title":{"rendered":"Accu LiPo ETOP &#8211; 1S (3,7V) &#8211; 250mAh &#8211; 30C"},"content":{"rendered":"<p>Les LiPo d&rsquo;ETOP sont des batteries de haute qualit\u00e9, universellement applicables et peu co\u00fbteuses.<\/p>\n<table style=\"height: 266px\" width=\"390\">\n<tbody>\n<tr>\n<td colspan=\"2\" width=\"304\">\n<h2><strong>fiches t\u00e9chniques<\/strong><\/h2>\n<\/td>\n<\/tr>\n<tr>\n<td><em>type accu:<\/em><\/td>\n<td><strong>cellules LiPo<\/strong><\/td>\n<\/tr>\n<tr>\n<td><em>nombres cellules:<\/em><\/td>\n<td><strong> 1 cellule<\/strong><\/td>\n<\/tr>\n<tr>\n<td><em>tension nominale:<\/em><\/td>\n<td><strong> 3,7 Volt<\/strong><\/td>\n<\/tr>\n<tr>\n<td><em>capacit\u00e9:<\/em><\/td>\n<td> <strong>250 mAh<\/strong><\/td>\n<\/tr>\n<tr>\n<td><em>Prise:<\/em><\/td>\n<td><strong>BEC<\/strong><\/td>\n<\/tr>\n<tr>\n<td><em>connecteur de conversion:<\/em><\/td>\n<td><\/td>\n<\/tr>\n<tr>\n<td><em>poids:<\/em><\/td>\n<td> <strong>16 gr.<\/strong><\/td>\n<\/tr>\n<tr>\n<td><em>dimension:<\/em><\/td>\n<td><strong>19.5 x 38 x 10 mm<\/strong><\/td>\n<\/tr>\n<\/tbody>\n<\/table>\n<p>&nbsp;<\/p>\n<p>Veuillez respecter les consignes de s\u00e9curit\u00e9 lors de l&rsquo;utilisation, de la charge et du stockage des batteries LiPo!<br \/>\nNous recommandons des sacs de s\u00e9curit\u00e9 ou des coffres de s\u00e9curit\u00e9 pour le stockage, le chargement et le transport!<\/p>\n<div style=\"text-align:left\" class=\"wps-pgfw-pdf-generate-icon__wrapper-frontend\">\n\t\t<a href=\"https:\/\/www.speedmodels.ch\/fr\/wp-json\/wp\/v2\/product\/20829\/?action=genpdf&amp;id=20829\" class=\"pgfw-single-pdf-download-button\" target=_blank><img src=\"https:\/\/speedmodels.ch\/wp-content\/uploads\/2021\/09\/pdf_icon.png\" title=\"G\u00e9n\u00e9rer un PDF\" style=\"width:auto; height:45px;\"><\/a>\n\t\t<\/div>","protected":false},"excerpt":{"rendered":"<p>Les LiPo d&rsquo;ETOP sont des batteries de haute qualit\u00e9, universellement applicables et peu co\u00fbteuses. fiches t\u00e9chniques type accu: cellules LiPo nombres cellules: 1 cellule tension nominale: 3,7 Volt capacit\u00e9: 250 mAh Prise: BEC connecteur de conversion: poids: 16 gr. dimension: 19.5 x 38 x 10 mm &nbsp; Veuillez respecter les consignes de s\u00e9curit\u00e9 lors de [&hellip;]<\/p>\n","protected":false},"featured_media":10153,"template":"","meta":[],"product_brand":[],"product_cat":[1499,1763,1769],"product_tag":[],"class_list":{"0":"post-20829","1":"product","2":"type-product","3":"status-publish","4":"has-post-thumbnail","6":"product_cat-fr-akkus-zubehoer","7":"product_cat-avions-fr-3","8":"product_cat-lipo-1-cellule","10":"first","11":"instock","12":"shipping-taxable","13":"product-type-simple"},"_links":{"self":[{"href":"https:\/\/www.speedmodels.ch\/fr\/wp-json\/wp\/v2\/product\/20829","targetHints":{"allow":["GET"]}}],"collection":[{"href":"https:\/\/www.speedmodels.ch\/fr\/wp-json\/wp\/v2\/product"}],"about":[{"href":"https:\/\/www.speedmodels.ch\/fr\/wp-json\/wp\/v2\/types\/product"}],"version-history":[{"count":1,"href":"https:\/\/www.speedmodels.ch\/fr\/wp-json\/wp\/v2\/product\/20829\/revisions"}],"predecessor-version":[{"id":31450,"href":"https:\/\/www.speedmodels.ch\/fr\/wp-json\/wp\/v2\/product\/20829\/revisions\/31450"}],"wp:featuredmedia":[{"embeddable":true,"href":"https:\/\/www.speedmodels.ch\/fr\/wp-json\/wp\/v2\/media\/10153"}],"wp:attachment":[{"href":"https:\/\/www.speedmodels.ch\/fr\/wp-json\/wp\/v2\/media?parent=20829"}],"wp:term":[{"taxonomy":"product_brand","embeddable":true,"href":"https:\/\/www.speedmodels.ch\/fr\/wp-json\/wp\/v2\/product_brand?post=20829"},{"taxonomy":"product_cat","embeddable":true,"href":"https:\/\/www.speedmodels.ch\/fr\/wp-json\/wp\/v2\/product_cat?post=20829"},{"taxonomy":"product_tag","embeddable":true,"href":"https:\/\/www.speedmodels.ch\/fr\/wp-json\/wp\/v2\/product_tag?post=20829"}],"curies":[{"name":"wp","href":"https:\/\/api.w.org\/{rel}","templated":true}]}}