{"id":20816,"date":"2022-05-02T11:51:55","date_gmt":"2022-05-02T11:51:55","guid":{"rendered":"https:\/\/www.speedmodels.ch\/produkte\/unkategorisiert\/accu-lipo-etop-6s-222v-4200mah-35c-2\/"},"modified":"2025-06-05T13:56:21","modified_gmt":"2025-06-05T13:56:21","slug":"accu-lipo-etop-6s-222v-4200mah-35c-2","status":"publish","type":"product","link":"https:\/\/www.speedmodels.ch\/fr\/produits\/fr-akkus-zubehoer\/avions-fr-3\/lipo-6s-cellules\/accu-lipo-etop-6s-222v-4200mah-35c-2\/","title":{"rendered":"Accu LiPo ETOP &#8211; 6S (22,2V) &#8211; 4200mAh &#8211; 35C"},"content":{"rendered":"<p>Les LiPo d&rsquo;ETOP sont des batteries de haute qualit\u00e9, universellement applicables et peu co\u00fbteuses.<\/p>\n<table style=\"height: 266px\" width=\"390\">\n<tbody>\n<tr>\n<td colspan=\"2\" width=\"304\">\n<h2><strong>fiches t\u00e9chniques<\/strong><\/h2>\n<\/td>\n<\/tr>\n<tr>\n<td><em>type accu:<\/em><\/td>\n<td><strong>cellules LiPo<\/strong><\/td>\n<\/tr>\n<tr>\n<td><em>nombres cellules:<\/em><\/td>\n<td><strong>6 cellules<\/strong><\/td>\n<\/tr>\n<tr>\n<td><em>tension nominale:<\/em><\/td>\n<td><strong>22,2 Volt<\/strong><\/td>\n<\/tr>\n<tr>\n<td><em>capacit\u00e9:<\/em><\/td>\n<td><strong>4200 mAh<\/strong><\/td>\n<\/tr>\n<tr>\n<td><em>Prise:<\/em><\/td>\n<td><strong>T-Plug<\/strong><\/td>\n<\/tr>\n<tr>\n<td><em>connecteur de conversion:<\/em><\/td>\n<td><strong>XH<\/strong><\/td>\n<\/tr>\n<tr>\n<td><em>poids:<\/em><\/td>\n<td><strong>554 <\/strong><strong>gr.<\/strong><\/td>\n<\/tr>\n<tr>\n<td><em>dimension:<\/em><\/td>\n<td><strong>133 x 59 x 35 mm<\/strong><\/td>\n<\/tr>\n<\/tbody>\n<\/table>\n<p>&nbsp;<\/p>\n<p>Veuillez respecter les consignes de s\u00e9curit\u00e9 lors de l&rsquo;utilisation, de la charge et du stockage des batteries LiPo!<br \/>\nNous recommandons des sacs de s\u00e9curit\u00e9 ou des coffres de s\u00e9curit\u00e9 pour le stockage, le chargement et le transport!<\/p>\n<div style=\"text-align:left\" class=\"wps-pgfw-pdf-generate-icon__wrapper-frontend\">\n\t\t<a href=\"https:\/\/www.speedmodels.ch\/fr\/wp-json\/wp\/v2\/product\/20816\/?action=genpdf&amp;id=20816\" class=\"pgfw-single-pdf-download-button\" target=_blank><img src=\"https:\/\/speedmodels.ch\/wp-content\/uploads\/2021\/09\/pdf_icon.png\" title=\"G\u00e9n\u00e9rer un PDF\" style=\"width:auto; height:45px;\"><\/a>\n\t\t<\/div>","protected":false},"excerpt":{"rendered":"<p>Les LiPo d&rsquo;ETOP sont des batteries de haute qualit\u00e9, universellement applicables et peu co\u00fbteuses. fiches t\u00e9chniques type accu: cellules LiPo nombres cellules: 6 cellules tension nominale: 22,2 Volt capacit\u00e9: 4200 mAh Prise: T-Plug connecteur de conversion: XH poids: 554 gr. dimension: 133 x 59 x 35 mm &nbsp; Veuillez respecter les consignes de s\u00e9curit\u00e9 lors [&hellip;]<\/p>\n","protected":false},"featured_media":10199,"template":"","meta":[],"product_brand":[],"product_cat":[1499,1763,1767],"product_tag":[],"class_list":{"0":"post-20816","1":"product","2":"type-product","3":"status-publish","4":"has-post-thumbnail","6":"product_cat-fr-akkus-zubehoer","7":"product_cat-avions-fr-3","8":"product_cat-lipo-6s-cellules","10":"first","11":"instock","12":"shipping-taxable","13":"product-type-simple"},"_links":{"self":[{"href":"https:\/\/www.speedmodels.ch\/fr\/wp-json\/wp\/v2\/product\/20816","targetHints":{"allow":["GET"]}}],"collection":[{"href":"https:\/\/www.speedmodels.ch\/fr\/wp-json\/wp\/v2\/product"}],"about":[{"href":"https:\/\/www.speedmodels.ch\/fr\/wp-json\/wp\/v2\/types\/product"}],"version-history":[{"count":1,"href":"https:\/\/www.speedmodels.ch\/fr\/wp-json\/wp\/v2\/product\/20816\/revisions"}],"predecessor-version":[{"id":31460,"href":"https:\/\/www.speedmodels.ch\/fr\/wp-json\/wp\/v2\/product\/20816\/revisions\/31460"}],"wp:featuredmedia":[{"embeddable":true,"href":"https:\/\/www.speedmodels.ch\/fr\/wp-json\/wp\/v2\/media\/10199"}],"wp:attachment":[{"href":"https:\/\/www.speedmodels.ch\/fr\/wp-json\/wp\/v2\/media?parent=20816"}],"wp:term":[{"taxonomy":"product_brand","embeddable":true,"href":"https:\/\/www.speedmodels.ch\/fr\/wp-json\/wp\/v2\/product_brand?post=20816"},{"taxonomy":"product_cat","embeddable":true,"href":"https:\/\/www.speedmodels.ch\/fr\/wp-json\/wp\/v2\/product_cat?post=20816"},{"taxonomy":"product_tag","embeddable":true,"href":"https:\/\/www.speedmodels.ch\/fr\/wp-json\/wp\/v2\/product_tag?post=20816"}],"curies":[{"name":"wp","href":"https:\/\/api.w.org\/{rel}","templated":true}]}}