{"id":20782,"date":"2022-05-05T08:06:41","date_gmt":"2022-05-05T08:06:41","guid":{"rendered":"https:\/\/www.speedmodels.ch\/produkte\/unkategorisiert\/batterie-au-plomp-genesis-7ah-12-volt\/"},"modified":"2022-05-05T08:06:41","modified_gmt":"2022-05-05T08:06:41","slug":"batterie-au-plomp-genesis-7ah-12-volt","status":"publish","type":"product","link":"https:\/\/www.speedmodels.ch\/fr\/produits\/fr-akkus-zubehoer\/bateaux-fr-3\/accu-plomb\/batterie-au-plomp-genesis-7ah-12-volt\/","title":{"rendered":"Batterie au plomp Genesis &#8211; 7Ah \/ 12 Volt"},"content":{"rendered":"<p>Batteries de qualit\u00e9 Genesis pour la caisse de terrin, comme batterie d&rsquo;entra\u00eenement pour les navires ou pour d\u00e9marrer les moteurs V.<\/p>\n<table width=\"291\">\n<tbody>\n<tr>\n<td colspan=\"2\" width=\"291\"><em><strong>fiches t\u00e9chniques<\/strong><\/em><\/td>\n<\/tr>\n<tr>\n<td>type accu:<\/td>\n<td><strong>plomp<\/strong><\/td>\n<\/tr>\n<tr>\n<td>Tension:<\/td>\n<td><strong>12 Volt<\/strong><\/td>\n<\/tr>\n<tr>\n<td>capacit\u00e9:<\/td>\n<td><strong>7 Ah<\/strong><\/td>\n<\/tr>\n<tr>\n<td>hauteur:<\/td>\n<td><strong>93 mm<\/strong><\/td>\n<\/tr>\n<tr>\n<td>largeur:<\/td>\n<td><strong>64 mm<\/strong><\/td>\n<\/tr>\n<tr>\n<td>longueur:<\/td>\n<td><strong>150 mm<\/strong><\/td>\n<\/tr>\n<tr>\n<td>poids:<\/td>\n<td><strong>2424 gr<\/strong><\/td>\n<\/tr>\n<\/tbody>\n<\/table>\n<p>&nbsp;<\/p>\n<div style=\"text-align:left\" class=\"wps-pgfw-pdf-generate-icon__wrapper-frontend\">\n\t\t<a href=\"https:\/\/www.speedmodels.ch\/fr\/wp-json\/wp\/v2\/product\/20782\/?action=genpdf&amp;id=20782\" class=\"pgfw-single-pdf-download-button\" target=_blank><img src=\"https:\/\/speedmodels.ch\/wp-content\/uploads\/2021\/09\/pdf_icon.png\" title=\"G\u00e9n\u00e9rer un PDF\" style=\"width:auto; height:45px;\"><\/a>\n\t\t<\/div>","protected":false},"excerpt":{"rendered":"<p>Batteries de qualit\u00e9 Genesis pour la caisse de terrin, comme batterie d&rsquo;entra\u00eenement pour les navires ou pour d\u00e9marrer les moteurs V. fiches t\u00e9chniques type accu: plomp Tension: 12 Volt capacit\u00e9: 7 Ah hauteur: 93 mm largeur: 64 mm longueur: 150 mm poids: 2424 gr &nbsp;<\/p>\n","protected":false},"featured_media":10228,"template":"","meta":[],"product_brand":[],"product_cat":[1762,1499,1761,1760],"product_tag":[],"class_list":{"0":"post-20782","1":"product","2":"type-product","3":"status-publish","4":"has-post-thumbnail","6":"product_cat-accu-plomb","7":"product_cat-fr-akkus-zubehoer","8":"product_cat-bateaux-fr-3","9":"product_cat-batteries-au-plomb","11":"first","12":"instock","13":"shipping-taxable","14":"product-type-simple"},"_links":{"self":[{"href":"https:\/\/www.speedmodels.ch\/fr\/wp-json\/wp\/v2\/product\/20782","targetHints":{"allow":["GET"]}}],"collection":[{"href":"https:\/\/www.speedmodels.ch\/fr\/wp-json\/wp\/v2\/product"}],"about":[{"href":"https:\/\/www.speedmodels.ch\/fr\/wp-json\/wp\/v2\/types\/product"}],"version-history":[{"count":0,"href":"https:\/\/www.speedmodels.ch\/fr\/wp-json\/wp\/v2\/product\/20782\/revisions"}],"wp:featuredmedia":[{"embeddable":true,"href":"https:\/\/www.speedmodels.ch\/fr\/wp-json\/wp\/v2\/media\/10228"}],"wp:attachment":[{"href":"https:\/\/www.speedmodels.ch\/fr\/wp-json\/wp\/v2\/media?parent=20782"}],"wp:term":[{"taxonomy":"product_brand","embeddable":true,"href":"https:\/\/www.speedmodels.ch\/fr\/wp-json\/wp\/v2\/product_brand?post=20782"},{"taxonomy":"product_cat","embeddable":true,"href":"https:\/\/www.speedmodels.ch\/fr\/wp-json\/wp\/v2\/product_cat?post=20782"},{"taxonomy":"product_tag","embeddable":true,"href":"https:\/\/www.speedmodels.ch\/fr\/wp-json\/wp\/v2\/product_tag?post=20782"}],"curies":[{"name":"wp","href":"https:\/\/api.w.org\/{rel}","templated":true}]}}