{"id":20775,"date":"2022-05-05T07:36:29","date_gmt":"2022-05-05T07:36:29","guid":{"rendered":"https:\/\/www.speedmodels.ch\/produkte\/unkategorisiert\/batterie-au-plomp-enersys-cyclon-5000mah-2-volt\/"},"modified":"2022-05-05T07:36:29","modified_gmt":"2022-05-05T07:36:29","slug":"batterie-au-plomp-enersys-cyclon-5000mah-2-volt","status":"publish","type":"product","link":"https:\/\/www.speedmodels.ch\/fr\/produits\/fr-akkus-zubehoer\/batteries-au-plomb\/batterie-au-plomp-enersys-cyclon-5000mah-2-volt\/","title":{"rendered":"Batterie au plomp Enersys Cyclon &#8211; 5000mAh \/ 2 Volt"},"content":{"rendered":"<p>L&rsquo;accu pour chauffer la pince de bougie.<\/p>\n<table width=\"291\">\n<tbody>\n<tr>\n<td colspan=\"2\" width=\"291\"><em><strong>fiches t\u00e9chniques<\/strong><\/em><\/td>\n<\/tr>\n<tr>\n<td>type accu:<\/td>\n<td><strong>plomp<\/strong><\/td>\n<\/tr>\n<tr>\n<td>Tension:<\/td>\n<td><strong>2 Volt<\/strong><\/td>\n<\/tr>\n<tr>\n<td>capacit\u00e9:<\/td>\n<td><strong>5000 mAh<\/strong><\/td>\n<\/tr>\n<tr>\n<td>hauteur:<\/td>\n<td><strong>72 mm<\/strong><\/td>\n<\/tr>\n<tr>\n<td>diam\u00e8tre:<\/td>\n<td><strong>43 mm<\/strong><\/td>\n<\/tr>\n<tr>\n<td>poids:<\/td>\n<td><strong>360 gr<\/strong><\/td>\n<\/tr>\n<tr>\n<td>connexion:<\/td>\n<td><strong>6,3 mm Faston<\/strong><\/td>\n<\/tr>\n<\/tbody>\n<\/table>\n<p>moins de r\u00e9sistance interne &#8211; production d&rsquo;\u00e9nergie plus \u00e9lev\u00e9e &#8211; meilleure stabilit\u00e9 du cycle &#8211; dur\u00e9e de vie et dur\u00e9e de stockage plus longues &#8211; large plage de temp\u00e9rature &#8211; tr\u00e8s bonne acceptation de charge apr\u00e8s d\u00e9charge profonde ou stockage.<\/p>\n<div style=\"text-align:left\" class=\"wps-pgfw-pdf-generate-icon__wrapper-frontend\">\n\t\t<a href=\"https:\/\/www.speedmodels.ch\/fr\/wp-json\/wp\/v2\/product\/20775\/?action=genpdf&amp;id=20775\" class=\"pgfw-single-pdf-download-button\" target=_blank><img src=\"https:\/\/speedmodels.ch\/wp-content\/uploads\/2021\/09\/pdf_icon.png\" title=\"G\u00e9n\u00e9rer un PDF\" style=\"width:auto; height:45px;\"><\/a>\n\t\t<\/div>","protected":false},"excerpt":{"rendered":"<p>L&rsquo;accu pour chauffer la pince de bougie. fiches t\u00e9chniques type accu: plomp Tension: 2 Volt capacit\u00e9: 5000 mAh hauteur: 72 mm diam\u00e8tre: 43 mm poids: 360 gr connexion: 6,3 mm Faston moins de r\u00e9sistance interne &#8211; production d&rsquo;\u00e9nergie plus \u00e9lev\u00e9e &#8211; meilleure stabilit\u00e9 du cycle &#8211; dur\u00e9e de vie et dur\u00e9e de stockage plus longues [&hellip;]<\/p>\n","protected":false},"featured_media":10220,"template":"","meta":[],"product_brand":[],"product_cat":[1499,1760],"product_tag":[],"class_list":{"0":"post-20775","1":"product","2":"type-product","3":"status-publish","4":"has-post-thumbnail","6":"product_cat-fr-akkus-zubehoer","7":"product_cat-batteries-au-plomb","9":"first","10":"instock","11":"shipping-taxable","12":"product-type-simple"},"_links":{"self":[{"href":"https:\/\/www.speedmodels.ch\/fr\/wp-json\/wp\/v2\/product\/20775","targetHints":{"allow":["GET"]}}],"collection":[{"href":"https:\/\/www.speedmodels.ch\/fr\/wp-json\/wp\/v2\/product"}],"about":[{"href":"https:\/\/www.speedmodels.ch\/fr\/wp-json\/wp\/v2\/types\/product"}],"version-history":[{"count":0,"href":"https:\/\/www.speedmodels.ch\/fr\/wp-json\/wp\/v2\/product\/20775\/revisions"}],"wp:featuredmedia":[{"embeddable":true,"href":"https:\/\/www.speedmodels.ch\/fr\/wp-json\/wp\/v2\/media\/10220"}],"wp:attachment":[{"href":"https:\/\/www.speedmodels.ch\/fr\/wp-json\/wp\/v2\/media?parent=20775"}],"wp:term":[{"taxonomy":"product_brand","embeddable":true,"href":"https:\/\/www.speedmodels.ch\/fr\/wp-json\/wp\/v2\/product_brand?post=20775"},{"taxonomy":"product_cat","embeddable":true,"href":"https:\/\/www.speedmodels.ch\/fr\/wp-json\/wp\/v2\/product_cat?post=20775"},{"taxonomy":"product_tag","embeddable":true,"href":"https:\/\/www.speedmodels.ch\/fr\/wp-json\/wp\/v2\/product_tag?post=20775"}],"curies":[{"name":"wp","href":"https:\/\/api.w.org\/{rel}","templated":true}]}}