{"id":20771,"date":"2022-05-05T08:21:45","date_gmt":"2022-05-05T08:21:45","guid":{"rendered":"https:\/\/www.speedmodels.ch\/produkte\/unkategorisiert\/lipo-safe-bag-4\/"},"modified":"2022-05-05T08:21:45","modified_gmt":"2022-05-05T08:21:45","slug":"lipo-safe-bag-4","status":"publish","type":"product","link":"https:\/\/www.speedmodels.ch\/fr\/produits\/fr-akkus-zubehoer\/batteries-daccessoires\/lipo-safe-bag-4\/","title":{"rendered":"LiPo Safe Bag"},"content":{"rendered":"<p>LiPo-Safe sac avec poign\u00e9e et protection des bords en tissu pour plus de durabilit\u00e9.<\/p>\n<table width=\"291\">\n<tbody>\n<tr>\n<td width=\"164\">hauteur:<\/td>\n<td width=\"127\"><strong>45 mm<\/strong><\/td>\n<\/tr>\n<tr>\n<td>largeur:<\/td>\n<td><strong>155 mm<\/strong><\/td>\n<\/tr>\n<tr>\n<td>longueur:<\/td>\n<td><strong>175 mm<\/strong><\/td>\n<\/tr>\n<tr>\n<td>poids:<\/td>\n<td><strong>100 gr<\/strong><\/td>\n<\/tr>\n<\/tbody>\n<\/table>\n<p>Sac id\u00e9al pour plusieurs accus.<\/p>\n<div style=\"text-align:left\" class=\"wps-pgfw-pdf-generate-icon__wrapper-frontend\">\n\t\t<a href=\"https:\/\/www.speedmodels.ch\/fr\/wp-json\/wp\/v2\/product\/20771\/?action=genpdf&amp;id=20771\" class=\"pgfw-single-pdf-download-button\" target=_blank><img src=\"https:\/\/speedmodels.ch\/wp-content\/uploads\/2021\/09\/pdf_icon.png\" title=\"G\u00e9n\u00e9rer un PDF\" style=\"width:auto; height:45px;\"><\/a>\n\t\t<\/div>","protected":false},"excerpt":{"rendered":"<p>LiPo-Safe sac avec poign\u00e9e et protection des bords en tissu pour plus de durabilit\u00e9. hauteur: 45 mm largeur: 155 mm longueur: 175 mm poids: 100 gr Sac id\u00e9al pour plusieurs accus.<\/p>\n","protected":false},"featured_media":10232,"template":"","meta":[],"product_brand":[],"product_cat":[1499,1501,1759],"product_tag":[],"class_list":{"0":"post-20771","1":"product","2":"type-product","3":"status-publish","4":"has-post-thumbnail","6":"product_cat-fr-akkus-zubehoer","7":"product_cat-batteries-daccessoires","8":"product_cat-safe-bags-fr","10":"first","11":"instock","12":"shipping-taxable","13":"product-type-simple"},"_links":{"self":[{"href":"https:\/\/www.speedmodels.ch\/fr\/wp-json\/wp\/v2\/product\/20771","targetHints":{"allow":["GET"]}}],"collection":[{"href":"https:\/\/www.speedmodels.ch\/fr\/wp-json\/wp\/v2\/product"}],"about":[{"href":"https:\/\/www.speedmodels.ch\/fr\/wp-json\/wp\/v2\/types\/product"}],"version-history":[{"count":0,"href":"https:\/\/www.speedmodels.ch\/fr\/wp-json\/wp\/v2\/product\/20771\/revisions"}],"wp:featuredmedia":[{"embeddable":true,"href":"https:\/\/www.speedmodels.ch\/fr\/wp-json\/wp\/v2\/media\/10232"}],"wp:attachment":[{"href":"https:\/\/www.speedmodels.ch\/fr\/wp-json\/wp\/v2\/media?parent=20771"}],"wp:term":[{"taxonomy":"product_brand","embeddable":true,"href":"https:\/\/www.speedmodels.ch\/fr\/wp-json\/wp\/v2\/product_brand?post=20771"},{"taxonomy":"product_cat","embeddable":true,"href":"https:\/\/www.speedmodels.ch\/fr\/wp-json\/wp\/v2\/product_cat?post=20771"},{"taxonomy":"product_tag","embeddable":true,"href":"https:\/\/www.speedmodels.ch\/fr\/wp-json\/wp\/v2\/product_tag?post=20771"}],"curies":[{"name":"wp","href":"https:\/\/api.w.org\/{rel}","templated":true}]}}