{"id":20769,"date":"2022-05-05T08:27:45","date_gmt":"2022-05-05T08:27:45","guid":{"rendered":"https:\/\/www.speedmodels.ch\/produkte\/unkategorisiert\/lipo-safe-bag-2\/"},"modified":"2022-05-05T08:27:45","modified_gmt":"2022-05-05T08:27:45","slug":"lipo-safe-bag-2","status":"publish","type":"product","link":"https:\/\/www.speedmodels.ch\/fr\/produits\/fr-akkus-zubehoer\/batteries-daccessoires\/lipo-safe-bag-2\/","title":{"rendered":"LiPo Safe Bag"},"content":{"rendered":"<p>LiPo-Safe sac avec poign\u00e9e et protection des bords en tissu pour plus de durabilit\u00e9.<\/p>\n<table width=\"291\">\n<tbody>\n<tr>\n<td width=\"164\">hauteur:<\/td>\n<td width=\"127\"><strong>165 mm<\/strong><\/td>\n<\/tr>\n<tr>\n<td>largeur:<\/td>\n<td><strong>145 mm<\/strong><\/td>\n<\/tr>\n<tr>\n<td>longueur:<\/td>\n<td><strong>215 mm<\/strong><\/td>\n<\/tr>\n<tr>\n<td>poids:<\/td>\n<td><strong>180 gr<\/strong><\/td>\n<\/tr>\n<\/tbody>\n<\/table>\n<p>Sac id\u00e9al pour de plus grandes quantit\u00e9s d&rsquo;accus.<\/p>\n<div style=\"text-align:left\" class=\"wps-pgfw-pdf-generate-icon__wrapper-frontend\">\n\t\t<a href=\"https:\/\/www.speedmodels.ch\/fr\/wp-json\/wp\/v2\/product\/20769\/?action=genpdf&amp;id=20769\" class=\"pgfw-single-pdf-download-button\" target=_blank><img src=\"https:\/\/speedmodels.ch\/wp-content\/uploads\/2021\/09\/pdf_icon.png\" title=\"G\u00e9n\u00e9rer un PDF\" style=\"width:auto; height:45px;\"><\/a>\n\t\t<\/div>","protected":false},"excerpt":{"rendered":"<p>LiPo-Safe sac avec poign\u00e9e et protection des bords en tissu pour plus de durabilit\u00e9. hauteur: 165 mm largeur: 145 mm longueur: 215 mm poids: 180 gr Sac id\u00e9al pour de plus grandes quantit\u00e9s d&rsquo;accus.<\/p>\n","protected":false},"featured_media":10234,"template":"","meta":[],"product_brand":[],"product_cat":[1499,1501,1759],"product_tag":[],"class_list":{"0":"post-20769","1":"product","2":"type-product","3":"status-publish","4":"has-post-thumbnail","6":"product_cat-fr-akkus-zubehoer","7":"product_cat-batteries-daccessoires","8":"product_cat-safe-bags-fr","10":"first","11":"instock","12":"shipping-taxable","13":"product-type-simple"},"_links":{"self":[{"href":"https:\/\/www.speedmodels.ch\/fr\/wp-json\/wp\/v2\/product\/20769","targetHints":{"allow":["GET"]}}],"collection":[{"href":"https:\/\/www.speedmodels.ch\/fr\/wp-json\/wp\/v2\/product"}],"about":[{"href":"https:\/\/www.speedmodels.ch\/fr\/wp-json\/wp\/v2\/types\/product"}],"version-history":[{"count":0,"href":"https:\/\/www.speedmodels.ch\/fr\/wp-json\/wp\/v2\/product\/20769\/revisions"}],"wp:featuredmedia":[{"embeddable":true,"href":"https:\/\/www.speedmodels.ch\/fr\/wp-json\/wp\/v2\/media\/10234"}],"wp:attachment":[{"href":"https:\/\/www.speedmodels.ch\/fr\/wp-json\/wp\/v2\/media?parent=20769"}],"wp:term":[{"taxonomy":"product_brand","embeddable":true,"href":"https:\/\/www.speedmodels.ch\/fr\/wp-json\/wp\/v2\/product_brand?post=20769"},{"taxonomy":"product_cat","embeddable":true,"href":"https:\/\/www.speedmodels.ch\/fr\/wp-json\/wp\/v2\/product_cat?post=20769"},{"taxonomy":"product_tag","embeddable":true,"href":"https:\/\/www.speedmodels.ch\/fr\/wp-json\/wp\/v2\/product_tag?post=20769"}],"curies":[{"name":"wp","href":"https:\/\/api.w.org\/{rel}","templated":true}]}}