{"id":20767,"date":"2022-05-23T09:21:05","date_gmt":"2022-05-23T09:21:05","guid":{"rendered":"https:\/\/www.speedmodels.ch\/produkte\/unkategorisiert\/vernis-de-bateau-et-yacht-250ml\/"},"modified":"2023-10-16T12:19:07","modified_gmt":"2023-10-16T12:19:07","slug":"vernis-de-bateau-et-yacht","status":"publish","type":"product","link":"https:\/\/www.speedmodels.ch\/fr\/produits\/peintures-vernis-colles\/vernis\/vernis-de-bateau\/vernis-de-bateau-et-yacht\/","title":{"rendered":"Vernis de bateau et yacht 250ml"},"content":{"rendered":"<p>La nouvelle peinture pour bateaux et yachts est incolore et brillante. Il convient \u00e0 toutes les peintures neuves et de r\u00e9novation des yachts, bateaux de sport et de plaisance et peut \u00eatre utilis\u00e9 \u00e0 l&rsquo;int\u00e9rieur comme \u00e0 l&rsquo;ext\u00e9rieur. \u00c9galement pour les meubles de jardin en bois lourds et autres objets en bois qui doivent \u00eatre prot\u00e9g\u00e9s contre l&rsquo;humidit\u00e9.<\/p>\n<p>Contenue: 250ml (suffisant pour environ 2,5 m2)<\/p>\n<p>Fiche de donn\u00e9es de s\u00e9curit\u00e9: <a href=\"https:\/\/www.speedmodels.ch\/wp-content\/uploads\/2023\/10\/SDB-mit-Deckblatt-REM-040059-Boots-Yachtlack.pdf\">SDB mit Deckblatt REM-040059 Boots-&amp;Yachtlack<\/a><\/p>\n<div style=\"text-align:left\" class=\"wps-pgfw-pdf-generate-icon__wrapper-frontend\">\n\t\t<a href=\"https:\/\/www.speedmodels.ch\/fr\/wp-json\/wp\/v2\/product\/20767\/?action=genpdf&amp;id=20767\" class=\"pgfw-single-pdf-download-button\" target=_blank><img src=\"https:\/\/speedmodels.ch\/wp-content\/uploads\/2021\/09\/pdf_icon.png\" title=\"G\u00e9n\u00e9rer un PDF\" style=\"width:auto; height:45px;\"><\/a>\n\t\t<\/div>","protected":false},"excerpt":{"rendered":"<p>La nouvelle peinture pour bateaux et yachts est incolore et brillante. Il convient \u00e0 toutes les peintures neuves et de r\u00e9novation des yachts, bateaux de sport et de plaisance et peut \u00eatre utilis\u00e9 \u00e0 l&rsquo;int\u00e9rieur comme \u00e0 l&rsquo;ext\u00e9rieur. \u00c9galement pour les meubles de jardin en bois lourds et autres objets en bois qui doivent \u00eatre [&hellip;]<\/p>\n","protected":false},"featured_media":10268,"template":"","meta":[],"product_brand":[],"product_cat":[1750,1757,1758],"product_tag":[],"class_list":{"0":"post-20767","1":"product","2":"type-product","3":"status-publish","4":"has-post-thumbnail","6":"product_cat-peintures-vernis-colles","7":"product_cat-vernis","8":"product_cat-vernis-de-bateau","10":"first","11":"instock","12":"shipping-taxable","13":"product-type-simple"},"_links":{"self":[{"href":"https:\/\/www.speedmodels.ch\/fr\/wp-json\/wp\/v2\/product\/20767","targetHints":{"allow":["GET"]}}],"collection":[{"href":"https:\/\/www.speedmodels.ch\/fr\/wp-json\/wp\/v2\/product"}],"about":[{"href":"https:\/\/www.speedmodels.ch\/fr\/wp-json\/wp\/v2\/types\/product"}],"version-history":[{"count":0,"href":"https:\/\/www.speedmodels.ch\/fr\/wp-json\/wp\/v2\/product\/20767\/revisions"}],"wp:featuredmedia":[{"embeddable":true,"href":"https:\/\/www.speedmodels.ch\/fr\/wp-json\/wp\/v2\/media\/10268"}],"wp:attachment":[{"href":"https:\/\/www.speedmodels.ch\/fr\/wp-json\/wp\/v2\/media?parent=20767"}],"wp:term":[{"taxonomy":"product_brand","embeddable":true,"href":"https:\/\/www.speedmodels.ch\/fr\/wp-json\/wp\/v2\/product_brand?post=20767"},{"taxonomy":"product_cat","embeddable":true,"href":"https:\/\/www.speedmodels.ch\/fr\/wp-json\/wp\/v2\/product_cat?post=20767"},{"taxonomy":"product_tag","embeddable":true,"href":"https:\/\/www.speedmodels.ch\/fr\/wp-json\/wp\/v2\/product_tag?post=20767"}],"curies":[{"name":"wp","href":"https:\/\/api.w.org\/{rel}","templated":true}]}}