{"id":20764,"date":"2022-05-23T09:37:51","date_gmt":"2022-05-23T09:37:51","guid":{"rendered":"https:\/\/www.speedmodels.ch\/produkte\/unkategorisiert\/enduit-transparent-100ml\/"},"modified":"2025-02-10T10:23:19","modified_gmt":"2025-02-10T10:23:19","slug":"enduit-transparent","status":"publish","type":"product","link":"https:\/\/www.speedmodels.ch\/fr\/produits\/peintures-vernis-colles\/vernis\/enduit\/enduit-transparent\/","title":{"rendered":"Enduit transparent 100ml"},"content":{"rendered":"<p>Enduit transparent pour les aviosn de mod\u00e9lisme.<\/p>\n<p>Veuillez vous assurer que le rev\u00eatement \u00e0 traiter ne pr\u00e9sente pas de taches d&rsquo;huile ou d&rsquo;autres salissures. La peinture doit bien saturer le tissu avec la premi\u00e8re couche. Avant d&rsquo;appliquer d&rsquo;autres couches, la pr\u00e9c\u00e9dente doit \u00eatre compl\u00e8tement s\u00e8che et durcie. Plusieures couches augmentent l&rsquo;\u00e9lasticit\u00e9. La temp\u00e9rature ambiante doit \u00eatre d&rsquo;au moins 18-20\u00b0C.<\/p>\n<p>Contenue: 100ml<\/p>\n<p>Fiche de donn\u00e9es de s\u00e9curit\u00e9: <a href=\"https:\/\/www.speedmodels.ch\/wp-content\/uploads\/2023\/10\/SDB-mit-Deckblatt-REM-040041-40042-40043.pdf\">SDB mit Deckblatt REM-040041-40042-40043<\/a><\/p>\n<div style=\"text-align:left\" class=\"wps-pgfw-pdf-generate-icon__wrapper-frontend\">\n\t\t<a href=\"https:\/\/www.speedmodels.ch\/fr\/wp-json\/wp\/v2\/product\/20764\/?action=genpdf&amp;id=20764\" class=\"pgfw-single-pdf-download-button\" target=_blank><img src=\"https:\/\/speedmodels.ch\/wp-content\/uploads\/2021\/09\/pdf_icon.png\" title=\"G\u00e9n\u00e9rer un PDF\" style=\"width:auto; height:45px;\"><\/a>\n\t\t<\/div>","protected":false},"excerpt":{"rendered":"<p>Enduit transparent pour les aviosn de mod\u00e9lisme. Veuillez vous assurer que le rev\u00eatement \u00e0 traiter ne pr\u00e9sente pas de taches d&rsquo;huile ou d&rsquo;autres salissures. La peinture doit bien saturer le tissu avec la premi\u00e8re couche. Avant d&rsquo;appliquer d&rsquo;autres couches, la pr\u00e9c\u00e9dente doit \u00eatre compl\u00e8tement s\u00e8che et durcie. Plusieures couches augmentent l&rsquo;\u00e9lasticit\u00e9. La temp\u00e9rature ambiante doit [&hellip;]<\/p>\n","protected":false},"featured_media":10266,"template":"","meta":[],"product_brand":[],"product_cat":[1508,1755,1756,1586,1750],"product_tag":[],"class_list":{"0":"post-20764","1":"product","2":"type-product","3":"status-publish","4":"has-post-thumbnail","6":"product_cat-accessoires-pour-l-entoilage","7":"product_cat-enduit","8":"product_cat-enduit-diluant","9":"product_cat-film-couverture-decor","10":"product_cat-peintures-vernis-colles","12":"first","13":"instock","14":"shipping-taxable","15":"product-type-simple"},"_links":{"self":[{"href":"https:\/\/www.speedmodels.ch\/fr\/wp-json\/wp\/v2\/product\/20764","targetHints":{"allow":["GET"]}}],"collection":[{"href":"https:\/\/www.speedmodels.ch\/fr\/wp-json\/wp\/v2\/product"}],"about":[{"href":"https:\/\/www.speedmodels.ch\/fr\/wp-json\/wp\/v2\/types\/product"}],"version-history":[{"count":1,"href":"https:\/\/www.speedmodels.ch\/fr\/wp-json\/wp\/v2\/product\/20764\/revisions"}],"predecessor-version":[{"id":29573,"href":"https:\/\/www.speedmodels.ch\/fr\/wp-json\/wp\/v2\/product\/20764\/revisions\/29573"}],"wp:featuredmedia":[{"embeddable":true,"href":"https:\/\/www.speedmodels.ch\/fr\/wp-json\/wp\/v2\/media\/10266"}],"wp:attachment":[{"href":"https:\/\/www.speedmodels.ch\/fr\/wp-json\/wp\/v2\/media?parent=20764"}],"wp:term":[{"taxonomy":"product_brand","embeddable":true,"href":"https:\/\/www.speedmodels.ch\/fr\/wp-json\/wp\/v2\/product_brand?post=20764"},{"taxonomy":"product_cat","embeddable":true,"href":"https:\/\/www.speedmodels.ch\/fr\/wp-json\/wp\/v2\/product_cat?post=20764"},{"taxonomy":"product_tag","embeddable":true,"href":"https:\/\/www.speedmodels.ch\/fr\/wp-json\/wp\/v2\/product_tag?post=20764"}],"curies":[{"name":"wp","href":"https:\/\/api.w.org\/{rel}","templated":true}]}}