{"id":20763,"date":"2022-05-23T13:19:14","date_gmt":"2022-05-23T13:19:14","guid":{"rendered":"https:\/\/www.speedmodels.ch\/produkte\/unkategorisiert\/enduit-transparent-1000ccm\/"},"modified":"2025-02-06T10:57:15","modified_gmt":"2025-02-06T10:57:15","slug":"enduit-transparent-7","status":"publish","type":"product","link":"https:\/\/www.speedmodels.ch\/fr\/produits\/peintures-vernis-colles\/vernis\/enduit\/enduit-transparent-7\/","title":{"rendered":"Enduit transparent 1000ccm"},"content":{"rendered":"<p>Enduit transparent pour les aviosn de mod\u00e9lisme. Vernis d&rsquo;impr\u00e9gnation pour par exemple recouvrir du papier ou du balsa. Une bonne aptitude \u00e0 l&rsquo;\u00e9talement peut \u00eatre obtenue avec un diluant nitro.<\/p>\n<p>Veuillez vous assurer que le rev\u00eatement \u00e0 traiter ne pr\u00e9sente pas de taches d&rsquo;huile ou d&rsquo;autres salissures. La peinture doit bien saturer le tissu avec la premi\u00e8re couche. Avant d&rsquo;appliquer d&rsquo;autres couches, la pr\u00e9c\u00e9dente doit \u00eatre compl\u00e8tement s\u00e8che et durcie. Plusieures couches augmentent l&rsquo;\u00e9lasticit\u00e9.<\/p>\n<p>Contenue: 1000ml<\/p>\n<p><a href=\"https:\/\/www.speedmodels.ch\/wp-content\/uploads\/2023\/10\/SDB-mit-Deckblatt-AN-7670-xx-Spannlack.pdf\">Fiche de donn\u00e9es de s\u00e9curit\u00e9: Fiche avec feuille de couverture AN-7670-xx enduit<\/a><\/p>\n<div style=\"text-align:left\" class=\"wps-pgfw-pdf-generate-icon__wrapper-frontend\">\n\t\t<a href=\"https:\/\/www.speedmodels.ch\/fr\/wp-json\/wp\/v2\/product\/20763\/?action=genpdf&amp;id=20763\" class=\"pgfw-single-pdf-download-button\" target=_blank><img src=\"https:\/\/speedmodels.ch\/wp-content\/uploads\/2021\/09\/pdf_icon.png\" title=\"G\u00e9n\u00e9rer un PDF\" style=\"width:auto; height:45px;\"><\/a>\n\t\t<\/div>","protected":false},"excerpt":{"rendered":"<p>Enduit transparent pour les aviosn de mod\u00e9lisme. Vernis d&rsquo;impr\u00e9gnation pour par exemple recouvrir du papier ou du balsa. Une bonne aptitude \u00e0 l&rsquo;\u00e9talement peut \u00eatre obtenue avec un diluant nitro. Veuillez vous assurer que le rev\u00eatement \u00e0 traiter ne pr\u00e9sente pas de taches d&rsquo;huile ou d&rsquo;autres salissures. La peinture doit bien saturer le tissu avec [&hellip;]<\/p>\n","protected":false},"featured_media":10263,"template":"","meta":[],"product_brand":[],"product_cat":[1508,1755,1756,1586,1750],"product_tag":[],"class_list":{"0":"post-20763","1":"product","2":"type-product","3":"status-publish","4":"has-post-thumbnail","6":"product_cat-accessoires-pour-l-entoilage","7":"product_cat-enduit","8":"product_cat-enduit-diluant","9":"product_cat-film-couverture-decor","10":"product_cat-peintures-vernis-colles","12":"first","13":"instock","14":"shipping-taxable","15":"product-type-simple"},"_links":{"self":[{"href":"https:\/\/www.speedmodels.ch\/fr\/wp-json\/wp\/v2\/product\/20763","targetHints":{"allow":["GET"]}}],"collection":[{"href":"https:\/\/www.speedmodels.ch\/fr\/wp-json\/wp\/v2\/product"}],"about":[{"href":"https:\/\/www.speedmodels.ch\/fr\/wp-json\/wp\/v2\/types\/product"}],"version-history":[{"count":1,"href":"https:\/\/www.speedmodels.ch\/fr\/wp-json\/wp\/v2\/product\/20763\/revisions"}],"predecessor-version":[{"id":29468,"href":"https:\/\/www.speedmodels.ch\/fr\/wp-json\/wp\/v2\/product\/20763\/revisions\/29468"}],"wp:featuredmedia":[{"embeddable":true,"href":"https:\/\/www.speedmodels.ch\/fr\/wp-json\/wp\/v2\/media\/10263"}],"wp:attachment":[{"href":"https:\/\/www.speedmodels.ch\/fr\/wp-json\/wp\/v2\/media?parent=20763"}],"wp:term":[{"taxonomy":"product_brand","embeddable":true,"href":"https:\/\/www.speedmodels.ch\/fr\/wp-json\/wp\/v2\/product_brand?post=20763"},{"taxonomy":"product_cat","embeddable":true,"href":"https:\/\/www.speedmodels.ch\/fr\/wp-json\/wp\/v2\/product_cat?post=20763"},{"taxonomy":"product_tag","embeddable":true,"href":"https:\/\/www.speedmodels.ch\/fr\/wp-json\/wp\/v2\/product_tag?post=20763"}],"curies":[{"name":"wp","href":"https:\/\/api.w.org\/{rel}","templated":true}]}}